{"id":57308,"date":"2023-10-13T13:58:46","date_gmt":"2023-10-13T11:58:46","guid":{"rendered":"https:\/\/peach-pump.com\/products\/colani-grosi-modelatori-de-culoare-albastru-inchis\/"},"modified":"2026-03-18T11:44:14","modified_gmt":"2026-03-18T09:44:14","slug":"modelatori-colanti-grosi-albastru-inchis","status":"publish","type":"product","link":"https:\/\/peach-pump.com\/ro\/products\/modelatori-colanti-grosi-albastru-inchis\/","title":{"rendered":"Colani gro\u0219i modelatori de culoare albastru \u00eenchis"},"content":{"rendered":"<p>Colan\u021bi gro\u0219i modelatori din \u021bes\u0103tur\u0103 respirabil\u0103 de culoare albastru \u00eenchis. Colan\u021bii sunt confec\u021biona\u021bi din \u021bes\u0103tur\u0103 rips, cu talie \u00eenalt\u0103, mai gro\u0219i, ideali pentru zilele mai reci de toamn\u0103 \u0219i iarn\u0103. Modelul are o centur\u0103 larg\u0103, model\u00e2nd \u0219i ridic\u00e2nd efectul de Push Up, care este at\u00e2t de tipic pentru marca noastr\u0103. Te vei \u00eendr\u0103gosti de ace\u0219ti colan\u021bi, de moliciunea lor, de c\u0103ldura \u0219i de modul \u00een care \u00ee\u021bi sculpteaz\u0103 silueta. Modelul poate fi asortat cu o bluz\u0103 sau o bustier\u0103, vezi sugestiile noastre.<\/p>\n<ul>\n<li> Talie \u00eenalt\u0103<\/li>\n<li> \u021aes\u0103tur\u0103 rips, f\u0103r\u0103 cus\u0103turi<\/li>\n<li> Ridic\u0103, modeleaz\u0103, ascunde zonele cu probleme<\/li>\n<li> Materie mai dens\u0103<\/li>\n<li> Centur\u0103 rips care str\u00e2nge talia<\/li>\n<li> Efect Peachy<\/li>\n<li> F\u0103r\u0103 cus\u0103tur\u0103 \u00een fa\u021b\u0103<\/li>\n<li> Logo Peach Pump sigilat termic pe partea din spate a colan\u021bilor<\/li>\n<li> \u021aes\u0103tur\u0103 pentru eliminarea transpira\u021biei<\/li>\n<\/ul>\n<p>Compozi\u021bie: 80% poliester 20% spandex.<\/p>\n<p>Colan\u021bii pot fi sp\u0103la\u021bi la o temperatur\u0103 de p\u00e2n\u0103 la 30 de grade , v\u0103 rug\u0103m s\u0103 nu folosi\u021bi \u00een\u0103lbitor sau cur\u0103\u021bare uscat\u0103.<\/p>\n<p>Modelul din imagine are o \u00een\u0103l\u021bime de 178 cm, c\u00e2nt\u0103re\u0219te 54 kg \u0219i pozeaz\u0103 \u00een m\u0103rimea M.<\/p>\n<p>V\u0103 rug\u0103m s\u0103 utiliza\u021bi tabelele pentru a selecta dimensiunea exact\u0103.<\/p>\n","protected":false},"excerpt":{"rendered":"<p>Colan\u021bi gro\u0219i modelatori din \u021bes\u0103tur\u0103 respirabil\u0103 de culoare albastru \u00eenchis. Colan\u021bii sunt confec\u021biona\u021bi din \u021bes\u0103tur\u0103 rips, cu talie \u00eenalt\u0103, mai gro\u0219i, ideali pentru zilele mai reci de toamn\u0103 \u0219i iarn\u0103. Modelul are o centur\u0103 larg\u0103, model\u00e2nd \u0219i ridic\u00e2nd efectul de Push Up, care este at\u00e2t de tipic pentru marca noastr\u0103. Te vei \u00eendr\u0103gosti de ace\u0219ti [&hellip;]<\/p>\n","protected":false},"featured_media":54704,"comment_status":"open","ping_status":"closed","template":"","meta":[],"product_brand":[],"product_cat":[146,310],"product_tag":[],"class_list":{"0":"post-57308","1":"product","2":"type-product","3":"status-publish","4":"has-post-thumbnail","6":"product_cat-colanti-de-dama-sport","7":"product_cat-colanti-pentru-femei-lungi","8":"pa_cviat-albastru-inchis","9":"pa_razmer-l-ro-2","10":"pa_razmer-m-ro","11":"pa_razmer-s-ro-2","12":"inventories-world","13":"inventories-uk","15":"first","16":"outofstock","17":"taxable","18":"shipping-taxable","19":"purchasable","20":"product-type-variable"},"_links":{"self":[{"href":"https:\/\/peach-pump.com\/en\/wp-json\/wp\/v2\/product\/57308","targetHints":{"allow":["GET"]}}],"collection":[{"href":"https:\/\/peach-pump.com\/en\/wp-json\/wp\/v2\/product"}],"about":[{"href":"https:\/\/peach-pump.com\/en\/wp-json\/wp\/v2\/types\/product"}],"replies":[{"embeddable":true,"href":"https:\/\/peach-pump.com\/en\/wp-json\/wp\/v2\/comments?post=57308"}],"version-history":[{"count":0,"href":"https:\/\/peach-pump.com\/en\/wp-json\/wp\/v2\/product\/57308\/revisions"}],"wp:featuredmedia":[{"embeddable":true,"href":"https:\/\/peach-pump.com\/en\/wp-json\/wp\/v2\/media\/54704"}],"wp:attachment":[{"href":"https:\/\/peach-pump.com\/en\/wp-json\/wp\/v2\/media?parent=57308"}],"wp:term":[{"taxonomy":"product_brand","embeddable":true,"href":"https:\/\/peach-pump.com\/en\/wp-json\/wp\/v2\/product_brand?post=57308"},{"taxonomy":"product_cat","embeddable":true,"href":"https:\/\/peach-pump.com\/en\/wp-json\/wp\/v2\/product_cat?post=57308"},{"taxonomy":"product_tag","embeddable":true,"href":"https:\/\/peach-pump.com\/en\/wp-json\/wp\/v2\/product_tag?post=57308"}],"curies":[{"name":"wp","href":"https:\/\/api.w.org\/{rel}","templated":true}]}}