{"id":47322,"date":"2023-07-05T22:17:50","date_gmt":"2023-07-05T20:17:50","guid":{"rendered":"https:\/\/peach-pump.com\/products\/colanti-de-dama-sport-roz-cu-talie-inalta\/"},"modified":"2024-07-28T11:43:32","modified_gmt":"2024-07-28T09:43:32","slug":"roz-sport-dama-colanti-talie-inalta","status":"publish","type":"product","link":"https:\/\/peach-pump.com\/ro\/products\/roz-sport-dama-colanti-talie-inalta\/","title":{"rendered":"Colan\u021bi de dam\u0103 sport roz cu talie \u00eenalt\u0103"},"content":{"rendered":"<p>Colan\u021bi de dam\u0103 sport f\u0103r\u0103 cus\u0103turi \u00een roz fucsia. Colan\u021bii au elasticitate mare, au o centur\u0103 lat\u0103 rips \u0219i modeleaz\u0103 talia, str\u00e2ng\u00e2nd u\u0219or \u0219i stabiliz\u00e2nd mijlocul \u00een timpul exerci\u021biilor fizice. Acest model este foarte spectaculos datorit\u0103 elementelor rips de-a lungul lungimii, este una dintre cele mai recente tendin\u021be ale modei \u00een materie de \u00eembr\u0103c\u0103minte sport &#8211; modeleaz\u0103, ascunde zonele cu probleme \u0219i creeaz\u0103 un sentiment de confort \u0219i \u00eencredere \u00een sine. Modelul poate fi combinat cu o bustier\u0103 cu acela\u0219i model, pute\u021bi vedea diferitele combina\u021bii de culori \u00een sec\u021biunea &#8220;Seturi sport&#8221;.<\/p>\n<ul>\n<li>Talie \u00eenalt\u0103<\/li>\n<li>\u021aes\u0103tur\u0103 f\u0103r\u0103 cus\u0103turi<\/li>\n<li>Rips pe lungimea colan\u021bilor<\/li>\n<li>Ridic\u0103, modeleaz\u0103, ascunde zonele cu probleme<\/li>\n<li>Centur\u0103 rips care str\u00e2nge talia<\/li>\n<li>Efect Peachy<\/li>\n<li>F\u0103r\u0103 cus\u0103tur\u0103 \u00een fa\u021b\u0103<\/li>\n<li>Logo Peach Pump sigilat termic pe partea din spate a colan\u021bilor<\/li>\n<li>Tehnologia de eliminare a transpira\u021biei<\/li>\n<\/ul>\n<p>Compozi\u021bie: 80% poliester 20% spandex.<\/p>\n<p>Colan\u021bii pot fi sp\u0103la\u021bi la temperaturi de p\u00e2n\u0103 la 30 de grade, v\u0103 rug\u0103m s\u0103 nu folosi\u021bi \u00een\u0103lbitor sau cur\u0103\u021bare uscat\u0103.<\/p>\n<p>Modelul din imagine are o \u00een\u0103l\u021bime de 178 cm, c\u00e2nt\u0103re\u0219te 54 kg \u0219i pozeaz\u0103 \u00een m\u0103rimea S.<\/p>\n<p>V\u0103 rug\u0103m s\u0103 utiliza\u021bi tabelele pentru a selecta dimensiunea exact\u0103.<\/p>\n","protected":false},"excerpt":{"rendered":"<p>Colan\u021bi de dam\u0103 sport f\u0103r\u0103 cus\u0103turi \u00een roz fucsia. Colan\u021bii au elasticitate mare, au o centur\u0103 lat\u0103 rips \u0219i modeleaz\u0103 talia, str\u00e2ng\u00e2nd u\u0219or \u0219i stabiliz\u00e2nd mijlocul \u00een timpul exerci\u021biilor fizice. Acest model este foarte spectaculos datorit\u0103 elementelor rips de-a lungul lungimii, este una dintre cele mai recente tendin\u021be ale modei \u00een materie de \u00eembr\u0103c\u0103minte sport [&hellip;]<\/p>\n","protected":false},"featured_media":55544,"comment_status":"open","ping_status":"closed","template":"","meta":[],"product_brand":[],"product_cat":[146,310],"product_tag":[],"class_list":{"0":"post-47322","1":"product","2":"type-product","3":"status-publish","4":"has-post-thumbnail","6":"product_cat-colanti-de-dama-sport","7":"product_cat-colanti-pentru-femei-lungi","8":"pa_cviat-roz-ro","9":"pa_razmer-l-ro-2","10":"pa_razmer-m-ro","11":"pa_razmer-s-ro-2","13":"first","14":"outofstock","15":"taxable","16":"shipping-taxable","17":"purchasable","18":"product-type-variable"},"_links":{"self":[{"href":"https:\/\/peach-pump.com\/en\/wp-json\/wp\/v2\/product\/47322","targetHints":{"allow":["GET"]}}],"collection":[{"href":"https:\/\/peach-pump.com\/en\/wp-json\/wp\/v2\/product"}],"about":[{"href":"https:\/\/peach-pump.com\/en\/wp-json\/wp\/v2\/types\/product"}],"replies":[{"embeddable":true,"href":"https:\/\/peach-pump.com\/en\/wp-json\/wp\/v2\/comments?post=47322"}],"version-history":[{"count":0,"href":"https:\/\/peach-pump.com\/en\/wp-json\/wp\/v2\/product\/47322\/revisions"}],"wp:featuredmedia":[{"embeddable":true,"href":"https:\/\/peach-pump.com\/en\/wp-json\/wp\/v2\/media\/55544"}],"wp:attachment":[{"href":"https:\/\/peach-pump.com\/en\/wp-json\/wp\/v2\/media?parent=47322"}],"wp:term":[{"taxonomy":"product_brand","embeddable":true,"href":"https:\/\/peach-pump.com\/en\/wp-json\/wp\/v2\/product_brand?post=47322"},{"taxonomy":"product_cat","embeddable":true,"href":"https:\/\/peach-pump.com\/en\/wp-json\/wp\/v2\/product_cat?post=47322"},{"taxonomy":"product_tag","embeddable":true,"href":"https:\/\/peach-pump.com\/en\/wp-json\/wp\/v2\/product_tag?post=47322"}],"curies":[{"name":"wp","href":"https:\/\/api.w.org\/{rel}","templated":true}]}}