{"id":47300,"date":"2023-07-21T12:25:41","date_gmt":"2023-07-21T10:25:41","guid":{"rendered":"https:\/\/peach-pump.com\/products\/bustiera-sport-in-culoarea-albastra-twisted\/"},"modified":"2025-04-05T10:00:43","modified_gmt":"2025-04-05T08:00:43","slug":"sport-impletita-bustiera-albastra","status":"publish","type":"product","link":"https:\/\/peach-pump.com\/ro\/products\/sport-impletita-bustiera-albastra\/","title":{"rendered":"Bustier\u0103 sport \u00een culoarea albastr\u0103 &#8220;Twisted&#8221;"},"content":{"rendered":"<p>Bustier\u0103 sport cu c\u0103ptu\u0219eal\u0103 Twisted, de culoare albastr\u0103. Acest model este ideal pentru zilele c\u0103lduroase de var\u0103, modelul este c\u0103ptu\u0219it \u0219i ofer\u0103 libertate total\u0103 de mi\u0219care. Spatele are un design interesant \u0219i o \u021bes\u0103tur\u0103 respirabil\u0103. Poate fi asortat cu colan\u021bi \u00een acela\u0219i model. V\u0103 rug\u0103m s\u0103 c\u0103uta\u021bi sub &#8220;\u00cembr\u0103c\u0103minte sport cu jambiere scurte&#8221; (modelul este o \u021bes\u0103tur\u0103 mai str\u00e2ns\u0103)  <\/p>\n<ul>\n<li>C\u0103ptu\u0219eal\u0103 \u00eencorporat\u0103<\/li>\n<li>Efect Push-Up<\/li>\n<li>Spate \u00eencruci\u0219at<\/li>\n<li>Design de var\u0103<\/li>\n<li>Logo Peach Pump sigilat termic pe partea din fa\u021b\u0103 a bustierei<\/li>\n<li>\u021aes\u0103tur\u0103 pentru a \u00eendep\u0103rta umezeala de pe corp<\/li>\n<\/ul>\n<p> Compozi\u021bie: 80% poliester 20% spandex<br \/>Bustiera poate fi sp\u0103lat\u0103 la temperaturi de p\u00e2n\u0103 la 30 de grade, v\u0103 rug\u0103m s\u0103 nu folosi\u021bi \u00een\u0103lbitor sau cur\u0103\u021bare uscat\u0103. Modelul din imagine are 165 cm \u00een\u0103l\u021bime, c\u00e2nt\u0103re\u0219te 54 kg \u0219i pozeaz\u0103 \u00een m\u0103rimea M. V\u0103 rug\u0103m s\u0103 folosi\u021bi graficele pentru a alege o m\u0103rime exact\u0103.  \t\t<div id=\"sbi_mod_error\" >\n\t\t\t<span>This error message is only visible to WordPress admins<\/span><br\/>\n\t\t\t<p><strong>Error: No connected account.<\/strong>\n\t\t\t<p>Please go to the Instagram Feed settings page to connect an account.<\/p>\n\t\t<\/div>\n\t\t<\/p>\n","protected":false},"excerpt":{"rendered":"<p>Bustier\u0103 sport cu c\u0103ptu\u0219eal\u0103 Twisted, de culoare albastr\u0103. Acest model este ideal pentru zilele c\u0103lduroase de var\u0103, modelul este c\u0103ptu\u0219it \u0219i ofer\u0103 libertate total\u0103 de mi\u0219care. Spatele are un design interesant \u0219i o \u021bes\u0103tur\u0103 respirabil\u0103. Poate fi asortat cu colan\u021bi \u00een acela\u0219i model. V\u0103 rug\u0103m s\u0103 c\u0103uta\u021bi sub &#8220;\u00cembr\u0103c\u0103minte sport cu jambiere scurte&#8221; (modelul este [&hellip;]<\/p>\n","protected":false},"featured_media":45309,"comment_status":"open","ping_status":"closed","template":"","meta":[],"product_brand":[],"product_cat":[366],"product_tag":[],"class_list":{"0":"post-47300","1":"product","2":"type-product","3":"status-publish","4":"has-post-thumbnail","6":"product_cat-sutiene-sport-pentru-femei","7":"pa_cviat-albastru","8":"pa_razmer-m-ro","9":"pa_razmer-s-ro-2","10":"inventories-world","11":"inventories-uk","13":"first","14":"instock","15":"taxable","16":"shipping-taxable","17":"purchasable","18":"product-type-variable"},"_links":{"self":[{"href":"https:\/\/peach-pump.com\/ro\/wp-json\/wp\/v2\/product\/47300","targetHints":{"allow":["GET"]}}],"collection":[{"href":"https:\/\/peach-pump.com\/ro\/wp-json\/wp\/v2\/product"}],"about":[{"href":"https:\/\/peach-pump.com\/ro\/wp-json\/wp\/v2\/types\/product"}],"replies":[{"embeddable":true,"href":"https:\/\/peach-pump.com\/ro\/wp-json\/wp\/v2\/comments?post=47300"}],"version-history":[{"count":0,"href":"https:\/\/peach-pump.com\/ro\/wp-json\/wp\/v2\/product\/47300\/revisions"}],"wp:featuredmedia":[{"embeddable":true,"href":"https:\/\/peach-pump.com\/ro\/wp-json\/wp\/v2\/media\/45309"}],"wp:attachment":[{"href":"https:\/\/peach-pump.com\/ro\/wp-json\/wp\/v2\/media?parent=47300"}],"wp:term":[{"taxonomy":"product_brand","embeddable":true,"href":"https:\/\/peach-pump.com\/ro\/wp-json\/wp\/v2\/product_brand?post=47300"},{"taxonomy":"product_cat","embeddable":true,"href":"https:\/\/peach-pump.com\/ro\/wp-json\/wp\/v2\/product_cat?post=47300"},{"taxonomy":"product_tag","embeddable":true,"href":"https:\/\/peach-pump.com\/ro\/wp-json\/wp\/v2\/product_tag?post=47300"}],"curies":[{"name":"wp","href":"https:\/\/api.w.org\/{rel}","templated":true}]}}