{"id":47292,"date":"2023-06-12T00:08:10","date_gmt":"2023-06-11T22:08:10","guid":{"rendered":"https:\/\/peach-pump.com\/products\/colanti-roz-fara-cusaturi-cu-talie-inalta-si-efect-peach-pump\/"},"modified":"2025-06-21T15:10:25","modified_gmt":"2025-06-21T13:10:25","slug":"roz-fara-cusaturi-colanti-talie-inalta","status":"publish","type":"product","link":"https:\/\/peach-pump.com\/ro\/products\/roz-fara-cusaturi-colanti-talie-inalta\/","title":{"rendered":"Colan\u021bi roz f\u0103r\u0103 cus\u0103turi cu talie \u00eenalt\u0103 \u0219i efect Peach Pump"},"content":{"rendered":"<p>Colan\u021bi roz de dam\u0103, f\u0103r\u0103 cus\u0103turi, din \u021bes\u0103tur\u0103 respirabil\u0103, cu centur\u0103 lat\u0103 rips, cu talie \u00eenalt\u0103, care str\u00e2nge u\u0219or \u0219i sculpteaz\u0103 silueta . \u021aes\u0103tura colan\u021bi este f\u0103r\u0103 cus\u0103turi, cu o elasticitate foarte mare, ceea ce \u00eei face foarte confortabili pentru orice fel de sport sau plimbare. Are o adaptare ridicat\u0103 la corp, ceea ce face ca purtarea lui s\u0103 fie o adev\u0103rat\u0103 pl\u0103cere. Culoarea colan\u021bilor este perfect\u0103 pentru var\u0103, deoarece va vinde dispozi\u021bie \u0219i culoare \u00een garderoba ta sportiv\u0103. \u00cel pute\u021bi combina cu un top sport, bustier\u0103 sau accesoriu din colec\u021bia Peach Pump, care v\u0103 va completa perfect setul sport.  <\/p>\n<ul>\n<li>Talie \u00eenalt\u0103<\/li>\n<li>\u021aes\u0103tur\u0103 f\u0103r\u0103 cus\u0103turi<\/li>\n<li>Ridic\u0103, modeleaz\u0103, ascunde zonele cu probleme<\/li>\n<li>Centur\u0103 rips care str\u00e2nge talia<\/li>\n<li>Efect Peachy<\/li>\n<li>F\u0103r\u0103 cus\u0103tur\u0103 \u00een fa\u021b\u0103<\/li>\n<li>Logo Peach Pump sigilat termic pe partea din spate a colan\u021bilor<\/li>\n<li>\u021aes\u0103tur\u0103 pentru a \u00eendep\u0103rta umezeala de pe corp<\/li>\n<\/ul>\n<p>  Compozi\u021bie: 80% poliester 20% spandex Tricoul poate fi sp\u0103lat la temperaturi de p\u00e2n\u0103 la 30 de grade, v\u0103 rug\u0103m s\u0103 nu \u00een\u0103lbiti sau cur\u0103\u021ba\u021bi \u00een uscat. Modelul din imagine are o \u00een\u0103l\u021bime de 178 cm, c\u00e2nt\u0103re\u0219te 54 kg \u0219i poart\u0103 m\u0103rimea S. (jambierele sunt foarte elastice) V\u0103 rug\u0103m s\u0103 folosi\u021bi diagramele pentru a alege m\u0103rimea exact\u0103.<\/p>\n","protected":false},"excerpt":{"rendered":"<p>Colan\u021bi roz de dam\u0103, f\u0103r\u0103 cus\u0103turi, din \u021bes\u0103tur\u0103 respirabil\u0103, cu centur\u0103 lat\u0103 rips, cu talie \u00eenalt\u0103, care str\u00e2nge u\u0219or \u0219i sculpteaz\u0103 silueta . \u021aes\u0103tura colan\u021bi este f\u0103r\u0103 cus\u0103turi, cu o elasticitate foarte mare, ceea ce \u00eei face foarte confortabili pentru orice fel de sport sau plimbare. Are o adaptare ridicat\u0103 la corp, ceea ce face [&hellip;]<\/p>\n","protected":false},"featured_media":42452,"comment_status":"open","ping_status":"closed","template":"","meta":[],"product_brand":[],"product_cat":[146,310],"product_tag":[],"class_list":{"0":"post-47292","1":"product","2":"type-product","3":"status-publish","4":"has-post-thumbnail","6":"product_cat-colanti-de-dama-sport","7":"product_cat-colanti-pentru-femei-lungi","8":"pa_cviat-roz-ro","9":"pa_razmer-l-ro-2","10":"pa_razmer-m-ro","11":"pa_razmer-s-ro-2","12":"inventories-world","13":"inventories-uk","15":"first","16":"instock","17":"taxable","18":"shipping-taxable","19":"purchasable","20":"product-type-variable"},"_links":{"self":[{"href":"https:\/\/peach-pump.com\/en\/wp-json\/wp\/v2\/product\/47292","targetHints":{"allow":["GET"]}}],"collection":[{"href":"https:\/\/peach-pump.com\/en\/wp-json\/wp\/v2\/product"}],"about":[{"href":"https:\/\/peach-pump.com\/en\/wp-json\/wp\/v2\/types\/product"}],"replies":[{"embeddable":true,"href":"https:\/\/peach-pump.com\/en\/wp-json\/wp\/v2\/comments?post=47292"}],"version-history":[{"count":0,"href":"https:\/\/peach-pump.com\/en\/wp-json\/wp\/v2\/product\/47292\/revisions"}],"wp:featuredmedia":[{"embeddable":true,"href":"https:\/\/peach-pump.com\/en\/wp-json\/wp\/v2\/media\/42452"}],"wp:attachment":[{"href":"https:\/\/peach-pump.com\/en\/wp-json\/wp\/v2\/media?parent=47292"}],"wp:term":[{"taxonomy":"product_brand","embeddable":true,"href":"https:\/\/peach-pump.com\/en\/wp-json\/wp\/v2\/product_brand?post=47292"},{"taxonomy":"product_cat","embeddable":true,"href":"https:\/\/peach-pump.com\/en\/wp-json\/wp\/v2\/product_cat?post=47292"},{"taxonomy":"product_tag","embeddable":true,"href":"https:\/\/peach-pump.com\/en\/wp-json\/wp\/v2\/product_tag?post=47292"}],"curies":[{"name":"wp","href":"https:\/\/api.w.org\/{rel}","templated":true}]}}