{"id":41444,"date":"2023-06-03T19:45:38","date_gmt":"2023-06-03T17:45:38","guid":{"rendered":"https:\/\/peach-pump.com\/products\/sapca-roz-cu-cozoroc-peach-pump\/"},"modified":"2026-04-01T10:48:01","modified_gmt":"2026-04-01T08:48:01","slug":"sapca-roza-cozoroc-peach-pump","status":"publish","type":"product","link":"https:\/\/peach-pump.com\/ro\/products\/sapca-roza-cozoroc-peach-pump\/","title":{"rendered":"\u0218apc\u0103 roz cu cozoroc Peach Pump"},"content":{"rendered":"<p>Asorteaz\u0103-\u021bi colan\u021bii \u0219i bustierele preferate cu o \u0219apc\u0103 cu cozoroc roz Peach Pump. \u00cen lunile fierbin\u021bi de var\u0103 va fi un accesoriu perfect pentru look-ul t\u0103u , protej\u00e2ndu-\u021bi \u00een acela\u0219i timp fa\u021ba de soarele str\u0103lucitor. \u0218apca are un element tridimensional spectaculos brodat cu logo alb cu o margine roz \u0219i o inscrip\u021bie motiva\u021bional\u0103 : &#8220;PEACH MODE &#8211; ON&#8221; . \u0218apca este reglabil\u0103 cu o \u00eenchidere metalic\u0103 , iar cozorocul este curbat. Fii elegant\u0103 \u0219i diferit\u0103 cu aceast\u0103 not\u0103 final\u0103 perfect\u0103 pentru \u021binuta ta sportiv\u0103.<\/p>\n","protected":false},"excerpt":{"rendered":"<p>Asorteaz\u0103-\u021bi colan\u021bii \u0219i bustierele preferate cu o \u0219apc\u0103 cu cozoroc roz Peach Pump. \u00cen lunile fierbin\u021bi de var\u0103 va fi un accesoriu perfect pentru look-ul t\u0103u , protej\u00e2ndu-\u021bi \u00een acela\u0219i timp fa\u021ba de soarele str\u0103lucitor. \u0218apca are un element tridimensional spectaculos brodat cu logo alb cu o margine roz \u0219i o inscrip\u021bie motiva\u021bional\u0103 : &#8220;PEACH [&hellip;]<\/p>\n","protected":false},"featured_media":41151,"comment_status":"open","ping_status":"closed","template":"","meta":[],"product_brand":[],"product_cat":[779],"product_tag":[],"class_list":{"0":"post-41444","1":"product","2":"type-product","3":"status-publish","4":"has-post-thumbnail","6":"product_cat-accesorii","7":"pa_cviat-roz-ro","8":"pa_razmer-one-size-ro","9":"inventories-world","10":"inventories-pl","11":"inventories-uk","13":"first","14":"instock","15":"taxable","16":"shipping-taxable","17":"purchasable","18":"product-type-variable"},"_links":{"self":[{"href":"https:\/\/peach-pump.com\/en\/wp-json\/wp\/v2\/product\/41444","targetHints":{"allow":["GET"]}}],"collection":[{"href":"https:\/\/peach-pump.com\/en\/wp-json\/wp\/v2\/product"}],"about":[{"href":"https:\/\/peach-pump.com\/en\/wp-json\/wp\/v2\/types\/product"}],"replies":[{"embeddable":true,"href":"https:\/\/peach-pump.com\/en\/wp-json\/wp\/v2\/comments?post=41444"}],"version-history":[{"count":0,"href":"https:\/\/peach-pump.com\/en\/wp-json\/wp\/v2\/product\/41444\/revisions"}],"wp:featuredmedia":[{"embeddable":true,"href":"https:\/\/peach-pump.com\/en\/wp-json\/wp\/v2\/media\/41151"}],"wp:attachment":[{"href":"https:\/\/peach-pump.com\/en\/wp-json\/wp\/v2\/media?parent=41444"}],"wp:term":[{"taxonomy":"product_brand","embeddable":true,"href":"https:\/\/peach-pump.com\/en\/wp-json\/wp\/v2\/product_brand?post=41444"},{"taxonomy":"product_cat","embeddable":true,"href":"https:\/\/peach-pump.com\/en\/wp-json\/wp\/v2\/product_cat?post=41444"},{"taxonomy":"product_tag","embeddable":true,"href":"https:\/\/peach-pump.com\/en\/wp-json\/wp\/v2\/product_tag?post=41444"}],"curies":[{"name":"wp","href":"https:\/\/api.w.org\/{rel}","templated":true}]}}