{"id":40926,"date":"2023-05-20T19:47:41","date_gmt":"2023-05-20T17:47:41","guid":{"rendered":"https:\/\/peach-pump.com\/products\/set-din-doua-piese-de-culoare-bej-pentru-mers-si-sport\/"},"modified":"2024-08-28T12:55:10","modified_gmt":"2024-08-28T10:55:10","slug":"set-de-doua-piese-culoare-bej","status":"publish","type":"product","link":"https:\/\/peach-pump.com\/ro\/products\/set-de-doua-piese-culoare-bej\/","title":{"rendered":"Set din dou\u0103 piese de culoare bej pentru mers \u0219i sport"},"content":{"rendered":"<p>Set bej din dou\u0103 piese cu colan\u021bi charleston f\u0103r\u0103 cus\u0103turi \u00een fa\u021b\u0103, modeleaz\u0103 corpul \u0219i sculpteaz\u0103 silueta, alungind picioarele \u0219i str\u00e2ng\u00e2nd talia. Foarte la mod\u0103 \u0219i spectaculos pentru acest sezon. Asortat cu o bustier\u0103 \u00een acela\u0219i model. V-am oferit posibilitatea de a alege \u00eentre dou\u0103 op\u021biuni, cu o bretea sau cu \u0219ireturi reglabile la spate. Oricare dintre cele dou\u0103 modele a\u021bi alege , nu ve\u021bi trece neobservat\u0103. \u021aes\u0103tura setului sportiv este din rips fin, foarte elastic\u0103 \u0219i respirabil\u0103, nu permite transpira\u021bia. Cu acest model ve\u021bi avea libertate total\u0103 de mi\u0219care.<\/p>\n<p>Bustier\u0103:<\/p>\n<ul>\n<li>Material rips<\/li>\n<li>Logo &#8220;Peach Pump&#8221; sigilat termic pe partea st\u00e2ng\u0103 fa\u021b\u0103 a bustierei<\/li>\n<li>Elasticitate mare<\/li>\n<li>\u021aes\u0103tur\u0103 rips f\u0103r\u0103 cus\u0103turi<\/li>\n<li>C\u0103ptu\u0219eal\u0103 , deta\u0219abil\u0103<\/li>\n<li>\u0218ireturi reglabile la spate<\/li>\n<\/ul>\n<p>Colan\u021bi:<\/p>\n<ul>\n<li>crac larg tip Charleston cu \u0219li\u021buri la cap\u0103t<\/li>\n<li>F\u0103r\u0103 cus\u0103tur\u0103 \u00een fa\u021b\u0103<\/li>\n<li>Modeleaz\u0103 \u0219i ascunde zona cu probleme<\/li>\n<li>\u021aes\u0103tur\u0103 elastic\u0103<\/li>\n<li>F\u0103r\u0103 efectul Peachy<\/li>\n<li>Logo Peach Pump sigilat termic pe partea din spate a colan\u021bilor<\/li>\n<li>\u021aes\u0103tur\u0103 pentru a \u00eendep\u0103rta umezeala de pe corp<\/li>\n<li>Design interesant<\/li>\n<li>Talie \u00eenalt\u0103<\/li>\n<\/ul>\n<p>Compozi\u021bie: 80% poliester 20% spandex<\/p>\n<p>Modelul din imagine are o \u00een\u0103l\u021bime de 178 cm, c\u00e2nt\u0103re\u0219te 54 kg \u0219i pozeaz\u0103 \u00een m\u0103rimea M pentru Bustier\u0103 \u0219i Colan\u021bi.<\/p>\n<p>Colan\u021bii \u0219i bustiera pot fi sp\u0103late la o temperatur\u0103 de p\u00e2n\u0103 la 30 de grade, v\u0103 rug\u0103m s\u0103 nu folosi\u021bi \u00een\u0103lbitor sau cur\u0103\u021bare uscat\u0103.<\/p>\n","protected":false},"excerpt":{"rendered":"<p>Set bej din dou\u0103 piese cu colan\u021bi charleston f\u0103r\u0103 cus\u0103turi \u00een fa\u021b\u0103, modeleaz\u0103 corpul \u0219i sculpteaz\u0103 silueta, alungind picioarele \u0219i str\u00e2ng\u00e2nd talia. Foarte la mod\u0103 \u0219i spectaculos pentru acest sezon. Asortat cu o bustier\u0103 \u00een acela\u0219i model. V-am oferit posibilitatea de a alege \u00eentre dou\u0103 op\u021biuni, cu o bretea sau cu \u0219ireturi reglabile la spate. [&hellip;]<\/p>\n","protected":false},"featured_media":39346,"comment_status":"open","ping_status":"closed","template":"","meta":[],"product_brand":[],"product_cat":[367,369],"product_tag":[],"class_list":{"0":"post-40926","1":"product","2":"type-product","3":"status-publish","4":"has-post-thumbnail","6":"product_cat-seturi-de-trening-pentru-femei","7":"product_cat-seturi-sport-cu-colanti","8":"pa_cviat-bej","9":"pa_razmer-m-ro","10":"pa_razmer-s-ro-2","11":"inventories-world","12":"inventories-uk","14":"first","15":"instock","16":"virtual","17":"taxable","18":"purchasable","19":"product-type-yith_bundle"},"_links":{"self":[{"href":"https:\/\/peach-pump.com\/en\/wp-json\/wp\/v2\/product\/40926","targetHints":{"allow":["GET"]}}],"collection":[{"href":"https:\/\/peach-pump.com\/en\/wp-json\/wp\/v2\/product"}],"about":[{"href":"https:\/\/peach-pump.com\/en\/wp-json\/wp\/v2\/types\/product"}],"replies":[{"embeddable":true,"href":"https:\/\/peach-pump.com\/en\/wp-json\/wp\/v2\/comments?post=40926"}],"version-history":[{"count":0,"href":"https:\/\/peach-pump.com\/en\/wp-json\/wp\/v2\/product\/40926\/revisions"}],"wp:featuredmedia":[{"embeddable":true,"href":"https:\/\/peach-pump.com\/en\/wp-json\/wp\/v2\/media\/39346"}],"wp:attachment":[{"href":"https:\/\/peach-pump.com\/en\/wp-json\/wp\/v2\/media?parent=40926"}],"wp:term":[{"taxonomy":"product_brand","embeddable":true,"href":"https:\/\/peach-pump.com\/en\/wp-json\/wp\/v2\/product_brand?post=40926"},{"taxonomy":"product_cat","embeddable":true,"href":"https:\/\/peach-pump.com\/en\/wp-json\/wp\/v2\/product_cat?post=40926"},{"taxonomy":"product_tag","embeddable":true,"href":"https:\/\/peach-pump.com\/en\/wp-json\/wp\/v2\/product_tag?post=40926"}],"curies":[{"name":"wp","href":"https:\/\/api.w.org\/{rel}","templated":true}]}}