{"id":40851,"date":"2023-05-14T12:28:02","date_gmt":"2023-05-14T10:28:02","guid":{"rendered":"https:\/\/peach-pump.com\/products\/bluza-sport-alba-cu-fermoar\/"},"modified":"2026-03-22T13:03:28","modified_gmt":"2026-03-22T11:03:28","slug":"bluza-sport-alba-fermoar","status":"publish","type":"product","link":"https:\/\/peach-pump.com\/ro\/products\/bluza-sport-alba-fermoar\/","title":{"rendered":"Bluz\u0103 sport alb\u0103 cu fermoar"},"content":{"rendered":"<p>Top sport alb cu fermoar, din material rips moale, cu g\u0103uri pentru degetul mare. Bluza are un fermoar dublu, poate fi folosit\u0103 \u0219i ca \u00eembr\u0103c\u0103minte exterioar\u0103. Este potrivit\u0103 pentru antrenament de fitness, yoga, tenis \u0219i plimb\u0103ri. L\u00e2na din care este fabricat este respirabil\u0103 \u0219i nu las\u0103 urme de transpira\u021bie, cu acest model v\u0103 ve\u021bi sim\u021bi confortabil \u0219i \u00eencrez\u0103tor.  <\/p>\n<ul>\n<li>\u021aes\u0103tur\u0103 rips<\/li>\n<li>Fermoar dublu<\/li>\n<li>Elasticitate mare<\/li>\n<li>Logo Peach Pump sigilat termic \u00een partea din fa\u021b\u0103 a bluzei<\/li>\n<li>Tehnologia de eliminare a transpira\u021biei<\/li>\n<\/ul>\n<p>  Compozi\u021bie: 80% poliester 20% spandex Bluza poate fi sp\u0103lat\u0103 la temperaturi de p\u00e2n\u0103 la 30 de grade, v\u0103 rug\u0103m s\u0103 nu folosi\u021bi \u00een\u0103lbitor sau cur\u0103\u021b\u0103torie chimic\u0103. Modelul din imagine are 178 cm \u00een\u0103l\u021bime, c\u00e2nt\u0103re\u0219te 54 kg \u0219i pozeaz\u0103 \u00een m\u0103rimea S. V\u0103 rug\u0103m s\u0103 folosi\u021bi diagramele de m\u0103rimi pentru a alege m\u0103rimea exact\u0103. S bust 80-90cm M bust 90-100cm L bust 100-110cm<\/p>\n","protected":false},"excerpt":{"rendered":"<p>Top sport alb cu fermoar, din material rips moale, cu g\u0103uri pentru degetul mare. Bluza are un fermoar dublu, poate fi folosit\u0103 \u0219i ca \u00eembr\u0103c\u0103minte exterioar\u0103. Este potrivit\u0103 pentru antrenament de fitness, yoga, tenis \u0219i plimb\u0103ri. L\u00e2na din care este fabricat este respirabil\u0103 \u0219i nu las\u0103 urme de transpira\u021bie, cu acest model v\u0103 ve\u021bi sim\u021bi [&hellip;]<\/p>\n","protected":false},"featured_media":111183,"comment_status":"open","ping_status":"closed","template":"","meta":[],"product_brand":[],"product_cat":[365],"product_tag":[],"class_list":{"0":"post-40851","1":"product","2":"type-product","3":"status-publish","4":"has-post-thumbnail","6":"product_cat-tricouri-sport-femei","7":"pa_cviat-alb-ro","8":"pa_razmer-l-ro-2","9":"pa_razmer-m-ro","10":"pa_razmer-s-ro-2","11":"inventories-world","12":"inventories-uk","14":"first","15":"instock","16":"taxable","17":"shipping-taxable","18":"purchasable","19":"product-type-variable"},"_links":{"self":[{"href":"https:\/\/peach-pump.com\/en\/wp-json\/wp\/v2\/product\/40851","targetHints":{"allow":["GET"]}}],"collection":[{"href":"https:\/\/peach-pump.com\/en\/wp-json\/wp\/v2\/product"}],"about":[{"href":"https:\/\/peach-pump.com\/en\/wp-json\/wp\/v2\/types\/product"}],"replies":[{"embeddable":true,"href":"https:\/\/peach-pump.com\/en\/wp-json\/wp\/v2\/comments?post=40851"}],"version-history":[{"count":0,"href":"https:\/\/peach-pump.com\/en\/wp-json\/wp\/v2\/product\/40851\/revisions"}],"wp:featuredmedia":[{"embeddable":true,"href":"https:\/\/peach-pump.com\/en\/wp-json\/wp\/v2\/media\/111183"}],"wp:attachment":[{"href":"https:\/\/peach-pump.com\/en\/wp-json\/wp\/v2\/media?parent=40851"}],"wp:term":[{"taxonomy":"product_brand","embeddable":true,"href":"https:\/\/peach-pump.com\/en\/wp-json\/wp\/v2\/product_brand?post=40851"},{"taxonomy":"product_cat","embeddable":true,"href":"https:\/\/peach-pump.com\/en\/wp-json\/wp\/v2\/product_cat?post=40851"},{"taxonomy":"product_tag","embeddable":true,"href":"https:\/\/peach-pump.com\/en\/wp-json\/wp\/v2\/product_tag?post=40851"}],"curies":[{"name":"wp","href":"https:\/\/api.w.org\/{rel}","templated":true}]}}