{"id":32554,"date":"2023-03-01T19:25:45","date_gmt":"2023-03-01T17:25:45","guid":{"rendered":"https:\/\/peach-pump.com\/products\/colanti-de-dama-fara-cusaturi-de-culoare-rosu-intens\/"},"modified":"2026-04-05T21:59:00","modified_gmt":"2026-04-05T19:59:00","slug":"fara-cusaturi-colanti-dama-rosu-intens","status":"publish","type":"product","link":"https:\/\/peach-pump.com\/ro\/products\/fara-cusaturi-colanti-dama-rosu-intens\/","title":{"rendered":"Colan\u021bi de dam\u0103 f\u0103r\u0103 cus\u0103turi, de culoare ro\u0219u intens"},"content":{"rendered":"<p>Colan\u021bi de dam\u0103 f\u0103r\u0103 cus\u0103turi cu talie \u00eenalt\u0103, de culoare ro\u0219u intens. Modelul este confec\u021bionat din \u021bes\u0103tur\u0103 elastic\u0103, respirabil\u0103, modeleaz\u0103 perfect corpul cu efect Peach Pump. Sunt potrivi\u021bi at\u00e2t pentru antrenamentul de for\u021b\u0103, c\u00e2t \u0219i pentru antrenamentul aerobic. Colan\u021bii au o curea lat\u0103 care str\u00e2nge u\u0219or \u0219i sculpteaz\u0103 talia, disponibili \u00een mai multe culori frumoase. <\/p>\n<ul>\n<li> Talie \u00eenalt\u0103<\/li>\n<li> \u021aes\u0103tur\u0103 f\u0103r\u0103 cus\u0103turi<\/li>\n<li> Ridic\u0103, modeleaz\u0103, ascunde zonele cu probleme<\/li>\n<li> Centur\u0103 rips care str\u00e2nge talia<\/li>\n<li> Efect Peachy<\/li>\n<li> F\u0103r\u0103 cus\u0103tur\u0103 \u00een fa\u021b\u0103<\/li>\n<li> Logo Peach Pump sigilat termic pe partea din spate a colan\u021bilor<\/li>\n<li> Tehnologia de eliminare a transpira\u021biei<\/li>\n<\/ul>\n<p>  Compozi\u021bie 80% poliester 20% spandex Jambierele pot fi sp\u0103late la temperaturi de p\u00e2n\u0103 la 30 de grade, v\u0103 rug\u0103m s\u0103 nu lep\u0103da\u021bi sau cur\u0103\u021ba\u021bi \u00een uscat Modelul din imagine are 178 cm \u00een\u0103l\u021bime, c\u00e2nt\u0103re\u0219te 54 kg \u0219i pozeaz\u0103 \u00een m\u0103rimea M (jambiere este o \u021bes\u0103tur\u0103 mai str\u00e2mt\u0103) V\u0103 rug\u0103m s\u0103 folosi\u021bi diagramele pentru a selecta o m\u0103rime exact\u0103  \t\t<div id=\"sbi_mod_error\" >\n\t\t\t<span>This error message is only visible to WordPress admins<\/span><br\/>\n\t\t\t<p><strong>Error: No connected account.<\/strong>\n\t\t\t<p>Please go to the Instagram Feed settings page to connect an account.<\/p>\n\t\t<\/div>\n\t\t<\/p>\n","protected":false},"excerpt":{"rendered":"<p>Colan\u021bi de dam\u0103 f\u0103r\u0103 cus\u0103turi cu talie \u00eenalt\u0103, de culoare ro\u0219u intens. Modelul este confec\u021bionat din \u021bes\u0103tur\u0103 elastic\u0103, respirabil\u0103, modeleaz\u0103 perfect corpul cu efect Peach Pump. Sunt potrivi\u021bi at\u00e2t pentru antrenamentul de for\u021b\u0103, c\u00e2t \u0219i pentru antrenamentul aerobic. Colan\u021bii au o curea lat\u0103 care str\u00e2nge u\u0219or \u0219i sculpteaz\u0103 talia, disponibili \u00een mai multe culori frumoase. [&hellip;]<\/p>\n","protected":false},"featured_media":30287,"comment_status":"open","ping_status":"closed","template":"","meta":[],"product_brand":[],"product_cat":[146,310],"product_tag":[],"class_list":{"0":"post-32554","1":"product","2":"type-product","3":"status-publish","4":"has-post-thumbnail","6":"product_cat-colanti-de-dama-sport","7":"product_cat-colanti-pentru-femei-lungi","8":"pa_cviat-rosu","9":"pa_razmer-l-ro-2","10":"pa_razmer-m-ro","11":"pa_razmer-s-ro-2","12":"inventories-world","13":"inventories-pl","14":"inventories-uk","16":"first","17":"instock","18":"taxable","19":"shipping-taxable","20":"purchasable","21":"product-type-variable"},"_links":{"self":[{"href":"https:\/\/peach-pump.com\/ro\/wp-json\/wp\/v2\/product\/32554","targetHints":{"allow":["GET"]}}],"collection":[{"href":"https:\/\/peach-pump.com\/ro\/wp-json\/wp\/v2\/product"}],"about":[{"href":"https:\/\/peach-pump.com\/ro\/wp-json\/wp\/v2\/types\/product"}],"replies":[{"embeddable":true,"href":"https:\/\/peach-pump.com\/ro\/wp-json\/wp\/v2\/comments?post=32554"}],"version-history":[{"count":0,"href":"https:\/\/peach-pump.com\/ro\/wp-json\/wp\/v2\/product\/32554\/revisions"}],"wp:featuredmedia":[{"embeddable":true,"href":"https:\/\/peach-pump.com\/ro\/wp-json\/wp\/v2\/media\/30287"}],"wp:attachment":[{"href":"https:\/\/peach-pump.com\/ro\/wp-json\/wp\/v2\/media?parent=32554"}],"wp:term":[{"taxonomy":"product_brand","embeddable":true,"href":"https:\/\/peach-pump.com\/ro\/wp-json\/wp\/v2\/product_brand?post=32554"},{"taxonomy":"product_cat","embeddable":true,"href":"https:\/\/peach-pump.com\/ro\/wp-json\/wp\/v2\/product_cat?post=32554"},{"taxonomy":"product_tag","embeddable":true,"href":"https:\/\/peach-pump.com\/ro\/wp-json\/wp\/v2\/product_tag?post=32554"}],"curies":[{"name":"wp","href":"https:\/\/api.w.org\/{rel}","templated":true}]}}