{"id":31712,"date":"2022-07-03T09:38:20","date_gmt":"2022-07-03T07:38:20","guid":{"rendered":"https:\/\/peach-pump.com\/products\/colanti-albastri-fara-cusaturi-cu-talie-inalta\/"},"modified":"2025-02-08T16:47:51","modified_gmt":"2025-02-08T14:47:51","slug":"fara-cusaturi-albastri-colanti-talie-inalta-fitness","status":"publish","type":"product","link":"https:\/\/peach-pump.com\/ro\/products\/fara-cusaturi-albastri-colanti-talie-inalta-fitness\/","title":{"rendered":"Colan\u021bi alba\u0219tri f\u0103r\u0103 cus\u0103turi, cu talie \u00eenalt\u0103"},"content":{"rendered":"<p>Colan\u021bi alba\u0219tri, f\u0103r\u0103 cus\u0103turi, cu efect marmorat. Colan\u021bii sunt confec\u021biona\u021bi dintr-o \u021bes\u0103tur\u0103 f\u0103r\u0103 cus\u0103turi extrem de elastic\u0103, cu o centur\u0103 lat\u0103 care cuprinde \u0219i stabilizeaz\u0103 talia \u00een timpul exerci\u021biilor fizice. Potrivi\u021bi pentru antrenament de fitness, alergare, yoga \u0219i multe altele. Dac\u0103 sunte\u021bi \u00een c\u0103utarea unor colan\u021bi modelatori \u00een care s\u0103 v\u0103 sim\u021bi\u021bi confortabil \u0219i \u00een care s\u0103 v\u0103 sim\u021bi\u021bi bine, acesta este modelul potrivit. Au efectul nostru mult iubit Peach, sunt din \u021bes\u0103tur\u0103 respirabil\u0103 \u0219i modeleaz\u0103 perfect corpul. Pot fi asorta\u021bi cu o bustier\u0103 \u00een aceea\u0219i culoare, consulta\u021bi seturile de pe pagina noastr\u0103.<\/p>\n<ul>\n<li>Talie \u00eenalt\u0103<\/li>\n<li>\u021aes\u0103tur\u0103 f\u0103r\u0103 cus\u0103turi<\/li>\n<li>Ridic\u0103, modeleaz\u0103, ascunde zonele cu probleme<\/li>\n<li>Centur\u0103 rips care str\u00e2nge talia<\/li>\n<li>Efect Peachy<\/li>\n<li>F\u0103r\u0103 cus\u0103tur\u0103 \u00een fa\u021b\u0103<\/li>\n<li>Logo Peach Pump sigilat termic pe partea din spate a colan\u021bilor<\/li>\n<li>\u021aes\u0103tur\u0103 pentru eliminarea transpira\u021biei<\/li>\n<\/ul>\n<p>Compozi\u021bie: 80% poliester 20% spandex<\/p>\n<p>Colan\u021bii pot fi sp\u0103la\u021bi la o temperatur\u0103 de p\u00e2n\u0103 la 30 de grade, v\u0103 rug\u0103m s\u0103 nu folosi\u021bi \u00een\u0103lbitor sau cur\u0103\u021bare uscat\u0103.<\/p>\n<p>Modelul din imagine are 178 cm \u00een\u0103l\u021bime, c\u00e2nt\u0103re\u0219te 54 kg \u0219i pozeaz\u0103 \u00een m\u0103rimea M.<\/p>\n<p>V\u0103 rug\u0103m s\u0103 utiliza\u021bi tabelele pentru a selecta dimensiunea exact\u0103.<\/p>\n","protected":false},"excerpt":{"rendered":"<p>Colan\u021bi alba\u0219tri, f\u0103r\u0103 cus\u0103turi, cu efect marmorat. Colan\u021bii sunt confec\u021biona\u021bi dintr-o \u021bes\u0103tur\u0103 f\u0103r\u0103 cus\u0103turi extrem de elastic\u0103, cu o centur\u0103 lat\u0103 care cuprinde \u0219i stabilizeaz\u0103 talia \u00een timpul exerci\u021biilor fizice. Potrivi\u021bi pentru antrenament de fitness, alergare, yoga \u0219i multe altele. Dac\u0103 sunte\u021bi \u00een c\u0103utarea unor colan\u021bi modelatori \u00een care s\u0103 v\u0103 sim\u021bi\u021bi confortabil \u0219i \u00een [&hellip;]<\/p>\n","protected":false},"featured_media":14615,"comment_status":"open","ping_status":"closed","template":"","meta":[],"product_brand":[],"product_cat":[146,310],"product_tag":[],"class_list":{"0":"post-31712","1":"product","2":"type-product","3":"status-publish","4":"has-post-thumbnail","6":"product_cat-colanti-de-dama-sport","7":"product_cat-colanti-pentru-femei-lungi","8":"pa_cviat-albastru","9":"pa_razmer-m-ro","10":"pa_razmer-s-ro-2","11":"inventories-world","13":"first","14":"instock","15":"sale","16":"taxable","17":"shipping-taxable","18":"purchasable","19":"product-type-variable"},"_links":{"self":[{"href":"https:\/\/peach-pump.com\/ro\/wp-json\/wp\/v2\/product\/31712","targetHints":{"allow":["GET"]}}],"collection":[{"href":"https:\/\/peach-pump.com\/ro\/wp-json\/wp\/v2\/product"}],"about":[{"href":"https:\/\/peach-pump.com\/ro\/wp-json\/wp\/v2\/types\/product"}],"replies":[{"embeddable":true,"href":"https:\/\/peach-pump.com\/ro\/wp-json\/wp\/v2\/comments?post=31712"}],"version-history":[{"count":0,"href":"https:\/\/peach-pump.com\/ro\/wp-json\/wp\/v2\/product\/31712\/revisions"}],"wp:featuredmedia":[{"embeddable":true,"href":"https:\/\/peach-pump.com\/ro\/wp-json\/wp\/v2\/media\/14615"}],"wp:attachment":[{"href":"https:\/\/peach-pump.com\/ro\/wp-json\/wp\/v2\/media?parent=31712"}],"wp:term":[{"taxonomy":"product_brand","embeddable":true,"href":"https:\/\/peach-pump.com\/ro\/wp-json\/wp\/v2\/product_brand?post=31712"},{"taxonomy":"product_cat","embeddable":true,"href":"https:\/\/peach-pump.com\/ro\/wp-json\/wp\/v2\/product_cat?post=31712"},{"taxonomy":"product_tag","embeddable":true,"href":"https:\/\/peach-pump.com\/ro\/wp-json\/wp\/v2\/product_tag?post=31712"}],"curies":[{"name":"wp","href":"https:\/\/api.w.org\/{rel}","templated":true}]}}