{"id":31524,"date":"2022-08-19T10:49:04","date_gmt":"2022-08-19T08:49:04","guid":{"rendered":"https:\/\/peach-pump.com\/products\/colanti-sport-camuflaj-cu-buzunare-si-craci-negri\/"},"modified":"2026-02-03T12:34:36","modified_gmt":"2026-02-03T10:34:36","slug":"camuflaj-colanti-cu-buunare-elemente-negre","status":"publish","type":"product","link":"https:\/\/peach-pump.com\/ro\/products\/camuflaj-colanti-cu-buunare-elemente-negre\/","title":{"rendered":"Colan\u021bi sport, camuflaj cu buzunare \u0219i craci negri"},"content":{"rendered":"<p>Colan\u021bi cu buzunare, \u00een model camuflaj \u0219i cu elemente negre din \u021bes\u0103tur\u0103 moale modelatoare. Colan\u021bii au talie \u00eenalt\u0103, un design spectaculos care se potrive\u0219te perfect pe corp, buzunarele au o plasare care nu v\u0103 va deranja confortul \u00een timpul exerci\u021biilor fizice, modelul are un efect Peachy. \u00cei pute\u021bi asorta cu o jachet\u0103 sau o bustier\u0103 \u00een acela\u0219i model.<\/p>\n<ul>\n<li>Talie \u00eenalt\u0103<\/li>\n<li>Efect Peachy<\/li>\n<li>Buzunarele sunt \u00een spate, NU sunt imita\u021bie<\/li>\n<li>Logo Peach Pump sigilat termic pe partea din spate a colan\u021bilor<\/li>\n<li>\u021aes\u0103tur\u0103 care elimin\u0103 transpira\u021bia<\/li>\n<\/ul>\n<p>Compozi\u021bie: 80% poliester 20% spandex<\/p>\n<p>Colan\u021bii poate fi sp\u0103la\u021bi la temperaturi de p\u00e2n\u0103 la 30 de grade, v\u0103 rug\u0103m s\u0103 nu folosi\u021bi \u00een\u0103lbitor sau cur\u0103\u021bare uscat\u0103.<\/p>\n<p>Modelul din fotografie are o \u00een\u0103l\u021bime de 178 cm, c\u00e2nt\u0103re\u0219te 54 kg \u0219i pozeaz\u0103 \u00een m\u0103rimea M.<\/p>\n<p>V\u0103 rug\u0103m s\u0103 utiliza\u021bi tabelele pentru a selecta dimensiunea exact\u0103.<\/p>\n","protected":false},"excerpt":{"rendered":"<p>Colan\u021bi cu buzunare, \u00een model camuflaj \u0219i cu elemente negre din \u021bes\u0103tur\u0103 moale modelatoare. Colan\u021bii au talie \u00eenalt\u0103, un design spectaculos care se potrive\u0219te perfect pe corp, buzunarele au o plasare care nu v\u0103 va deranja confortul \u00een timpul exerci\u021biilor fizice, modelul are un efect Peachy. \u00cei pute\u021bi asorta cu o jachet\u0103 sau o bustier\u0103 [&hellip;]<\/p>\n","protected":false},"featured_media":106565,"comment_status":"open","ping_status":"closed","template":"","meta":[],"product_brand":[],"product_cat":[146,310,189],"product_tag":[],"class_list":{"0":"post-31524","1":"product","2":"type-product","3":"status-publish","4":"has-post-thumbnail","6":"product_cat-colanti-de-dama-sport","7":"product_cat-colanti-pentru-femei-lungi","8":"product_cat-colanti-cu-buzunare","9":"pa_cviat-camuflaj-negru","10":"pa_razmer-l-ro-2","11":"pa_razmer-m-ro","12":"pa_razmer-s-ro-2","13":"inventories-world","14":"inventories-uk","16":"first","17":"instock","18":"taxable","19":"shipping-taxable","20":"purchasable","21":"product-type-variable"},"_links":{"self":[{"href":"https:\/\/peach-pump.com\/en\/wp-json\/wp\/v2\/product\/31524","targetHints":{"allow":["GET"]}}],"collection":[{"href":"https:\/\/peach-pump.com\/en\/wp-json\/wp\/v2\/product"}],"about":[{"href":"https:\/\/peach-pump.com\/en\/wp-json\/wp\/v2\/types\/product"}],"replies":[{"embeddable":true,"href":"https:\/\/peach-pump.com\/en\/wp-json\/wp\/v2\/comments?post=31524"}],"version-history":[{"count":1,"href":"https:\/\/peach-pump.com\/en\/wp-json\/wp\/v2\/product\/31524\/revisions"}],"predecessor-version":[{"id":104026,"href":"https:\/\/peach-pump.com\/en\/wp-json\/wp\/v2\/product\/31524\/revisions\/104026"}],"wp:featuredmedia":[{"embeddable":true,"href":"https:\/\/peach-pump.com\/en\/wp-json\/wp\/v2\/media\/106565"}],"wp:attachment":[{"href":"https:\/\/peach-pump.com\/en\/wp-json\/wp\/v2\/media?parent=31524"}],"wp:term":[{"taxonomy":"product_brand","embeddable":true,"href":"https:\/\/peach-pump.com\/en\/wp-json\/wp\/v2\/product_brand?post=31524"},{"taxonomy":"product_cat","embeddable":true,"href":"https:\/\/peach-pump.com\/en\/wp-json\/wp\/v2\/product_cat?post=31524"},{"taxonomy":"product_tag","embeddable":true,"href":"https:\/\/peach-pump.com\/en\/wp-json\/wp\/v2\/product_tag?post=31524"}],"curies":[{"name":"wp","href":"https:\/\/api.w.org\/{rel}","templated":true}]}}