{"id":31009,"date":"2022-09-19T16:34:44","date_gmt":"2022-09-19T16:34:44","guid":{"rendered":"https:\/\/peach-pump.com\/products\/set-sport-din-doua-piese-fara-cusaturi-de-culoare-albastru-inchis\/"},"modified":"2026-03-23T16:29:43","modified_gmt":"2026-03-23T14:29:43","slug":"set-sport-fara-cusaturi-albastru-inchis","status":"publish","type":"product","link":"https:\/\/peach-pump.com\/ro\/products\/set-sport-fara-cusaturi-albastru-inchis\/","title":{"rendered":"Set sport din dou\u0103 piese, f\u0103r\u0103 cus\u0103turi, de culoare albastru \u00eenchis"},"content":{"rendered":"<p>Set sport de dam\u0103, din dou\u0103 piese, f\u0103r\u0103 cus\u0103turi, cu efect modelator \u0219i Push Up Colan\u021bii sunt confec\u021biona\u021bi din \u021bes\u0103tur\u0103 f\u0103r\u0103 cus\u0103turi, de culoare albastru \u00eenchis, cu talie \u00eenalt\u0103 \u0219i cu o centur\u0103 larg\u0103 rips care str\u00e2nge u\u0219or \u0219i modeleaz\u0103 frumos talia. Bustiera este c\u0103ptu\u0219it\u0103, are un spate ad\u00e2nc t\u0103iat \u0219i o \u00eenchidere \u00een 4 trepte pentru a ajusta circumferin\u021ba pieptului. Acest set se a\u0219eaz\u0103 perfect pe corp \u0219i sculpteaz\u0103 silueta, este convenabil pentru doamnele sportive active, precum \u0219i pentru antrenamente cardio \u0219i plimb\u0103ri mai relaxate. Despre bustier\u0103: <\/p>\n<ul>\n<li>C\u0103ptu\u0219eal\u0103 \u00eencorporat\u0103<\/li>\n<li>Efect Push-Up<\/li>\n<li>Bustier\u0103 cu croial\u0103 ad\u00e2nc\u0103 pe spate<\/li>\n<li>Elasticitate mare<\/li>\n<li>\u00cenchidere \u00een 4 trepte<\/li>\n<li>Logo Peach Pump sigilat termic pe partea lateral\u0103 a bustierei<\/li>\n<li>Tehnologia de eliminare a transpira\u021biei<\/li>\n<\/ul>\n<p> Despre colan\u021bi: <\/p>\n<ul>\n<li>Talie \u00eenalt\u0103<\/li>\n<li>\u021aes\u0103tur\u0103 f\u0103r\u0103 cus\u0103turi<\/li>\n<li>Ridic\u0103, modeleaz\u0103, ascunde zonele cu probleme<\/li>\n<li>Centur\u0103 rips care str\u00e2nge talia<\/li>\n<li>Efect Peachy<\/li>\n<li>F\u0103r\u0103 cus\u0103tur\u0103 \u00een fa\u021b\u0103<\/li>\n<li>Logo Peach Pump sigilat termic pe partea din spate a colan\u021bilor<\/li>\n<li>Tehnologia de eliminare a transpira\u021biei<\/li>\n<\/ul>\n<p> Compozi\u021bie: 80% poliester 20% spandex. Setul poate fi sp\u0103lat la temperaturi de p\u00e2n\u0103 la 30 de grade, v\u0103 rug\u0103m s\u0103 nu folosi\u021bi \u00een\u0103lbitor sau cur\u0103\u021bare uscat\u0103. Modelul din imagine are o \u00een\u0103l\u021bime de 178 cm, c\u00e2nt\u0103re\u0219te 54 kg \u0219i pozeaz\u0103 \u00een m\u0103rimea S\/M la bustier\u0103 \u0219i m\u0103rimea M la colan\u021bi. V\u0103 rug\u0103m s\u0103 utiliza\u021bi tabelele pentru a selecta dimensiunea exact\u0103.<\/p>\n","protected":false},"excerpt":{"rendered":"<p>Set sport de dam\u0103, din dou\u0103 piese, f\u0103r\u0103 cus\u0103turi, cu efect modelator \u0219i Push Up Colan\u021bii sunt confec\u021biona\u021bi din \u021bes\u0103tur\u0103 f\u0103r\u0103 cus\u0103turi, de culoare albastru \u00eenchis, cu talie \u00eenalt\u0103 \u0219i cu o centur\u0103 larg\u0103 rips care str\u00e2nge u\u0219or \u0219i modeleaz\u0103 frumos talia. Bustiera este c\u0103ptu\u0219it\u0103, are un spate ad\u00e2nc t\u0103iat \u0219i o \u00eenchidere \u00een 4 [&hellip;]<\/p>\n","protected":false},"featured_media":20008,"comment_status":"open","ping_status":"closed","template":"","meta":[],"product_brand":[],"product_cat":[367,369],"product_tag":[],"class_list":{"0":"post-31009","1":"product","2":"type-product","3":"status-publish","4":"has-post-thumbnail","6":"product_cat-seturi-de-trening-pentru-femei","7":"product_cat-seturi-sport-cu-colanti","8":"pa_razmer-l-ro-2","9":"pa_razmer-m-ro","10":"pa_razmer-s-ro-2","11":"inventories-uk","13":"first","14":"outofstock","15":"virtual","16":"taxable","17":"purchasable","18":"product-type-yith_bundle"},"_links":{"self":[{"href":"https:\/\/peach-pump.com\/ro\/wp-json\/wp\/v2\/product\/31009","targetHints":{"allow":["GET"]}}],"collection":[{"href":"https:\/\/peach-pump.com\/ro\/wp-json\/wp\/v2\/product"}],"about":[{"href":"https:\/\/peach-pump.com\/ro\/wp-json\/wp\/v2\/types\/product"}],"replies":[{"embeddable":true,"href":"https:\/\/peach-pump.com\/ro\/wp-json\/wp\/v2\/comments?post=31009"}],"version-history":[{"count":0,"href":"https:\/\/peach-pump.com\/ro\/wp-json\/wp\/v2\/product\/31009\/revisions"}],"wp:featuredmedia":[{"embeddable":true,"href":"https:\/\/peach-pump.com\/ro\/wp-json\/wp\/v2\/media\/20008"}],"wp:attachment":[{"href":"https:\/\/peach-pump.com\/ro\/wp-json\/wp\/v2\/media?parent=31009"}],"wp:term":[{"taxonomy":"product_brand","embeddable":true,"href":"https:\/\/peach-pump.com\/ro\/wp-json\/wp\/v2\/product_brand?post=31009"},{"taxonomy":"product_cat","embeddable":true,"href":"https:\/\/peach-pump.com\/ro\/wp-json\/wp\/v2\/product_cat?post=31009"},{"taxonomy":"product_tag","embeddable":true,"href":"https:\/\/peach-pump.com\/ro\/wp-json\/wp\/v2\/product_tag?post=31009"}],"curies":[{"name":"wp","href":"https:\/\/api.w.org\/{rel}","templated":true}]}}