{"id":29905,"date":"2022-10-11T17:36:24","date_gmt":"2022-10-11T15:36:24","guid":{"rendered":"https:\/\/peach-pump.com\/products\/bustiera-sport-cu-captuseala-in-albastru-camuflaj\/"},"modified":"2024-08-29T12:57:24","modified_gmt":"2024-08-29T10:57:24","slug":"sutien-sportiv-cu-captuseala-albastru-camuflaj","status":"publish","type":"product","link":"https:\/\/peach-pump.com\/ro\/products\/sutien-sportiv-cu-captuseala-albastru-camuflaj\/","title":{"rendered":"Sutien sportiv cu c\u0103ptu\u0219eal\u0103 \u00een albastru camuflaj"},"content":{"rendered":"<p>Bustier\u0103 sport f\u0103r\u0103 cus\u0103turi, cu c\u0103ptu\u0219eal\u0103, \u00eentr-un interesant, at\u00e2t de la mod\u0103 pentru acest sezon, camuflaj albastru. Modelul de bustier\u0103 este confec\u021bionat din \u021bes\u0103tur\u0103 f\u0103r\u0103 cus\u0103turi, respirabil\u0103, are un efect \u00eencruci\u0219at la spate. Acest model va fi un accesoriu minunat pentru garderoba dvs. sportiv\u0103, cu care nu pute\u021bi trece neobservat\u0103 \u00een timp ce practica\u021bi sportul dvs. preferat. Bustiera fixeaz\u0103 bine bustul \u0219i este ideal\u0103 pentru alergare sau antrenamente cardio. O pute\u021bi asorta cu colan\u021bi \u00een acela\u0219i model military. <\/p>\n<ul>\n<li> C\u0103ptu\u0219eal\u0103 \u00eencorporat\u0103<\/li>\n<li> Efect Push-Up<\/li>\n<li> Spate \u00eencruci\u0219at<\/li>\n<li> \u021aes\u0103tur\u0103 f\u0103r\u0103 cus\u0103turi<\/li>\n<li> Elasticitate mare<\/li>\n<li> Logo Peach Pump sigilat termic \u00een partea din fa\u021b\u0103 a bustierei<\/li>\n<li> Tehnologia de eliminare a transpira\u021biei<\/li>\n<\/ul>\n<p>Compozi\u021bie: 80% poliester 20% spandex<\/p>\n<p>Bustiera poate fi sp\u0103lat\u0103 la temperaturi de p\u00e2n\u0103 la 30 de grade, v\u0103 rug\u0103m s\u0103 nu folosi\u021bi \u00een\u0103lbitor sau cur\u0103\u021bare uscat\u0103.<\/p>\n<p>Modelul din imagine are 178 cm \u00een\u0103l\u021bime, c\u00e2nt\u0103re\u0219te 54 kg \u0219i pozeaz\u0103 \u00een m\u0103rimea S.<\/p>\n<p>V\u0103 rug\u0103m s\u0103 utiliza\u021bi tabelele pentru a selecta dimensiunea exact\u0103.<\/p>\n","protected":false},"excerpt":{"rendered":"<p>Bustier\u0103 sport f\u0103r\u0103 cus\u0103turi, cu c\u0103ptu\u0219eal\u0103, \u00eentr-un interesant, at\u00e2t de la mod\u0103 pentru acest sezon, camuflaj albastru. Modelul de bustier\u0103 este confec\u021bionat din \u021bes\u0103tur\u0103 f\u0103r\u0103 cus\u0103turi, respirabil\u0103, are un efect \u00eencruci\u0219at la spate. Acest model va fi un accesoriu minunat pentru garderoba dvs. sportiv\u0103, cu care nu pute\u021bi trece neobservat\u0103 \u00een timp ce practica\u021bi sportul [&hellip;]<\/p>\n","protected":false},"featured_media":23275,"comment_status":"open","ping_status":"closed","template":"","meta":[],"product_brand":[],"product_cat":[366],"product_tag":[],"class_list":{"0":"post-29905","1":"product","2":"type-product","3":"status-publish","4":"has-post-thumbnail","6":"product_cat-sutiene-sport-pentru-femei","7":"pa_cviat-albastru","8":"pa_razmer-l-ro-2","9":"pa_razmer-m-ro","10":"pa_razmer-s-ro-2","11":"inventories-world","13":"first","14":"instock","15":"sale","16":"taxable","17":"shipping-taxable","18":"purchasable","19":"product-type-variable"},"_links":{"self":[{"href":"https:\/\/peach-pump.com\/en\/wp-json\/wp\/v2\/product\/29905","targetHints":{"allow":["GET"]}}],"collection":[{"href":"https:\/\/peach-pump.com\/en\/wp-json\/wp\/v2\/product"}],"about":[{"href":"https:\/\/peach-pump.com\/en\/wp-json\/wp\/v2\/types\/product"}],"replies":[{"embeddable":true,"href":"https:\/\/peach-pump.com\/en\/wp-json\/wp\/v2\/comments?post=29905"}],"version-history":[{"count":0,"href":"https:\/\/peach-pump.com\/en\/wp-json\/wp\/v2\/product\/29905\/revisions"}],"wp:featuredmedia":[{"embeddable":true,"href":"https:\/\/peach-pump.com\/en\/wp-json\/wp\/v2\/media\/23275"}],"wp:attachment":[{"href":"https:\/\/peach-pump.com\/en\/wp-json\/wp\/v2\/media?parent=29905"}],"wp:term":[{"taxonomy":"product_brand","embeddable":true,"href":"https:\/\/peach-pump.com\/en\/wp-json\/wp\/v2\/product_brand?post=29905"},{"taxonomy":"product_cat","embeddable":true,"href":"https:\/\/peach-pump.com\/en\/wp-json\/wp\/v2\/product_cat?post=29905"},{"taxonomy":"product_tag","embeddable":true,"href":"https:\/\/peach-pump.com\/en\/wp-json\/wp\/v2\/product_tag?post=29905"}],"curies":[{"name":"wp","href":"https:\/\/api.w.org\/{rel}","templated":true}]}}