{"id":29838,"date":"2022-12-08T09:19:23","date_gmt":"2022-12-08T09:19:23","guid":{"rendered":"https:\/\/peach-pump.com\/products\/top-sport-cu-maneca-lunga-de-culoare-neagra\/"},"modified":"2025-11-02T20:28:52","modified_gmt":"2025-11-02T18:28:52","slug":"top-sport-cu-maneca-lunga-culoare-neagra","status":"publish","type":"product","link":"https:\/\/peach-pump.com\/ro\/products\/top-sport-cu-maneca-lunga-culoare-neagra\/","title":{"rendered":"Top sport cu m\u00e2nec\u0103 lung\u0103 de culoare neagr\u0103"},"content":{"rendered":"<p>Top sport de dam\u0103, cu m\u00e2nec\u0103 ung\u0103 din material dens de culoare neagr\u0103 Acest model at\u00e2t de interesant este din material rips, st\u0103 frumos pe corp \u0219i are un decolteu decupat. Poate fi asortat cu colanti de aceea\u0219i culoare sau cu colanti de culoare mai deschis\u0103. Bluza este potrivit\u0103 pentru vremea rece de toamn\u0103\/iarn\u0103, ve\u021bi iubi moliciunea \u0219i modul \u00een care v\u0103 m\u00e2ng\u00e2ie corpul.  <\/p>\n<ul>\n<li>Material rips<\/li>\n<li>Logo \u201dPeach Pump\u201d sigilat termic pe um\u0103r<\/li>\n<li>Elasticitate mare<\/li>\n<li>Design interesant<\/li>\n<li>Compozi\u021bie: 80% poliester 20% spandex<\/li>\n<\/ul>\n<p>  Wedges pot fi sp\u0103late la p\u00e2n\u0103 la 30 de grade, v\u0103 rug\u0103m s\u0103 nu utiliza\u021bi \u00een\u0103lbitor sau cur\u0103\u021bare uscat\u0103. Modelul din imagine are 178 cm \u00een\u0103l\u021bime, c\u00e2nt\u0103re\u0219te 54 kg \u0219i pozeaz\u0103 \u00een m\u0103rimea M. V\u0103 rug\u0103m s\u0103 folosi\u021bi diagramele pentru a alege m\u0103rimea exact\u0103.<\/p>\n","protected":false},"excerpt":{"rendered":"<p>Top sport de dam\u0103, cu m\u00e2nec\u0103 ung\u0103 din material dens de culoare neagr\u0103 Acest model at\u00e2t de interesant este din material rips, st\u0103 frumos pe corp \u0219i are un decolteu decupat. Poate fi asortat cu colanti de aceea\u0219i culoare sau cu colanti de culoare mai deschis\u0103. Bluza este potrivit\u0103 pentru vremea rece de toamn\u0103\/iarn\u0103, ve\u021bi [&hellip;]<\/p>\n","protected":false},"featured_media":24758,"comment_status":"open","ping_status":"closed","template":"","meta":[],"product_brand":[],"product_cat":[365],"product_tag":[],"class_list":{"0":"post-29838","1":"product","2":"type-product","3":"status-publish","4":"has-post-thumbnail","6":"product_cat-tricouri-sport-femei","7":"pa_cviat-negru","8":"pa_razmer-l-ro-2","9":"pa_razmer-m-ro","10":"pa_razmer-s-ro-2","11":"inventories-world","12":"inventories-uk","14":"first","15":"instock","16":"sale","17":"taxable","18":"shipping-taxable","19":"purchasable","20":"product-type-variable"},"_links":{"self":[{"href":"https:\/\/peach-pump.com\/ro\/wp-json\/wp\/v2\/product\/29838","targetHints":{"allow":["GET"]}}],"collection":[{"href":"https:\/\/peach-pump.com\/ro\/wp-json\/wp\/v2\/product"}],"about":[{"href":"https:\/\/peach-pump.com\/ro\/wp-json\/wp\/v2\/types\/product"}],"replies":[{"embeddable":true,"href":"https:\/\/peach-pump.com\/ro\/wp-json\/wp\/v2\/comments?post=29838"}],"version-history":[{"count":0,"href":"https:\/\/peach-pump.com\/ro\/wp-json\/wp\/v2\/product\/29838\/revisions"}],"wp:featuredmedia":[{"embeddable":true,"href":"https:\/\/peach-pump.com\/ro\/wp-json\/wp\/v2\/media\/24758"}],"wp:attachment":[{"href":"https:\/\/peach-pump.com\/ro\/wp-json\/wp\/v2\/media?parent=29838"}],"wp:term":[{"taxonomy":"product_brand","embeddable":true,"href":"https:\/\/peach-pump.com\/ro\/wp-json\/wp\/v2\/product_brand?post=29838"},{"taxonomy":"product_cat","embeddable":true,"href":"https:\/\/peach-pump.com\/ro\/wp-json\/wp\/v2\/product_cat?post=29838"},{"taxonomy":"product_tag","embeddable":true,"href":"https:\/\/peach-pump.com\/ro\/wp-json\/wp\/v2\/product_tag?post=29838"}],"curies":[{"name":"wp","href":"https:\/\/api.w.org\/{rel}","templated":true}]}}