{"id":29759,"date":"2023-01-07T10:14:21","date_gmt":"2023-01-07T08:14:21","guid":{"rendered":"https:\/\/peach-pump.com\/products\/colanti-sport-fara-cusaturi-in-grafit-si-negru\/"},"modified":"2025-06-21T14:25:32","modified_gmt":"2025-06-21T12:25:32","slug":"colanti-fara-cusaturi-grafit-negru","status":"publish","type":"product","link":"https:\/\/peach-pump.com\/ro\/products\/colanti-fara-cusaturi-grafit-negru\/","title":{"rendered":"colanti sport f\u0103r\u0103 cus\u0103turi \u00een grafit \u0219i negru"},"content":{"rendered":"<p>Colan\u021bi de dam\u0103 f\u0103r\u0103 cus\u0103turi, de culoare grafit \u0219i negru, cu un design interesant. Colan\u021bii sunt confec\u021biona\u021bi dintr-o \u021bes\u0103tur\u0103 foarte elastic\u0103 \u0219i respirabil\u0103, care elimin\u0103 transpira\u021bia de corp, f\u0103r\u0103 a l\u0103sa pete. Modelul are o talie \u00eenalt\u0103, o curea larg\u0103 \u0219i efectul nostru preferat Peach. Ace\u0219tia sunt colan\u021bii de care te vei \u00eendr\u0103gosti, st\u0103 frumos, compreseaz\u0103 \u0219i sculpteaz\u0103. Poate fi asociat cu bustiere, bluze sau jachete negre, consulta\u021bi ofertele de pe site-ul nostru.  <\/p>\n<ul>\n<li>Talie \u00eenalt\u0103<\/li>\n<li>\u021aes\u0103tur\u0103 f\u0103r\u0103 cus\u0103turi<\/li>\n<li>Ridic\u0103, modeleaz\u0103, ascunde zonele cu probleme<\/li>\n<li>Efect Peachy<\/li>\n<li>F\u0103r\u0103 cus\u0103tur\u0103 \u00een fa\u021b\u0103<\/li>\n<li>Logo Peach Pump sigilat termic pe partea din spate a colan\u021bilor<\/li>\n<li>Tehnologia de eliminare a transpira\u021biei<\/li>\n<\/ul>\n<p> Compozi\u021bie: 80% poliester 20% spandex. Colan\u021bii pot fi sp\u0103la\u021bi la o temperatur\u0103 de p\u00e2n\u0103 la 30 de grade, v\u0103 rug\u0103m s\u0103 nu folosi\u021bi \u00een\u0103lbitor sau cur\u0103\u021bare uscat\u0103. Modelul din fotografie are o \u00een\u0103l\u021bime de 178 cm, c\u00e2nt\u0103re\u0219te 54 kg \u0219i pozeaz\u0103 \u00een m\u0103rimea M.<\/p>\n","protected":false},"excerpt":{"rendered":"<p>Colan\u021bi de dam\u0103 f\u0103r\u0103 cus\u0103turi, de culoare grafit \u0219i negru, cu un design interesant. Colan\u021bii sunt confec\u021biona\u021bi dintr-o \u021bes\u0103tur\u0103 foarte elastic\u0103 \u0219i respirabil\u0103, care elimin\u0103 transpira\u021bia de corp, f\u0103r\u0103 a l\u0103sa pete. Modelul are o talie \u00eenalt\u0103, o curea larg\u0103 \u0219i efectul nostru preferat Peach. Ace\u0219tia sunt colan\u021bii de care te vei \u00eendr\u0103gosti, st\u0103 frumos, [&hellip;]<\/p>\n","protected":false},"featured_media":28116,"comment_status":"open","ping_status":"closed","template":"","meta":[],"product_brand":[],"product_cat":[146,310],"product_tag":[],"class_list":{"0":"post-29759","1":"product","2":"type-product","3":"status-publish","4":"has-post-thumbnail","6":"product_cat-colanti-de-dama-sport","7":"product_cat-colanti-pentru-femei-lungi","8":"pa_cviat-grafit-negru","9":"pa_razmer-l-ro-2","10":"pa_razmer-m-ro","11":"pa_razmer-s-ro-2","12":"inventories-world","13":"inventories-uk","15":"first","16":"instock","17":"taxable","18":"shipping-taxable","19":"purchasable","20":"product-type-variable"},"_links":{"self":[{"href":"https:\/\/peach-pump.com\/en\/wp-json\/wp\/v2\/product\/29759","targetHints":{"allow":["GET"]}}],"collection":[{"href":"https:\/\/peach-pump.com\/en\/wp-json\/wp\/v2\/product"}],"about":[{"href":"https:\/\/peach-pump.com\/en\/wp-json\/wp\/v2\/types\/product"}],"replies":[{"embeddable":true,"href":"https:\/\/peach-pump.com\/en\/wp-json\/wp\/v2\/comments?post=29759"}],"version-history":[{"count":0,"href":"https:\/\/peach-pump.com\/en\/wp-json\/wp\/v2\/product\/29759\/revisions"}],"wp:featuredmedia":[{"embeddable":true,"href":"https:\/\/peach-pump.com\/en\/wp-json\/wp\/v2\/media\/28116"}],"wp:attachment":[{"href":"https:\/\/peach-pump.com\/en\/wp-json\/wp\/v2\/media?parent=29759"}],"wp:term":[{"taxonomy":"product_brand","embeddable":true,"href":"https:\/\/peach-pump.com\/en\/wp-json\/wp\/v2\/product_brand?post=29759"},{"taxonomy":"product_cat","embeddable":true,"href":"https:\/\/peach-pump.com\/en\/wp-json\/wp\/v2\/product_cat?post=29759"},{"taxonomy":"product_tag","embeddable":true,"href":"https:\/\/peach-pump.com\/en\/wp-json\/wp\/v2\/product_tag?post=29759"}],"curies":[{"name":"wp","href":"https:\/\/api.w.org\/{rel}","templated":true}]}}