{"id":29756,"date":"2023-01-13T13:24:53","date_gmt":"2023-01-13T11:24:53","guid":{"rendered":"https:\/\/peach-pump.com\/products\/colanti-modelatori-roz-fara-cusaturi\/"},"modified":"2026-02-24T09:31:13","modified_gmt":"2026-02-24T07:31:13","slug":"colanti-modelatori-roz-fara-cusaturi","status":"publish","type":"product","link":"https:\/\/peach-pump.com\/ro\/products\/colanti-modelatori-roz-fara-cusaturi\/","title":{"rendered":"Colan\u021bi modelatori roz f\u0103r\u0103 cus\u0103turi"},"content":{"rendered":"<p>Colanti roz fara cusaturi din material dens \u0219i elastic. Acest model este cu talie \u00eenalt\u0103, este mai gros, ideal pentru zilele mai reci de toamn\u0103 \u0219i iarn\u0103. Colantii au o centura lat\u0103, efect push up \u0219i de modelare, at\u00e2t de iubit de marca noastr\u0103. Ve\u021bi fi uimit\u0103 de ace\u0219ti colan\u021bi, de moliciunea lor, de c\u0103ldura \u0219i de modul \u00een care v\u0103 sculpteaz\u0103 silueta. Modelul poate fi combinat cu o bluz\u0103 sau o bustier\u0103, consulta\u021bi propunerile noastre.  <\/p>\n<ul>\n<li> Talie \u00eenalt\u0103<\/li>\n<li> \u021aes\u0103tur\u0103 rips, f\u0103r\u0103 cus\u0103turi<\/li>\n<li> Ridic\u0103, modeleaz\u0103, ascunde zonele cu probleme<\/li>\n<li> Mai gro\u0219i<\/li>\n<li> Centur\u0103 rips care str\u00e2nge talia<\/li>\n<li> Efect Peachy<\/li>\n<li> F\u0103r\u0103 cus\u0103tur\u0103 \u00een fa\u021b\u0103<\/li>\n<li> Logo Peach Pump sigilat termic pe partea din spate a colan\u021bilor<\/li>\n<li> \u021aes\u0103tur\u0103 pentru eliminarea transpira\u021biei<\/li>\n<\/ul>\n<p> Compozi\u021bie: 80% poliester 20% spandex. Colan\u021bii pot fi sp\u0103la\u021bi p\u00e2n\u0103 la 30 de grade, v\u0103 rug\u0103m s\u0103 nu folosi\u021bi \u00een\u0103lbitor sau cur\u0103\u021bare uscat\u0103. Modelul din imagine are 178 cm \u00een\u0103l\u021bime, c\u00e2nt\u0103re\u0219te 54 kg \u0219i pozeaz\u0103 \u00een m\u0103rimea M. V\u0103 rug\u0103m s\u0103 folosi\u021bi diagramele pentru a alege m\u0103rimea exact\u0103.<\/p>\n","protected":false},"excerpt":{"rendered":"<p>Colanti roz fara cusaturi din material dens \u0219i elastic. Acest model este cu talie \u00eenalt\u0103, este mai gros, ideal pentru zilele mai reci de toamn\u0103 \u0219i iarn\u0103. Colantii au o centura lat\u0103, efect push up \u0219i de modelare, at\u00e2t de iubit de marca noastr\u0103. Ve\u021bi fi uimit\u0103 de ace\u0219ti colan\u021bi, de moliciunea lor, de c\u0103ldura [&hellip;]<\/p>\n","protected":false},"featured_media":26320,"comment_status":"open","ping_status":"closed","template":"","meta":[],"product_brand":[],"product_cat":[146,310],"product_tag":[],"class_list":{"0":"post-29756","1":"product","2":"type-product","3":"status-publish","4":"has-post-thumbnail","6":"product_cat-colanti-de-dama-sport","7":"product_cat-colanti-pentru-femei-lungi","8":"pa_cviat-roz-ro","9":"pa_razmer-l-ro-2","10":"pa_razmer-m-ro","11":"pa_razmer-s-ro-2","12":"inventories-world","13":"inventories-uk","15":"first","16":"instock","17":"sale","18":"taxable","19":"shipping-taxable","20":"purchasable","21":"product-type-variable"},"_links":{"self":[{"href":"https:\/\/peach-pump.com\/ro\/wp-json\/wp\/v2\/product\/29756","targetHints":{"allow":["GET"]}}],"collection":[{"href":"https:\/\/peach-pump.com\/ro\/wp-json\/wp\/v2\/product"}],"about":[{"href":"https:\/\/peach-pump.com\/ro\/wp-json\/wp\/v2\/types\/product"}],"replies":[{"embeddable":true,"href":"https:\/\/peach-pump.com\/ro\/wp-json\/wp\/v2\/comments?post=29756"}],"version-history":[{"count":0,"href":"https:\/\/peach-pump.com\/ro\/wp-json\/wp\/v2\/product\/29756\/revisions"}],"wp:featuredmedia":[{"embeddable":true,"href":"https:\/\/peach-pump.com\/ro\/wp-json\/wp\/v2\/media\/26320"}],"wp:attachment":[{"href":"https:\/\/peach-pump.com\/ro\/wp-json\/wp\/v2\/media?parent=29756"}],"wp:term":[{"taxonomy":"product_brand","embeddable":true,"href":"https:\/\/peach-pump.com\/ro\/wp-json\/wp\/v2\/product_brand?post=29756"},{"taxonomy":"product_cat","embeddable":true,"href":"https:\/\/peach-pump.com\/ro\/wp-json\/wp\/v2\/product_cat?post=29756"},{"taxonomy":"product_tag","embeddable":true,"href":"https:\/\/peach-pump.com\/ro\/wp-json\/wp\/v2\/product_tag?post=29756"}],"curies":[{"name":"wp","href":"https:\/\/api.w.org\/{rel}","templated":true}]}}