{"id":29746,"date":"2023-01-14T12:25:32","date_gmt":"2023-01-14T10:25:32","guid":{"rendered":"https:\/\/peach-pump.com\/products\/colanti-de-dama-mov-deschis-cu-dungi-albe-si-efect-push-up\/"},"modified":"2025-07-18T13:23:39","modified_gmt":"2025-07-18T11:23:39","slug":"mov-deschis-colanti-cu-efect-modelator","status":"publish","type":"product","link":"https:\/\/peach-pump.com\/ro\/products\/mov-deschis-colanti-cu-efect-modelator\/","title":{"rendered":"Colanti de dam\u0103 mov deschis cu dungi albe \u0219i efect push up"},"content":{"rendered":"<p>Colan\u021bi f\u0103r\u0103 cus\u0103turi de culoare mov deschis, modelatori, cu un design interesant tip ciorapi sexy. Colan\u021bii au talie \u00eenalt\u0103, centur\u0103 care str\u00e2nge mijlocul \u0219i care fixeaz\u0103 talia. Modelul modeleaz\u0103 perfect corpul cu efectul Peach Pump. Cu acest model wedge nu po\u021bi trece neobservat\u0103.  <\/p>\n<ul>\n<li>Talie \u00eenalt\u0103<\/li>\n<li>\u021aes\u0103tur\u0103 f\u0103r\u0103 cus\u0103turi<\/li>\n<li>Ridic\u0103, modeleaz\u0103, ascunde zonele cu probleme<\/li>\n<li>Efect Peachy<\/li>\n<li>F\u0103r\u0103 cus\u0103tur\u0103 \u00een fa\u021b\u0103<\/li>\n<li>Logo Peach Pump sigilat termic pe partea din spate a colan\u021bilor<\/li>\n<li>Tehnologia de eliminare a transpira\u021biei<\/li>\n<\/ul>\n<p>  Compozi\u021bie: 80% poliester 20% spandex Tricoul poate fi sp\u0103lat la temperaturi de p\u00e2n\u0103 la 30 de grade, v\u0103 rug\u0103m s\u0103 nu \u00een\u0103lbiti sau cur\u0103\u021ba\u021bi \u00een uscat.<br \/>\nModelul din imagine are 178 cm \u00een\u0103l\u021bime, c\u00e2nt\u0103re\u0219te 54 kg \u0219i pozeaz\u0103 \u00een m\u0103rimea M. V\u0103 rug\u0103m s\u0103 folosi\u021bi diagramele pentru a alege o m\u0103rime exact\u0103. <\/p>\n","protected":false},"excerpt":{"rendered":"<p>Colan\u021bi f\u0103r\u0103 cus\u0103turi de culoare mov deschis, modelatori, cu un design interesant tip ciorapi sexy. Colan\u021bii au talie \u00eenalt\u0103, centur\u0103 care str\u00e2nge mijlocul \u0219i care fixeaz\u0103 talia. Modelul modeleaz\u0103 perfect corpul cu efectul Peach Pump. Cu acest model wedge nu po\u021bi trece neobservat\u0103. Talie \u00eenalt\u0103 \u021aes\u0103tur\u0103 f\u0103r\u0103 cus\u0103turi Ridic\u0103, modeleaz\u0103, ascunde zonele cu probleme Efect [&hellip;]<\/p>\n","protected":false},"featured_media":26529,"comment_status":"open","ping_status":"closed","template":"","meta":[],"product_brand":[],"product_cat":[146,310],"product_tag":[],"class_list":{"0":"post-29746","1":"product","2":"type-product","3":"status-publish","4":"has-post-thumbnail","6":"product_cat-colanti-de-dama-sport","7":"product_cat-colanti-pentru-femei-lungi","8":"pa_cviat-violet","9":"pa_razmer-m-ro","10":"pa_razmer-s-ro-2","11":"inventories-world","12":"inventories-uk","14":"first","15":"instock","16":"sale","17":"taxable","18":"shipping-taxable","19":"purchasable","20":"product-type-variable"},"_links":{"self":[{"href":"https:\/\/peach-pump.com\/en\/wp-json\/wp\/v2\/product\/29746","targetHints":{"allow":["GET"]}}],"collection":[{"href":"https:\/\/peach-pump.com\/en\/wp-json\/wp\/v2\/product"}],"about":[{"href":"https:\/\/peach-pump.com\/en\/wp-json\/wp\/v2\/types\/product"}],"replies":[{"embeddable":true,"href":"https:\/\/peach-pump.com\/en\/wp-json\/wp\/v2\/comments?post=29746"}],"version-history":[{"count":0,"href":"https:\/\/peach-pump.com\/en\/wp-json\/wp\/v2\/product\/29746\/revisions"}],"wp:featuredmedia":[{"embeddable":true,"href":"https:\/\/peach-pump.com\/en\/wp-json\/wp\/v2\/media\/26529"}],"wp:attachment":[{"href":"https:\/\/peach-pump.com\/en\/wp-json\/wp\/v2\/media?parent=29746"}],"wp:term":[{"taxonomy":"product_brand","embeddable":true,"href":"https:\/\/peach-pump.com\/en\/wp-json\/wp\/v2\/product_brand?post=29746"},{"taxonomy":"product_cat","embeddable":true,"href":"https:\/\/peach-pump.com\/en\/wp-json\/wp\/v2\/product_cat?post=29746"},{"taxonomy":"product_tag","embeddable":true,"href":"https:\/\/peach-pump.com\/en\/wp-json\/wp\/v2\/product_tag?post=29746"}],"curies":[{"name":"wp","href":"https:\/\/api.w.org\/{rel}","templated":true}]}}