{"id":148492,"date":"2026-04-25T08:35:08","date_gmt":"2026-04-25T06:35:08","guid":{"rendered":"https:\/\/peach-pump.com\/products\/colanti-gri-dama-cusaturi-spectaculoase\/"},"modified":"2026-05-01T10:10:58","modified_gmt":"2026-05-01T08:10:58","slug":"colanti-gri-dama-cusaturi-spectaculoase","status":"publish","type":"product","link":"https:\/\/peach-pump.com\/ro\/products\/colanti-gri-dama-cusaturi-spectaculoase\/","title":{"rendered":"Colan\u021bi gri de dam\u0103 cu cus\u0103turi spectaculoase care urm\u0103resc mu\u0219chii corpului"},"content":{"rendered":"<p class=\"p1\"><span class=\"s2\">Colan\u021bi gri de dam\u0103 cu cus\u0103turi spectaculoase care urm\u0103resc mu\u0219chii corpului , un model cu care nu po\u021bi trece neobservat\u0103. Colan\u021bi sunt concepu\u021bi pentru a accentua silueta, a modela silueta \u0219i a oferi confort maxim at\u00e2t \u00een timpul antrenamentelor, c\u00e2t \u0219i \u00een via\u021ba de zi cu zi.  <\/span><span class=\"s2\">Cus\u0103turile eficiente urm\u0103resc liniile \u0219i mu\u0219chii naturali ai corpului, alungind vizual silueta \u0219i accentu\u00e2nd curbele.  <\/span><\/p>\n<p class=\"p1\"><span class=\"s2\">Modelul are un efect de modelare a fundului cu invisible scrunch <\/span><span class=\"s2\">care ridic\u0103 \u0219i modeleaz\u0103 silueta \u00eentr-un mod natural, f\u0103r\u0103 o cus\u0103tur\u0103 extern\u0103 vizibil\u0103. <\/span> <span class=\"s2\">Sunt fabrica\u021bi din \u021bes\u0103tur\u0103 puternic\u0103 \u0219i str\u00e2mt\u0103 care nu re\u021bine umezeala \u00een corp , ofer\u0103 un sentiment de stabilitate \u0219i libertate de mi\u0219care. Are un buzunar ascuns \u00een talie, care este un detaliu practic \u00een care poate \u00eenc\u0103pea un telefon, cardul de sal\u0103 sau cheile \u00een timpul alerg\u0103rii. <\/span><\/p>\n<p class=\"p1\"><span class=\"s2\">Colan\u021bii sunt finisa\u021bi cu un logo Peach Pump brodat pe fa\u021b\u0103 \u0219i pe spate. Stau foarte spectaculos \u0219i sunt potrivi\u021bi at\u00e2t pentru sport, c\u00e2t \u0219i pentru casual modern <\/span><\/p>\n<ul class=\"ul1\">\n<li class=\"li1\"><span class=\"s2\">\u021aes\u0103tur\u0103 care nu re\u021bine umezeala \u00een corp<\/span><\/li>\n<li class=\"li1\"><span class=\"s2\">Buzunar ascuns \u00een talie pentru telefon, card sau chei<\/span><\/li>\n<li class=\"li1\"><span class=\"s2\">Cus\u0103turi care urm\u0103resc mu\u0219chii \u0219i liniile corpului<\/span><\/li>\n<li class=\"li1\"><span class=\"s2\">Efect de modelare a fundului cu invisible scrunch<\/span><\/li>\n<li class=\"li1\"><span class=\"s2\">Logo-ul Peach Pump brodat pe fa\u021b\u0103 \u0219i pe spate<\/span><\/li>\n<li class=\"li1\"><span class=\"s2\">Alungesc vizual silueta<\/span><\/li>\n<li class=\"li1\"><span class=\"s2\">De asemenea, potrivi\u021bi pentru figura mai \u00eenalt\u0103<\/span><\/li>\n<\/ul>\n<p>Colan\u021bii pot fi sp\u0103la\u021bi la o temperatur\u0103 de p\u00e2n\u0103 la 30 de grade, v\u0103 rug\u0103m s\u0103 nu folosi\u021bi \u00een\u0103lbitor sau cur\u0103\u021bare uscat\u0103.<\/p>\n<p>Modelul din imagine are o \u00een\u0103l\u021bime de 170 cm \u0219i c\u00e2nt\u0103re\u0219te 53 kg. \u0219i pozeaz\u0103 cu o m\u0103rime S. <\/p>\n<p>V\u0103 rug\u0103m s\u0103 utiliza\u021bi tabelele pentru a selecta dimensiunea exact\u0103.<\/p>\n<p>Compozi\u021bie: 73% Poliester 27% Spandex<\/p>\n","protected":false},"excerpt":{"rendered":"<p>Colan\u021bi gri de dam\u0103 cu cus\u0103turi spectaculoase care urm\u0103resc mu\u0219chii corpului , un model cu care nu po\u021bi trece neobservat\u0103. Colan\u021bi sunt concepu\u021bi pentru a accentua silueta, a modela silueta \u0219i a oferi confort maxim at\u00e2t \u00een timpul antrenamentelor, c\u00e2t \u0219i \u00een via\u021ba de zi cu zi. Cus\u0103turile eficiente urm\u0103resc liniile \u0219i mu\u0219chii naturali ai [&hellip;]<\/p>\n","protected":false},"featured_media":147811,"comment_status":"open","ping_status":"closed","template":"","meta":[],"product_brand":[],"product_cat":[146,310],"product_tag":[],"class_list":{"0":"post-148492","1":"product","2":"type-product","3":"status-publish","4":"has-post-thumbnail","6":"product_cat-colanti-de-dama-sport","7":"product_cat-colanti-pentru-femei-lungi","8":"pa_cviat-gri","9":"pa_razmer-l-ro-2","10":"pa_razmer-m-ro","11":"pa_razmer-s-ro-2","12":"inventories-world","14":"first","15":"instock","16":"taxable","17":"shipping-taxable","18":"purchasable","19":"product-type-variable"},"_links":{"self":[{"href":"https:\/\/peach-pump.com\/en\/wp-json\/wp\/v2\/product\/148492","targetHints":{"allow":["GET"]}}],"collection":[{"href":"https:\/\/peach-pump.com\/en\/wp-json\/wp\/v2\/product"}],"about":[{"href":"https:\/\/peach-pump.com\/en\/wp-json\/wp\/v2\/types\/product"}],"replies":[{"embeddable":true,"href":"https:\/\/peach-pump.com\/en\/wp-json\/wp\/v2\/comments?post=148492"}],"version-history":[{"count":0,"href":"https:\/\/peach-pump.com\/en\/wp-json\/wp\/v2\/product\/148492\/revisions"}],"wp:featuredmedia":[{"embeddable":true,"href":"https:\/\/peach-pump.com\/en\/wp-json\/wp\/v2\/media\/147811"}],"wp:attachment":[{"href":"https:\/\/peach-pump.com\/en\/wp-json\/wp\/v2\/media?parent=148492"}],"wp:term":[{"taxonomy":"product_brand","embeddable":true,"href":"https:\/\/peach-pump.com\/en\/wp-json\/wp\/v2\/product_brand?post=148492"},{"taxonomy":"product_cat","embeddable":true,"href":"https:\/\/peach-pump.com\/en\/wp-json\/wp\/v2\/product_cat?post=148492"},{"taxonomy":"product_tag","embeddable":true,"href":"https:\/\/peach-pump.com\/en\/wp-json\/wp\/v2\/product_tag?post=148492"}],"curies":[{"name":"wp","href":"https:\/\/api.w.org\/{rel}","templated":true}]}}