{"id":148482,"date":"2026-04-25T07:56:33","date_gmt":"2026-04-25T05:56:33","guid":{"rendered":"https:\/\/peach-pump.com\/products\/colanti-sport-roz-peach-pump-cusaturi-modelatoare\/"},"modified":"2026-04-25T07:56:33","modified_gmt":"2026-04-25T05:56:33","slug":"colanti-sport-roz-peach-pump-cusaturi-modelatoare","status":"publish","type":"product","link":"https:\/\/peach-pump.com\/ro\/products\/colanti-sport-roz-peach-pump-cusaturi-modelatoare\/","title":{"rendered":"Colan\u021bi sport roz Peach Pump cu cus\u0103tur\u0103 de modelare 3D"},"content":{"rendered":"<p class=\"p1\"><span class=\"s2\">Colan\u021bi sport de dam\u0103 \u00een culoarea roz aprins, potrivi\u021bi pentru fiecare sezon. Modelul este fabricat din \u021bes\u0103tur\u0103 moale \u0219i elastic\u0103, care nu re\u021bine umezeala \u00een corp \u0219i ofer\u0103 confort, u\u0219urin\u021b\u0103 \u0219i libertate de mi\u0219care.  <\/span><span class=\"s2\">Colan\u021bii au o talie cu talie medie care \u00eencadreaz\u0103 \u0219i modeleaz\u0103, cre\u00e2nd o senza\u021bie de siluet\u0103 str\u00e2ns\u0103 \u0219i sculptat\u0103. Cus\u0103turile  <\/span><span class=\"s1\">efective 3D<\/span><span class=\"s2\"> alungesc vizual silueta, accentueaz\u0103 curbele \u0219i creeaz\u0103 iluzia optic\u0103 a unei talii mai mici \u0219i a unui tip de siluet\u0103 <\/span><span class=\"s1\">clepsidr\u0103<\/span><span class=\"s2\">. <\/span><span class=\"s2\">Colan\u021bii sunt disponibili \u00een mai multe culori \u0219i pot fi asorta\u021bi cu o bustier\u0103 \u00een aceea\u0219i culoare pentru un look complet sportiv Peach Pump.<\/span><\/p>\n<p class=\"p1\"><span class=\"s2\">Potrivi\u021bi at\u00e2t pentru antrenamente, c\u00e2t \u0219i pentru look-uri casual moderne, concepu\u021bi pentru a eviden\u021bia feminitatea, a modela silueta \u0219i a atrage privirile din primul moment. <\/span><\/p>\n<ul class=\"ul1\">\n<li class=\"li1\"><span class=\"s2\">\u021aes\u0103tur\u0103 moale care nu re\u021bine umezeala \u00een corp.<\/span><\/li>\n<li class=\"li1\"><span class=\"s2\">Talie \u00eenalt\u0103 pentru o siluet\u0103 ajustat\u0103 \u0219i modelat\u0103.<\/span><\/li>\n<li class=\"li1\"><span class=\"s2\">Cus\u0103turi 3D care alungesc vizual silueta de clepsidr\u0103<\/span><\/li>\n<li class=\"li1\"><span class=\"s2\">Logo-ul Peach Pump sigilat termic pe partea din fa\u021b\u0103<\/span><\/li>\n<li class=\"li1\"><span class=\"s2\">Croial\u0103 elastic\u0103 \u0219i confortabil\u0103<\/span><\/li>\n<li class=\"li1\"><span class=\"s2\">Design sexy, modern<\/span><\/li>\n<li class=\"li1\"><span class=\"s2\">Pot fi combina\u021bi cu o bustier\u0103 \u00een aceea\u0219i culoare<\/span><\/li>\n<\/ul>\n<p>Colan\u021bii pot fi sp\u0103la\u021bi la o temperatur\u0103 de p\u00e2n\u0103 la 30 de grade, v\u0103 rug\u0103m s\u0103 nu folosi\u021bi \u00een\u0103lbitor sau cur\u0103\u021bare uscat\u0103.<\/p>\n<p>Modelul din imagine are o \u00een\u0103l\u021bime de 170 cm \u0219i c\u00e2nt\u0103re\u0219te 53 kg. \u0219i pozeaz\u0103 cu o m\u0103rime S. <\/p>\n<p>V\u0103 rug\u0103m s\u0103 utiliza\u021bi tabelele pentru a selecta dimensiunea exact\u0103.<\/p>\n<p>Compozi\u021bie: 90% Nylon 10% Elastan<\/p>\n","protected":false},"excerpt":{"rendered":"<p>Colan\u021bi sport de dam\u0103 \u00een culoarea roz aprins, potrivi\u021bi pentru fiecare sezon. Modelul este fabricat din \u021bes\u0103tur\u0103 moale \u0219i elastic\u0103, care nu re\u021bine umezeala \u00een corp \u0219i ofer\u0103 confort, u\u0219urin\u021b\u0103 \u0219i libertate de mi\u0219care. Colan\u021bii au o talie cu talie medie care \u00eencadreaz\u0103 \u0219i modeleaz\u0103, cre\u00e2nd o senza\u021bie de siluet\u0103 str\u00e2ns\u0103 \u0219i sculptat\u0103. Cus\u0103turile efective [&hellip;]<\/p>\n","protected":false},"featured_media":147070,"comment_status":"open","ping_status":"closed","template":"","meta":[],"product_brand":[],"product_cat":[146,310],"product_tag":[],"class_list":{"0":"post-148482","1":"product","2":"type-product","3":"status-publish","4":"has-post-thumbnail","6":"product_cat-colanti-de-dama-sport","7":"product_cat-colanti-pentru-femei-lungi","8":"pa_cviat-roz-ro","9":"pa_razmer-m-ro","10":"pa_razmer-s-ro-2","11":"inventories-world","13":"first","14":"instock","15":"taxable","16":"shipping-taxable","17":"purchasable","18":"product-type-simple"},"_links":{"self":[{"href":"https:\/\/peach-pump.com\/ro\/wp-json\/wp\/v2\/product\/148482","targetHints":{"allow":["GET"]}}],"collection":[{"href":"https:\/\/peach-pump.com\/ro\/wp-json\/wp\/v2\/product"}],"about":[{"href":"https:\/\/peach-pump.com\/ro\/wp-json\/wp\/v2\/types\/product"}],"replies":[{"embeddable":true,"href":"https:\/\/peach-pump.com\/ro\/wp-json\/wp\/v2\/comments?post=148482"}],"version-history":[{"count":0,"href":"https:\/\/peach-pump.com\/ro\/wp-json\/wp\/v2\/product\/148482\/revisions"}],"wp:featuredmedia":[{"embeddable":true,"href":"https:\/\/peach-pump.com\/ro\/wp-json\/wp\/v2\/media\/147070"}],"wp:attachment":[{"href":"https:\/\/peach-pump.com\/ro\/wp-json\/wp\/v2\/media?parent=148482"}],"wp:term":[{"taxonomy":"product_brand","embeddable":true,"href":"https:\/\/peach-pump.com\/ro\/wp-json\/wp\/v2\/product_brand?post=148482"},{"taxonomy":"product_cat","embeddable":true,"href":"https:\/\/peach-pump.com\/ro\/wp-json\/wp\/v2\/product_cat?post=148482"},{"taxonomy":"product_tag","embeddable":true,"href":"https:\/\/peach-pump.com\/ro\/wp-json\/wp\/v2\/product_tag?post=148482"}],"curies":[{"name":"wp","href":"https:\/\/api.w.org\/{rel}","templated":true}]}}