{"id":138857,"date":"2025-12-07T20:20:54","date_gmt":"2025-12-07T18:20:54","guid":{"rendered":"https:\/\/peach-pump.com\/products\/geaca-scurta-bej-broderie-spate\/"},"modified":"2026-04-03T08:47:12","modified_gmt":"2026-04-03T06:47:12","slug":"geaca-scurta-bej-broderie-spate","status":"publish","type":"product","link":"https:\/\/peach-pump.com\/ro\/products\/geaca-scurta-bej-broderie-spate\/","title":{"rendered":"Geac\u0103 sport scurt\u0103 bej cu broderie pe spate"},"content":{"rendered":"<p class=\"p1\"><span class=\"s1\">Geac\u0103 sport scurt\u0103 bej cu broderie pe spate din <\/span><span class=\"s2\">\u021bes\u0103tur\u0103 moale \u0219i neted\u0103<\/span><span class=\"s1\">care ofer\u0103 confort pentru sport sau purtare zilnic\u0103. Modelul are  <\/span><span class=\"s2\">fermoar dublu cu logo-ul Peach Pump gravat \u00een fa\u021b\u0103<\/span><span class=\"s1\">care permite diferite moduri de purtare &#8211; complet \u00eencheiat\u0103, pe jum\u0103tate deschis\u0103 sau ca un accent \u00een stil. Geaca are  <\/span><span class=\"s2\">dou\u0103 buzunare laterale care se \u00eenchid cu fermoar, din nou cu fermoare de marc\u0103 gravate<\/span><span class=\"s1\">. M\u00e2necile, gulerul \u0219i tivul inferior sunt <\/span><span class=\"s2\">cu man\u0219ete elastice<\/span><span class=\"s1\">care se potrivesc confortabil \u0219i accentueaz\u0103 silueta sportiv\u0103. Un detaliu special este  <\/span><span class=\"s2\">broderia detaliat\u0103 2D \u0219i 3D de pe spate<\/span><span class=\"s1\">. Pe partea din fa\u021b\u0103 are suplimentar o mic\u0103 sigl\u0103 metalic\u0103 Peach Pump. <\/span><\/p>\n<p class=\"p1\"><span class=\"s1\">\u021aes\u0103tura este extrem de moale, delicat\u0103 pe piele \u0219i rezistent\u0103 \u00een timp &#8211; nu se \u0219ifoneaz\u0103 u\u0219or \u0219i \u00ee\u0219i p\u0103streaz\u0103 forma chiar \u0219i \u00een cazul purt\u0103rii frecvente. Datorit\u0103 croielii scurte moderne, geaca se potrive\u0219te frumos corpului, accentu\u00e2nd silueta f\u0103r\u0103 a restric\u021biona mi\u0219carea.  <\/span>Geaca bej este o solu\u021bie versatil\u0103 \u0219i elegant\u0103, se combin\u0103 cu aproape orice \u0219i ofer\u0103 un aspect curat. <span class=\"s1\">Acesta este un model care combin\u0103 stilul, confortul \u0219i calitatea \u00eenalt\u0103 &#8211; o alegere ideal\u0103 pentru damele care caut\u0103 ceva diferit, la mod\u0103 \u0219i impresionant \u00een garderoba lor sport. <\/span><\/p>\n<p class=\"p1\"><span class=\"s1\"> &#8211; \u021aes\u0103tur\u0103 moale \u0219i pl\u0103cut\u0103 la atingere<\/span><\/p>\n<p class=\"p3\"><span class=\"s1\"> &#8211; Fermoar frontal dublu cu logo-ul Peach Pump gravat.<\/span><\/p>\n<p class=\"p3\"><span class=\"s1\"> &#8211; Buzunare laterale cu \u00eenchidere cu fermoar, din nou cu logo-ul Peach Pump gravat <\/span><\/p>\n<p class=\"p3\"><span class=\"s1\"> &#8211; Man\u0219ete, guler \u0219i tiv inferior cu rips<\/span><\/p>\n<p class=\"p3\"><span class=\"s1\">  &#8211; Broderie 2D \u0219i 3D de calitate pe spate<\/span><\/p>\n<p class=\"p3\"><span class=\"s1\">  &#8211; Siluet\u0103 scurt\u0103 modern\u0103<\/span><\/p>\n<p class=\"p3\"><span class=\"s1\"> &#8211; Potrivit\u0103 pentru look-uri sportive \u0219i casual<\/span><\/p>\n<p>Compozi\u021bie : 52% Modal \/ 43% Poliester \/ 5% Spandex<\/p>\n<p>Geaca poate fi sp\u0103lat\u0103 p\u00e2n\u0103 la 30 de grade, v\u0103 rug\u0103m s\u0103 nu folosi\u021bi \u00een\u0103lbitor sau cur\u0103\u021bare uscat\u0103.<\/p>\n<p>Modelul din imagine are o \u00een\u0103l\u021bime de 170 cm, c\u00e2nt\u0103re\u0219te 52 kg \u0219i pozeaz\u0103 \u00een m\u0103rimea S.<\/p>\n","protected":false},"excerpt":{"rendered":"<p>Geac\u0103 sport scurt\u0103 bej cu broderie pe spate din \u021bes\u0103tur\u0103 moale \u0219i neted\u0103care ofer\u0103 confort pentru sport sau purtare zilnic\u0103. Modelul are fermoar dublu cu logo-ul Peach Pump gravat \u00een fa\u021b\u0103care permite diferite moduri de purtare &#8211; complet \u00eencheiat\u0103, pe jum\u0103tate deschis\u0103 sau ca un accent \u00een stil. Geaca are dou\u0103 buzunare laterale care se [&hellip;]<\/p>\n","protected":false},"featured_media":138584,"comment_status":"open","ping_status":"closed","template":"","meta":[],"product_brand":[],"product_cat":[924,1115],"product_tag":[],"class_list":{"0":"post-138857","1":"product","2":"type-product","3":"status-publish","4":"has-post-thumbnail","6":"product_cat-jachete-dama","7":"product_cat-hanorace-dama-hoodie","8":"pa_cviat-bej","9":"pa_razmer-l-ro-2","10":"pa_razmer-m-ro","11":"pa_razmer-s-ro-2","12":"inventories-world","13":"inventories-pl","15":"first","16":"instock","17":"taxable","18":"shipping-taxable","19":"purchasable","20":"product-type-variable"},"_links":{"self":[{"href":"https:\/\/peach-pump.com\/ro\/wp-json\/wp\/v2\/product\/138857","targetHints":{"allow":["GET"]}}],"collection":[{"href":"https:\/\/peach-pump.com\/ro\/wp-json\/wp\/v2\/product"}],"about":[{"href":"https:\/\/peach-pump.com\/ro\/wp-json\/wp\/v2\/types\/product"}],"replies":[{"embeddable":true,"href":"https:\/\/peach-pump.com\/ro\/wp-json\/wp\/v2\/comments?post=138857"}],"version-history":[{"count":0,"href":"https:\/\/peach-pump.com\/ro\/wp-json\/wp\/v2\/product\/138857\/revisions"}],"wp:featuredmedia":[{"embeddable":true,"href":"https:\/\/peach-pump.com\/ro\/wp-json\/wp\/v2\/media\/138584"}],"wp:attachment":[{"href":"https:\/\/peach-pump.com\/ro\/wp-json\/wp\/v2\/media?parent=138857"}],"wp:term":[{"taxonomy":"product_brand","embeddable":true,"href":"https:\/\/peach-pump.com\/ro\/wp-json\/wp\/v2\/product_brand?post=138857"},{"taxonomy":"product_cat","embeddable":true,"href":"https:\/\/peach-pump.com\/ro\/wp-json\/wp\/v2\/product_cat?post=138857"},{"taxonomy":"product_tag","embeddable":true,"href":"https:\/\/peach-pump.com\/ro\/wp-json\/wp\/v2\/product_tag?post=138857"}],"curies":[{"name":"wp","href":"https:\/\/api.w.org\/{rel}","templated":true}]}}