{"id":136459,"date":"2025-11-22T22:49:04","date_gmt":"2025-11-22T20:49:04","guid":{"rendered":"https:\/\/peach-pump.com\/products\/colanti-sport-albastru-inchitalie-medie-parte-interioara-moale\/"},"modified":"2026-05-07T23:39:49","modified_gmt":"2026-05-07T21:39:49","slug":"colanti-sport-albastru-inchitalie-medie-parte-interioara-moale","status":"publish","type":"product","link":"https:\/\/peach-pump.com\/ro\/products\/colanti-sport-albastru-inchitalie-medie-parte-interioara-moale\/","title":{"rendered":"Colan\u021bi sport albastru \u00eenchis cu talie medie \u0219i parte interioar\u0103 moale"},"content":{"rendered":"<p>Colan\u021bi sport de dam\u0103, de culoare bleumarin \u00eenchis, cu talie medie \u0219i interior moale. Simte adev\u0103ratul confort creat pentru a oferi maxim\u0103 fine\u021be la interior \u0219i potrivire perfect\u0103 la exterior. Confec\u021biona\u021bi din material elastic, f\u0103r\u0103 efect modelator, cu talie medie. Colan\u021bii se muleaz\u0103 pe corp \u0219i eviden\u021biaz\u0103 formele naturale, f\u0103r\u0103 a str\u00e2nge. Interiorul moale \u0219i delicat cu pielea \u00eei face ideali at\u00e2t pentru antrenamente, c\u00e2t \u0219i pentru purtarea zilnic\u0103 sau plimb\u0103rile \u00een vreme mai rece. Materialul este dens \u0219i complet opac. Disponibili \u00een mai multe culori potrivite pentru sezonul de iarn\u0103, u\u0219or de asortat      <\/p>\n<ul>\n<li>Talie medie<\/li>\n<li>\u021aes\u0103tur\u0103 elastic\u0103 (modelul din imagini are 178 cm \u00een\u0103l\u021bime \u0219i c\u00e2nt\u0103re\u0219te 56 kg)<\/li>\n<li>Parte interioar\u0103 moale<\/li>\n<li>Logo \u0219i inscrip\u021bia Peach Pump<\/li>\n<li>\u021aes\u0103tur\u0103 dens\u0103 f\u0103r\u0103 transparen\u021b\u0103<\/li>\n<li>\u021aes\u0103tur\u0103 respirabil\u0103<\/li>\n<li>Potrivi\u021bi pentru sport, plimbare \u0219i uzur\u0103 zilnic\u0103<\/li>\n<\/ul>\n<p>Compozi\u021bie: 80% poliester 20% spandex<\/p>\n<p>Colan\u021bii pot fi sp\u0103la\u021bi la o temperatur\u0103 de p\u00e2n\u0103 la 30 de grade, v\u0103 rug\u0103m s\u0103 nu folosi\u021bi \u00een\u0103lbitor sau cur\u0103\u021bare uscat\u0103.<\/p>\n<p>Modelul din imagine are 178 cm \u00een\u0103l\u021bime, c\u00e2nt\u0103re\u0219te 56 kg \u0219i pozeaz\u0103 \u00een m\u0103rimea S.<\/p>\n<p>V\u0103 rug\u0103m s\u0103 utiliza\u021bi tabelele pentru a selecta dimensiunea exact\u0103.<\/p>\n","protected":false},"excerpt":{"rendered":"<p>Colan\u021bi sport de dam\u0103, de culoare bleumarin \u00eenchis, cu talie medie \u0219i interior moale. Simte adev\u0103ratul confort creat pentru a oferi maxim\u0103 fine\u021be la interior \u0219i potrivire perfect\u0103 la exterior. Confec\u021biona\u021bi din material elastic, f\u0103r\u0103 efect modelator, cu talie medie. Colan\u021bii se muleaz\u0103 pe corp \u0219i eviden\u021biaz\u0103 formele naturale, f\u0103r\u0103 a str\u00e2nge. Interiorul moale \u0219i [&hellip;]<\/p>\n","protected":false},"featured_media":135700,"comment_status":"open","ping_status":"closed","template":"","meta":[],"product_brand":[],"product_cat":[146,310],"product_tag":[],"class_list":{"0":"post-136459","1":"product","2":"type-product","3":"status-publish","4":"has-post-thumbnail","6":"product_cat-colanti-de-dama-sport","7":"product_cat-colanti-pentru-femei-lungi","8":"pa_cviat-albastru-inchis","9":"pa_razmer-l-ro-2","10":"pa_razmer-m-ro","11":"pa_razmer-s-ro-2","12":"inventories-world","13":"inventories-pl","15":"first","16":"instock","17":"taxable","18":"shipping-taxable","19":"purchasable","20":"product-type-variable"},"_links":{"self":[{"href":"https:\/\/peach-pump.com\/en\/wp-json\/wp\/v2\/product\/136459","targetHints":{"allow":["GET"]}}],"collection":[{"href":"https:\/\/peach-pump.com\/en\/wp-json\/wp\/v2\/product"}],"about":[{"href":"https:\/\/peach-pump.com\/en\/wp-json\/wp\/v2\/types\/product"}],"replies":[{"embeddable":true,"href":"https:\/\/peach-pump.com\/en\/wp-json\/wp\/v2\/comments?post=136459"}],"version-history":[{"count":0,"href":"https:\/\/peach-pump.com\/en\/wp-json\/wp\/v2\/product\/136459\/revisions"}],"wp:featuredmedia":[{"embeddable":true,"href":"https:\/\/peach-pump.com\/en\/wp-json\/wp\/v2\/media\/135700"}],"wp:attachment":[{"href":"https:\/\/peach-pump.com\/en\/wp-json\/wp\/v2\/media?parent=136459"}],"wp:term":[{"taxonomy":"product_brand","embeddable":true,"href":"https:\/\/peach-pump.com\/en\/wp-json\/wp\/v2\/product_brand?post=136459"},{"taxonomy":"product_cat","embeddable":true,"href":"https:\/\/peach-pump.com\/en\/wp-json\/wp\/v2\/product_cat?post=136459"},{"taxonomy":"product_tag","embeddable":true,"href":"https:\/\/peach-pump.com\/en\/wp-json\/wp\/v2\/product_tag?post=136459"}],"curies":[{"name":"wp","href":"https:\/\/api.w.org\/{rel}","templated":true}]}}