{"id":136455,"date":"2025-11-22T22:41:29","date_gmt":"2025-11-22T20:41:29","guid":{"rendered":"https:\/\/peach-pump.com\/products\/colanti-sport-negri-talie-medie-parte-interioara-moale\/"},"modified":"2026-04-14T21:00:10","modified_gmt":"2026-04-14T19:00:10","slug":"colanti-sport-negri-talie-medie-parte-interioara-moale","status":"publish","type":"product","link":"https:\/\/peach-pump.com\/ro\/products\/colanti-sport-negri-talie-medie-parte-interioara-moale\/","title":{"rendered":"Colan\u021bi sport negri cu talie medie \u0219i parte interioar\u0103 moale"},"content":{"rendered":"<p>Colan\u021bi sport negri de dam\u0103 cu talie medie \u0219i parte interioar\u0103 moale. Sim\u021bi\u021bi confortul adev\u0103rat conceput pentru a oferi o moliciune maxim\u0103 pe interior \u0219i o potrivire perfect\u0103 pe exterior. Fabrica\u021bi din \u021bes\u0103tur\u0103 elastic\u0103 , f\u0103r\u0103 efect de modelare, cu o talie medie. Colan\u021bii \u00eembr\u0103\u021bi\u0219eaz\u0103 corpul \u0219i pun \u00een valoare formele naturale f\u0103r\u0103 a str\u00e2nge. Partea interioar\u0103 este moale \u0219i delicat\u0103 pe piele, ceea ce o face ideal\u0103 at\u00e2t pentru antrenamente, c\u00e2t \u0219i pentru uzura de zi cu zi, mersul pe jos \u00een vreme mai rece. \u021aes\u0103tura este dens\u0103 \u0219i nu are nicio transparen\u021b\u0103. Sunt disponibili \u00een mai multe culori la mod\u0103 pentru sezonul de iarn\u0103, care sunt u\u0219or de combinat.      <\/p>\n<ul>\n<li>Talie medie<\/li>\n<li>\u021aes\u0103tur\u0103 elastic\u0103 (modelul din imagini are 178 cm \u00een\u0103l\u021bime \u0219i c\u00e2nt\u0103re\u0219te 56 kg)<\/li>\n<li>Parte interioar\u0103 moale<\/li>\n<li>Logo \u0219i inscrip\u021bia Peach Pump<\/li>\n<li>\u021aes\u0103tur\u0103 dens\u0103 f\u0103r\u0103 transparen\u021b\u0103<\/li>\n<li>\u021aes\u0103tur\u0103 respirabil\u0103<\/li>\n<li>Potrivi\u021bi pentru sport, plimbare \u0219i uzur\u0103 zilnic\u0103<\/li>\n<\/ul>\n<p>Compozi\u021bie: 80% poliester 20% spandex<\/p>\n<p>Colan\u021bii pot fi sp\u0103la\u021bi la o temperatur\u0103 de p\u00e2n\u0103 la 30 de grade, v\u0103 rug\u0103m s\u0103 nu folosi\u021bi \u00een\u0103lbitor sau cur\u0103\u021bare uscat\u0103.<\/p>\n<p>Modelul din imagine are 178 cm \u00een\u0103l\u021bime, c\u00e2nt\u0103re\u0219te 56 kg \u0219i pozeaz\u0103 \u00een m\u0103rimea S.<\/p>\n<p>V\u0103 rug\u0103m s\u0103 utiliza\u021bi tabelele pentru a selecta dimensiunea exact\u0103.<\/p>\n","protected":false},"excerpt":{"rendered":"<p>Colan\u021bi sport negri de dam\u0103 cu talie medie \u0219i parte interioar\u0103 moale. Sim\u021bi\u021bi confortul adev\u0103rat conceput pentru a oferi o moliciune maxim\u0103 pe interior \u0219i o potrivire perfect\u0103 pe exterior. Fabrica\u021bi din \u021bes\u0103tur\u0103 elastic\u0103 , f\u0103r\u0103 efect de modelare, cu o talie medie. Colan\u021bii \u00eembr\u0103\u021bi\u0219eaz\u0103 corpul \u0219i pun \u00een valoare formele naturale f\u0103r\u0103 a str\u00e2nge. [&hellip;]<\/p>\n","protected":false},"featured_media":135675,"comment_status":"open","ping_status":"closed","template":"","meta":[],"product_brand":[],"product_cat":[146,310],"product_tag":[],"class_list":{"0":"post-136455","1":"product","2":"type-product","3":"status-publish","4":"has-post-thumbnail","6":"product_cat-colanti-de-dama-sport","7":"product_cat-colanti-pentru-femei-lungi","8":"pa_cviat-negru","9":"pa_razmer-l-ro-2","10":"pa_razmer-m-ro","11":"pa_razmer-s-ro-2","12":"inventories-world","13":"inventories-pl","15":"first","16":"instock","17":"taxable","18":"shipping-taxable","19":"purchasable","20":"product-type-variable"},"_links":{"self":[{"href":"https:\/\/peach-pump.com\/ro\/wp-json\/wp\/v2\/product\/136455","targetHints":{"allow":["GET"]}}],"collection":[{"href":"https:\/\/peach-pump.com\/ro\/wp-json\/wp\/v2\/product"}],"about":[{"href":"https:\/\/peach-pump.com\/ro\/wp-json\/wp\/v2\/types\/product"}],"replies":[{"embeddable":true,"href":"https:\/\/peach-pump.com\/ro\/wp-json\/wp\/v2\/comments?post=136455"}],"version-history":[{"count":0,"href":"https:\/\/peach-pump.com\/ro\/wp-json\/wp\/v2\/product\/136455\/revisions"}],"wp:featuredmedia":[{"embeddable":true,"href":"https:\/\/peach-pump.com\/ro\/wp-json\/wp\/v2\/media\/135675"}],"wp:attachment":[{"href":"https:\/\/peach-pump.com\/ro\/wp-json\/wp\/v2\/media?parent=136455"}],"wp:term":[{"taxonomy":"product_brand","embeddable":true,"href":"https:\/\/peach-pump.com\/ro\/wp-json\/wp\/v2\/product_brand?post=136455"},{"taxonomy":"product_cat","embeddable":true,"href":"https:\/\/peach-pump.com\/ro\/wp-json\/wp\/v2\/product_cat?post=136455"},{"taxonomy":"product_tag","embeddable":true,"href":"https:\/\/peach-pump.com\/ro\/wp-json\/wp\/v2\/product_tag?post=136455"}],"curies":[{"name":"wp","href":"https:\/\/api.w.org\/{rel}","templated":true}]}}