{"id":136451,"date":"2025-11-22T22:32:26","date_gmt":"2025-11-22T20:32:26","guid":{"rendered":"https:\/\/peach-pump.com\/products\/colanti-verde-inchis-fara-cusaturi-talie-medie\/"},"modified":"2026-04-13T20:30:02","modified_gmt":"2026-04-13T18:30:02","slug":"colanti-verde-inchis-fara-cusaturi-talie-medie","status":"publish","type":"product","link":"https:\/\/peach-pump.com\/ro\/products\/colanti-verde-inchis-fara-cusaturi-talie-medie\/","title":{"rendered":"Colan\u021bi f\u0103r\u0103 cus\u0103tur\u0103 verde \u00eenchis cu talie medie"},"content":{"rendered":"<p>Colan\u021bi f\u0103r\u0103 cus\u0103turi verde \u00eenchis crea\u021bi din \u021bes\u0103tur\u0103 groas\u0103 , elastic\u0103 \u0219i moale la atingere. Acest model modeleaz\u0103 perfect corpul are o talie medie, ascunde zonele cu probleme, evacueaz\u0103 umezeala de pe corp \u0219i modeleaz\u0103 fundul piersic\u0103 pentru o siluet\u0103 frumoas\u0103 \u0219i gra\u021bioas\u0103.  Cu acest model v\u0103 ve\u021bi sim\u021bi confortabil \u0219i \u00eencrez\u0103toare. Concepu\u021bi pentru a accentua curbele naturale \u0219i a oferi confort maxim pe tot parcursul zilei. Colan\u021bii se potrivesc ca o a doua piele \u0219i modeleaz\u0103 silueta f\u0103r\u0103 a str\u00e2nge sau a irita pielea. Sunt disponibili \u00een mai multe culori \u00een tendin\u021be pentru acest sezon.  <\/p>\n<ul>\n<li>Talie medie<\/li>\n<li>\u021aes\u0103tur\u0103 f\u0103r\u0103 cus\u0103turi<\/li>\n<li>Ridic\u0103, modeleaz\u0103, ascunde zonele cu probleme<\/li>\n<li>Centur\u0103 rips care str\u00e2nge talia<\/li>\n<li>Efect Peachy<\/li>\n<li>F\u0103r\u0103 cus\u0103tur\u0103 \u00een fa\u021b\u0103<\/li>\n<li>Logo Peach Pump sigilat termic pe partea din spate a colan\u021bilor<\/li>\n<li>Logo-ul Peach Pump pe coaps\u0103<\/li>\n<li>\u021aes\u0103tur\u0103 pentru a \u00eendep\u0103rta umezeala de pe corp<\/li>\n<\/ul>\n<p>Compozi\u021bie: 80% poliester 20% spandex<\/p>\n<p>Colan\u021bii pot fi sp\u0103la\u021bi la o temperatur\u0103 de p\u00e2n\u0103 la 30 de grade, v\u0103 rug\u0103m s\u0103 nu folosi\u021bi \u00een\u0103lbitor sau cur\u0103\u021bare uscat\u0103.<\/p>\n<p>Modelul din imagine are 178 cm \u00een\u0103l\u021bime, c\u00e2nt\u0103re\u0219te 56 kg \u0219i pozeaz\u0103 \u00een m\u0103rimea S.<\/p>\n<p>V\u0103 rug\u0103m s\u0103 utiliza\u021bi tabelele pentru a selecta dimensiunea exact\u0103.<\/p>\n","protected":false},"excerpt":{"rendered":"<p>Colan\u021bi f\u0103r\u0103 cus\u0103turi verde \u00eenchis crea\u021bi din \u021bes\u0103tur\u0103 groas\u0103 , elastic\u0103 \u0219i moale la atingere. Acest model modeleaz\u0103 perfect corpul are o talie medie, ascunde zonele cu probleme, evacueaz\u0103 umezeala de pe corp \u0219i modeleaz\u0103 fundul piersic\u0103 pentru o siluet\u0103 frumoas\u0103 \u0219i gra\u021bioas\u0103. Cu acest model v\u0103 ve\u021bi sim\u021bi confortabil \u0219i \u00eencrez\u0103toare. Concepu\u021bi pentru a [&hellip;]<\/p>\n","protected":false},"featured_media":135596,"comment_status":"open","ping_status":"closed","template":"","meta":[],"product_brand":[],"product_cat":[146,310],"product_tag":[],"class_list":{"0":"post-136451","1":"product","2":"type-product","3":"status-publish","4":"has-post-thumbnail","6":"product_cat-colanti-de-dama-sport","7":"product_cat-colanti-pentru-femei-lungi","8":"pa_cviat-verde","9":"pa_razmer-l-ro-2","10":"pa_razmer-m-ro","11":"pa_razmer-s-ro-2","12":"inventories-world","13":"inventories-pl","15":"first","16":"instock","17":"taxable","18":"shipping-taxable","19":"purchasable","20":"product-type-variable"},"_links":{"self":[{"href":"https:\/\/peach-pump.com\/en\/wp-json\/wp\/v2\/product\/136451","targetHints":{"allow":["GET"]}}],"collection":[{"href":"https:\/\/peach-pump.com\/en\/wp-json\/wp\/v2\/product"}],"about":[{"href":"https:\/\/peach-pump.com\/en\/wp-json\/wp\/v2\/types\/product"}],"replies":[{"embeddable":true,"href":"https:\/\/peach-pump.com\/en\/wp-json\/wp\/v2\/comments?post=136451"}],"version-history":[{"count":0,"href":"https:\/\/peach-pump.com\/en\/wp-json\/wp\/v2\/product\/136451\/revisions"}],"wp:featuredmedia":[{"embeddable":true,"href":"https:\/\/peach-pump.com\/en\/wp-json\/wp\/v2\/media\/135596"}],"wp:attachment":[{"href":"https:\/\/peach-pump.com\/en\/wp-json\/wp\/v2\/media?parent=136451"}],"wp:term":[{"taxonomy":"product_brand","embeddable":true,"href":"https:\/\/peach-pump.com\/en\/wp-json\/wp\/v2\/product_brand?post=136451"},{"taxonomy":"product_cat","embeddable":true,"href":"https:\/\/peach-pump.com\/en\/wp-json\/wp\/v2\/product_cat?post=136451"},{"taxonomy":"product_tag","embeddable":true,"href":"https:\/\/peach-pump.com\/en\/wp-json\/wp\/v2\/product_tag?post=136451"}],"curies":[{"name":"wp","href":"https:\/\/api.w.org\/{rel}","templated":true}]}}