{"id":126412,"date":"2025-07-29T12:08:29","date_gmt":"2025-07-29T10:08:29","guid":{"rendered":"https:\/\/peach-pump.com\/products\/set-bej-sport-fusta-bustiera\/"},"modified":"2026-03-19T19:55:35","modified_gmt":"2026-03-19T17:55:35","slug":"set-bej-sport-fusta-bustiera","status":"publish","type":"product","link":"https:\/\/peach-pump.com\/ro\/products\/set-bej-sport-fusta-bustiera\/","title":{"rendered":"Set sport bej din fust\u0103 cu bustier\u0103"},"content":{"rendered":"<p>Set sport bej la mod\u0103 cu fust\u0103 cu despic\u0103tur\u0103 ad\u00e2nc\u0103 \u0219i colan\u021bi pe dedesubt cu buzunare laterale. Fusta are o bordur\u0103 alb\u0103 \u0219i o talie elastic\u0103 alb\u0103, o inscrip\u021bie discret\u0103 &#8220;Peach Pump&#8221; \u00een partea din spate \u0219i un logo sigilat termic \u00een st\u00e2nga fa\u021b\u0103. Modelul are o talie deasupra buricului \u0219i o despic\u0103tur\u0103 care alunge\u0219te picioarele , \u00een timp ce colan\u021bii de sub fust\u0103 ofer\u0103 libertate deplin\u0103 de mi\u0219care \u00een timp ce practica\u021bi sportul preferat. Buzunarele de pe colan\u021bi sunt ad\u00e2nci \u0219i pute\u021bi stoca un telefon f\u0103r\u0103 probleme. Bustiera are borduri albe sub bust \u0219i bretele reglabile. Modelul are c\u0103ptu\u0219eal\u0103 super Push-up care poate fi \u00eendep\u0103rtat\u0103. \u021aes\u0103tura bustierei este extrem de moale \u0219i elastic\u0103 \u0219i nu re\u021bine umezeala \u00een corp, este potrivit\u0103 pentru alergare, sal\u0103, yoga tenis sau orice alt tip de sport. Exist\u0103 un logo alb sigilat termic pe partea din fa\u021b\u0103 \u0219i din spate a bustierei. Setul este potrivit pentru o plimbare \u00een parc, sal\u0103 de gimnastic\u0103, tenis sau volei.        <\/p>\n<p>Despre bustier\u0103\/sutien sportiv:<\/p>\n<ul>\n<li>Design interesant<\/li>\n<li>Bretele reglabile<\/li>\n<li>C\u0103ptu\u0219eal\u0103 super push-up care poate fi \u00eendep\u0103rtat\u0103<\/li>\n<li>Logo sigilat termic &#8220;Peach Pump&#8221; pe partea din fa\u021b\u0103 \u0219i din spate a bustierei<\/li>\n<li>\u021aes\u0103tur\u0103 care nu re\u021bine umezeala \u00een corp<\/li>\n<\/ul>\n<p>Despre fusta:<\/p>\n<ul>\n<li>Talie \u00eenalt\u0103<\/li>\n<li>Despic\u0103tur\u0103 ad\u00e2nc\u0103<\/li>\n<li>Colan\u021bi pe dedesubt cu buzunare laterale<\/li>\n<li>Inscrip\u021bie discret\u0103 &#8220;Peach Pump&#8221; la partea din spate a elasticului<\/li>\n<li>Logo-ul &#8220;Peach Pump&#8221; sigilat termic pe partea din fa\u021b\u0103 a fustei<\/li>\n<li>\u021aes\u0103tur\u0103 care nu re\u021bine umezeala \u00een corp<\/li>\n<\/ul>\n<p>Compozi\u021bie : 70% Nylon 30% Spandex<\/p>\n<p>Fusta \u0219i bustiera pot fi sp\u0103late la o temperatur\u0103 de p\u00e2n\u0103 la 30 de grade, v\u0103 rug\u0103m s\u0103 nu utiliza\u021bi \u00een\u0103lbitor sau cur\u0103\u021bare chimic\u0103.<\/p>\n<p>Modelul din imagine are o \u00een\u0103l\u021bime de 168 cm, c\u00e2nt\u0103re\u0219te 54 kg \u0219i pozeaz\u0103 \u00een fust\u0103 m\u0103rimea S \u0219i bustier\u0103 m\u0103rimea S.<\/p>\n","protected":false},"excerpt":{"rendered":"<p>Set sport bej la mod\u0103 cu fust\u0103 cu despic\u0103tur\u0103 ad\u00e2nc\u0103 \u0219i colan\u021bi pe dedesubt cu buzunare laterale. Fusta are o bordur\u0103 alb\u0103 \u0219i o talie elastic\u0103 alb\u0103, o inscrip\u021bie discret\u0103 &#8220;Peach Pump&#8221; \u00een partea din spate \u0219i un logo sigilat termic \u00een st\u00e2nga fa\u021b\u0103. Modelul are o talie deasupra buricului \u0219i o despic\u0103tur\u0103 care alunge\u0219te [&hellip;]<\/p>\n","protected":false},"featured_media":125556,"comment_status":"open","ping_status":"closed","template":"","meta":[],"product_brand":[],"product_cat":[367,368],"product_tag":[],"class_list":{"0":"post-126412","1":"product","2":"type-product","3":"status-publish","4":"has-post-thumbnail","6":"product_cat-seturi-de-trening-pentru-femei","7":"product_cat-seturi-colanti-scurti-dama","8":"pa_cviat-bej","9":"inventories-world","11":"first","12":"instock","13":"taxable","14":"shipping-taxable","15":"purchasable","16":"product-type-yith_bundle"},"_links":{"self":[{"href":"https:\/\/peach-pump.com\/ro\/wp-json\/wp\/v2\/product\/126412","targetHints":{"allow":["GET"]}}],"collection":[{"href":"https:\/\/peach-pump.com\/ro\/wp-json\/wp\/v2\/product"}],"about":[{"href":"https:\/\/peach-pump.com\/ro\/wp-json\/wp\/v2\/types\/product"}],"replies":[{"embeddable":true,"href":"https:\/\/peach-pump.com\/ro\/wp-json\/wp\/v2\/comments?post=126412"}],"version-history":[{"count":1,"href":"https:\/\/peach-pump.com\/ro\/wp-json\/wp\/v2\/product\/126412\/revisions"}],"predecessor-version":[{"id":133122,"href":"https:\/\/peach-pump.com\/ro\/wp-json\/wp\/v2\/product\/126412\/revisions\/133122"}],"wp:featuredmedia":[{"embeddable":true,"href":"https:\/\/peach-pump.com\/ro\/wp-json\/wp\/v2\/media\/125556"}],"wp:attachment":[{"href":"https:\/\/peach-pump.com\/ro\/wp-json\/wp\/v2\/media?parent=126412"}],"wp:term":[{"taxonomy":"product_brand","embeddable":true,"href":"https:\/\/peach-pump.com\/ro\/wp-json\/wp\/v2\/product_brand?post=126412"},{"taxonomy":"product_cat","embeddable":true,"href":"https:\/\/peach-pump.com\/ro\/wp-json\/wp\/v2\/product_cat?post=126412"},{"taxonomy":"product_tag","embeddable":true,"href":"https:\/\/peach-pump.com\/ro\/wp-json\/wp\/v2\/product_tag?post=126412"}],"curies":[{"name":"wp","href":"https:\/\/api.w.org\/{rel}","templated":true}]}}