{"id":125282,"date":"2025-07-04T12:49:37","date_gmt":"2025-07-04T10:49:37","guid":{"rendered":"https:\/\/peach-pump.com\/products\/bustiera-sport-alba-decolteu-v-margine-gri\/"},"modified":"2026-04-08T08:48:24","modified_gmt":"2026-04-08T06:48:24","slug":"bustiera-sport-alba-decolteu-v-margine-gri","status":"publish","type":"product","link":"https:\/\/peach-pump.com\/ro\/products\/bustiera-sport-alba-decolteu-v-margine-gri\/","title":{"rendered":"Bustier\u0103 sport alb\u0103 cu decolteu \u00een V \u0219i margine gri"},"content":{"rendered":"<p>Bustier\u0103 sport alb\u0103 cu decolteu \u00een V \u0219i bordur\u0103 retractabil\u0103 gri. Modelul are c\u0103ptu\u0219eal\u0103 super push-up care poate fi \u00eendep\u0103rtat\u0103. \u021aes\u0103tura bustierei este extrem de moale \u0219i elastic\u0103 \u0219i nu re\u021bine umezeala \u00een corp, este potrivit\u0103 pentru alergare, sal\u0103, yoga tenis sau orice alt tip de sport. Are un elastic larg sub bust, care ofer\u0103 confort \u0219i libertate de mi\u0219care. Designul modelului este foarte actual, disponibil \u00een mai multe culori \u0219i poate fi asociat cu o fust\u0103 scurt\u0103 sau colan\u021bi. Are un logo gri sigilat termic pe partea din fa\u021b\u0103 \u0219i din spate a bustului.     <\/p>\n<ul>\n<li>Design interesant<\/li>\n<li>Decolteu ad\u00e2nc \u00een V<\/li>\n<li>C\u0103ptu\u0219eal\u0103 super push-up care poate fi \u00eendep\u0103rtat\u0103<\/li>\n<li>Elastic larg sub bust<\/li>\n<li>Logo sigilat termic &#8220;Peach Pump&#8221; pe partea din fa\u021b\u0103 \u0219i din spate a bustierei<\/li>\n<li>\u021aes\u0103tur\u0103 care nu re\u021bine umezeala \u00een corp<\/li>\n<\/ul>\n<p>Compozi\u021bie: 70% poliester 30% spandex<\/p>\n<p>Bustiera poate fi sp\u0103lat\u0103 la temperaturi de p\u00e2n\u0103 la 30 de grade, v\u0103 rug\u0103m s\u0103 nu folosi\u021bi \u00een\u0103lbitor sau cur\u0103\u021bare uscat\u0103.<\/p>\n<p>Modelul din imagine are o \u00een\u0103l\u021bime de 179 m, c\u00e2nt\u0103re\u0219te 58 kg \u0219i pozeaz\u0103 \u00een m\u0103rimea M.<\/p>\n<p>V\u0103 rug\u0103m s\u0103 utiliza\u021bi tabelele pentru a selecta dimensiunea exact\u0103.<\/p>\n<p>&nbsp;<\/p>\n","protected":false},"excerpt":{"rendered":"<p>Bustier\u0103 sport alb\u0103 cu decolteu \u00een V \u0219i bordur\u0103 retractabil\u0103 gri. Modelul are c\u0103ptu\u0219eal\u0103 super push-up care poate fi \u00eendep\u0103rtat\u0103. \u021aes\u0103tura bustierei este extrem de moale \u0219i elastic\u0103 \u0219i nu re\u021bine umezeala \u00een corp, este potrivit\u0103 pentru alergare, sal\u0103, yoga tenis sau orice alt tip de sport. Are un elastic larg sub bust, care ofer\u0103 [&hellip;]<\/p>\n","protected":false},"featured_media":123066,"comment_status":"open","ping_status":"closed","template":"","meta":[],"product_brand":[],"product_cat":[366],"product_tag":[],"class_list":{"0":"post-125282","1":"product","2":"type-product","3":"status-publish","4":"has-post-thumbnail","6":"product_cat-sutiene-sport-pentru-femei","7":"pa_cviat-alb-ro","8":"pa_razmer-l-ro-2","9":"pa_razmer-m-ro","10":"pa_razmer-s-ro-2","11":"inventories-world","12":"inventories-pl","14":"first","15":"instock","16":"taxable","17":"shipping-taxable","18":"purchasable","19":"product-type-variable"},"_links":{"self":[{"href":"https:\/\/peach-pump.com\/en\/wp-json\/wp\/v2\/product\/125282","targetHints":{"allow":["GET"]}}],"collection":[{"href":"https:\/\/peach-pump.com\/en\/wp-json\/wp\/v2\/product"}],"about":[{"href":"https:\/\/peach-pump.com\/en\/wp-json\/wp\/v2\/types\/product"}],"replies":[{"embeddable":true,"href":"https:\/\/peach-pump.com\/en\/wp-json\/wp\/v2\/comments?post=125282"}],"version-history":[{"count":0,"href":"https:\/\/peach-pump.com\/en\/wp-json\/wp\/v2\/product\/125282\/revisions"}],"wp:featuredmedia":[{"embeddable":true,"href":"https:\/\/peach-pump.com\/en\/wp-json\/wp\/v2\/media\/123066"}],"wp:attachment":[{"href":"https:\/\/peach-pump.com\/en\/wp-json\/wp\/v2\/media?parent=125282"}],"wp:term":[{"taxonomy":"product_brand","embeddable":true,"href":"https:\/\/peach-pump.com\/en\/wp-json\/wp\/v2\/product_brand?post=125282"},{"taxonomy":"product_cat","embeddable":true,"href":"https:\/\/peach-pump.com\/en\/wp-json\/wp\/v2\/product_cat?post=125282"},{"taxonomy":"product_tag","embeddable":true,"href":"https:\/\/peach-pump.com\/en\/wp-json\/wp\/v2\/product_tag?post=125282"}],"curies":[{"name":"wp","href":"https:\/\/api.w.org\/{rel}","templated":true}]}}