{"id":122204,"date":"2025-06-24T10:28:25","date_gmt":"2025-06-24T08:28:25","guid":{"rendered":"https:\/\/peach-pump.com\/products\/sosete-alb-negru-anti-slip-peach-pump\/"},"modified":"2026-04-04T19:05:24","modified_gmt":"2026-04-04T17:05:24","slug":"sosete-alb-negru-anti-slip-peach-pump","status":"publish","type":"product","link":"https:\/\/peach-pump.com\/ro\/products\/sosete-alb-negru-anti-slip-peach-pump\/","title":{"rendered":"\u0218osete sport alb cu negru Anti-slip Peach Pump"},"content":{"rendered":"<p>\u0218osete sport albe cu negru Anti-Slip Peach Pump, au talp\u0103 \u00eent\u0103rit\u0103 care ofer\u0103 durabilitate \u0219i amortizare atunci c\u00e2nd v\u0103 mi\u0219ca\u021bi. Miezul Anti-Slip ofer\u0103 stabilitate pentru yoga, pilates \u0219i orice sport , iar suprafa\u021ba lor plat\u0103 le permite s\u0103 fie purtate cu adida\u0219i \u0219i s\u0103 nu se simt\u0103. Acestea au un logo negru brodat Peach Pump. \u0218osetele sunt din bumbac \u0219i moi, elimin\u00e2nd umezeala.   <\/p>\n<ul>\n<li>Material moale<\/li>\n<li>Anti-slip<\/li>\n<li>De \u00eenalt\u0103 calitate<\/li>\n<li>Elasticitate<\/li>\n<li>80% bumbac<\/li>\n<li>Logo-ul Peach Pump brodat<\/li>\n<li>\u00cent\u0103rite pe talp\u0103 pentru durabilitate<\/li>\n<\/ul>\n<p>Compozi\u021bie: 80% Bumbac, 17% Poliester, 3% Spandex<\/p>\n<p>Pot fi sp\u0103late la 40 \u00b0C f\u0103r\u0103 cur\u0103\u021bare uscat\u0103, uscare la temperatur\u0103 sc\u0103zut\u0103.<\/p>\n<p>\u0218osetele nu pot fi returnate sau schimbate!<\/p>\n","protected":false},"excerpt":{"rendered":"<p>\u0218osete sport albe cu negru Anti-Slip Peach Pump, au talp\u0103 \u00eent\u0103rit\u0103 care ofer\u0103 durabilitate \u0219i amortizare atunci c\u00e2nd v\u0103 mi\u0219ca\u021bi. Miezul Anti-Slip ofer\u0103 stabilitate pentru yoga, pilates \u0219i orice sport , iar suprafa\u021ba lor plat\u0103 le permite s\u0103 fie purtate cu adida\u0219i \u0219i s\u0103 nu se simt\u0103. Acestea au un logo negru brodat Peach Pump. [&hellip;]<\/p>\n","protected":false},"featured_media":121309,"comment_status":"open","ping_status":"closed","template":"","meta":[],"product_brand":[],"product_cat":[779],"product_tag":[],"class_list":{"0":"post-122204","1":"product","2":"type-product","3":"status-publish","4":"has-post-thumbnail","6":"product_cat-accesorii","7":"pa_cviat-alb-negru","8":"pa_razmer-one-size-ro","9":"inventories-world","10":"inventories-pl","12":"first","13":"instock","14":"taxable","15":"shipping-taxable","16":"purchasable","17":"product-type-variable"},"_links":{"self":[{"href":"https:\/\/peach-pump.com\/en\/wp-json\/wp\/v2\/product\/122204","targetHints":{"allow":["GET"]}}],"collection":[{"href":"https:\/\/peach-pump.com\/en\/wp-json\/wp\/v2\/product"}],"about":[{"href":"https:\/\/peach-pump.com\/en\/wp-json\/wp\/v2\/types\/product"}],"replies":[{"embeddable":true,"href":"https:\/\/peach-pump.com\/en\/wp-json\/wp\/v2\/comments?post=122204"}],"version-history":[{"count":0,"href":"https:\/\/peach-pump.com\/en\/wp-json\/wp\/v2\/product\/122204\/revisions"}],"wp:featuredmedia":[{"embeddable":true,"href":"https:\/\/peach-pump.com\/en\/wp-json\/wp\/v2\/media\/121309"}],"wp:attachment":[{"href":"https:\/\/peach-pump.com\/en\/wp-json\/wp\/v2\/media?parent=122204"}],"wp:term":[{"taxonomy":"product_brand","embeddable":true,"href":"https:\/\/peach-pump.com\/en\/wp-json\/wp\/v2\/product_brand?post=122204"},{"taxonomy":"product_cat","embeddable":true,"href":"https:\/\/peach-pump.com\/en\/wp-json\/wp\/v2\/product_cat?post=122204"},{"taxonomy":"product_tag","embeddable":true,"href":"https:\/\/peach-pump.com\/en\/wp-json\/wp\/v2\/product_tag?post=122204"}],"curies":[{"name":"wp","href":"https:\/\/api.w.org\/{rel}","templated":true}]}}