{"id":120970,"date":"2025-06-18T18:02:45","date_gmt":"2025-06-18T16:02:45","guid":{"rendered":"https:\/\/peach-pump.com\/products\/bustiera-sport-neagra-fara-bretele\/"},"modified":"2026-04-05T12:45:31","modified_gmt":"2026-04-05T10:45:31","slug":"bustiera-sport-neagra-fara-bretele","status":"publish","type":"product","link":"https:\/\/peach-pump.com\/ro\/products\/bustiera-sport-neagra-fara-bretele\/","title":{"rendered":"Bustier\u0103 sport neagr\u0103 f\u0103r\u0103 bretele"},"content":{"rendered":"<p>Sutien sport f\u0103r\u0103 bretele de culoare neagr\u0103 cu c\u0103ptu\u0219eal\u0103 Push Up care poate fi \u00eendep\u0103rtat\u0103. Modelul este potrivit pentru var\u0103, pute\u021bi colecta bronzul \u00een timp ce alerga\u021bi, nu vor r\u0103m\u00e2ne goluri de bretea. Bustiera are elastic \u00een partea de jos, astfel bustul r\u0103m\u00e2ne stabil \u0219i ave\u021bi libertate deplin\u0103 de mi\u0219care. Poate fi asortat cu colan\u021bi scur\u021bi sau lungi \u00een aceea\u0219i culoare pentru o not\u0103 final\u0103 perfect\u0103 pentru aspectul t\u0103u de var\u0103 , sportiv.   <\/p>\n<ul>\n<li>C\u0103ptu\u0219eal\u0103 cu efect Push-up<\/li>\n<li>Elastic la partea de jos<\/li>\n<li>Logo-ul \u201ePeach Pump\u201d sigilat termic pe partea st\u00e2ng\u0103 a bustierei<\/li>\n<li>\u021aes\u0103tur\u0103 care nu re\u021bine umezeala \u00een corp<\/li>\n<\/ul>\n<p>Bustiera poate fi sp\u0103lat\u0103 la temperaturi de p\u00e2n\u0103 la 30 de grade, v\u0103 rug\u0103m s\u0103 nu folosi\u021bi \u00een\u0103lbitor, usc\u0103tor de rufe sau cur\u0103\u021bare uscat\u0103.<\/p>\n<p>Modelul din imagine are 167 cm \u00een\u0103l\u021bime, c\u00e2nt\u0103re\u0219te 52 kg \u0219i pozeaz\u0103 \u00een m\u0103rimea M.<\/p>\n<p>V\u0103 rug\u0103m s\u0103 utiliza\u021bi tabelele pentru a selecta dimensiunea exact\u0103<\/p>\n","protected":false},"excerpt":{"rendered":"<p>Sutien sport f\u0103r\u0103 bretele de culoare neagr\u0103 cu c\u0103ptu\u0219eal\u0103 Push Up care poate fi \u00eendep\u0103rtat\u0103. Modelul este potrivit pentru var\u0103, pute\u021bi colecta bronzul \u00een timp ce alerga\u021bi, nu vor r\u0103m\u00e2ne goluri de bretea. Bustiera are elastic \u00een partea de jos, astfel bustul r\u0103m\u00e2ne stabil \u0219i ave\u021bi libertate deplin\u0103 de mi\u0219care. Poate fi asortat cu colan\u021bi [&hellip;]<\/p>\n","protected":false},"featured_media":119893,"comment_status":"open","ping_status":"closed","template":"","meta":[],"product_brand":[],"product_cat":[366],"product_tag":[],"class_list":{"0":"post-120970","1":"product","2":"type-product","3":"status-publish","4":"has-post-thumbnail","6":"product_cat-sutiene-sport-pentru-femei","7":"pa_cviat-negru","8":"pa_razmer-l-ro-2","9":"pa_razmer-m-ro","10":"pa_razmer-s-ro-2","11":"inventories-world","13":"first","14":"instock","15":"sale","16":"taxable","17":"shipping-taxable","18":"purchasable","19":"product-type-variable"},"_links":{"self":[{"href":"https:\/\/peach-pump.com\/en\/wp-json\/wp\/v2\/product\/120970","targetHints":{"allow":["GET"]}}],"collection":[{"href":"https:\/\/peach-pump.com\/en\/wp-json\/wp\/v2\/product"}],"about":[{"href":"https:\/\/peach-pump.com\/en\/wp-json\/wp\/v2\/types\/product"}],"replies":[{"embeddable":true,"href":"https:\/\/peach-pump.com\/en\/wp-json\/wp\/v2\/comments?post=120970"}],"version-history":[{"count":0,"href":"https:\/\/peach-pump.com\/en\/wp-json\/wp\/v2\/product\/120970\/revisions"}],"wp:featuredmedia":[{"embeddable":true,"href":"https:\/\/peach-pump.com\/en\/wp-json\/wp\/v2\/media\/119893"}],"wp:attachment":[{"href":"https:\/\/peach-pump.com\/en\/wp-json\/wp\/v2\/media?parent=120970"}],"wp:term":[{"taxonomy":"product_brand","embeddable":true,"href":"https:\/\/peach-pump.com\/en\/wp-json\/wp\/v2\/product_brand?post=120970"},{"taxonomy":"product_cat","embeddable":true,"href":"https:\/\/peach-pump.com\/en\/wp-json\/wp\/v2\/product_cat?post=120970"},{"taxonomy":"product_tag","embeddable":true,"href":"https:\/\/peach-pump.com\/en\/wp-json\/wp\/v2\/product_tag?post=120970"}],"curies":[{"name":"wp","href":"https:\/\/api.w.org\/{rel}","templated":true}]}}