{"id":120929,"date":"2025-06-16T19:55:15","date_gmt":"2025-06-16T17:55:15","guid":{"rendered":"https:\/\/peach-pump.com\/products\/set-sport-begru-maneca-scurta\/"},"modified":"2025-11-01T15:56:32","modified_gmt":"2025-11-01T13:56:32","slug":"set-sport-begru-maneca-scurta","status":"publish","type":"product","link":"https:\/\/peach-pump.com\/ro\/products\/set-sport-begru-maneca-scurta\/","title":{"rendered":"Set sport negru cu m\u00e2neci scurte"},"content":{"rendered":"<p>Set sport negru de dam\u0103, colan\u021bi cu un design curat, f\u0103r\u0103 efect de modelare \u0219i bluz\u0103 cu m\u00e2nec\u0103 scurt\u0103. Bluza are c\u0103ptu\u0219eal\u0103, care este deta\u0219abil\u0103, potrivit\u0103 pentru fitness, alergare, exerci\u021bii aerobice sau o plimbare \u00een parc, are un elastic ascuns \u00een partea de jos \u0219i o \u021bes\u0103tur\u0103 care nu re\u021bine umezeala \u00een corp. Colan\u021bii nu au cus\u0103tur\u0103 \u00een fa\u021b\u0103, ceea ce este preferat de majoritatea doamnelor \u0219i au o cus\u0103tur\u0103 \u00een partea din spate. \u021aes\u0103tur\u0103 de var\u0103 elastic\u0103 care modeleaz\u0103 corpul \u0219i o talie larg\u0103 care accentueaz\u0103 mijlocul. Are un logo 3D \u00een partea din fa\u021b\u0103 \u0219i din spate a colan\u021bilor. Cus\u0103turile modelului sunt plate \u0219i nu provoac\u0103 irita\u021bii. Este potrivit pentru antrenament de for\u021b\u0103 sau aerobic, nu re\u021bine umezeala \u00een corp. Setul este disponibil \u00een mai multe culori.       <\/p>\n<p>Despre bluz\u0103:<\/p>\n<ul>\n<li>C\u0103ptu\u0219eal\u0103 care poate fi \u00eendep\u0103rtat\u0103<\/li>\n<li>Elastic ascuns la partea de jos<\/li>\n<li>Se muleaz\u0103 perfect pe corp<\/li>\n<li>Logo &#8220;Peach Pump&#8221; sigilat termic pe um\u0103r<\/li>\n<li>\u021aes\u0103tur\u0103 care nu re\u021bine umezeala \u00een corp<\/li>\n<\/ul>\n<p>Despre colan\u021bi:<\/p>\n<ul>\n<li>\u021aes\u0103tur\u0103 de var\u0103 u\u0219oar\u0103 elastic\u0103<\/li>\n<li>Cus\u0103turi plate<\/li>\n<li>F\u0103r\u0103 cus\u0103tur\u0103 \u00een fa\u021b\u0103<\/li>\n<li>Cus\u0103tur\u0103 la partea din spate a colan\u021bilor<\/li>\n<li>Talie lat\u0103 care accentueaz\u0103 talia<\/li>\n<li>Logo 3D \u201ePeach Pump\u201d pe partea din spate \u0219i din fa\u021b\u0103 a colan\u021bilor<\/li>\n<li>\u021aes\u0103tur\u0103 care nu re\u021bine umezeala \u00een corp<\/li>\n<\/ul>\n<p>Compozi\u021bie: spandex \u0219i poliester<\/p>\n<p>Setul poate fi sp\u0103lat p\u00e2n\u0103 la 30 de grade, v\u0103 rug\u0103m s\u0103 nu folosi\u021bi \u00een\u0103lbitor, usc\u0103tor sau cur\u0103\u021bare uscat\u0103.<\/p>\n<p>Modelul din imagine are 178 cm \u00een\u0103l\u021bime, c\u00e2nt\u0103re\u0219te 57 kg \u0219i pozeaz\u0103 \u00een m\u0103rimea M pentru o bluz\u0103 \u0219i colan\u021bi.<\/p>\n<p>V\u0103 rug\u0103m s\u0103 utiliza\u021bi tabelele pentru a selecta dimensiunea exact\u0103<\/p>\n","protected":false},"excerpt":{"rendered":"<p>Set sport negru de dam\u0103, colan\u021bi cu un design curat, f\u0103r\u0103 efect de modelare \u0219i bluz\u0103 cu m\u00e2nec\u0103 scurt\u0103. Bluza are c\u0103ptu\u0219eal\u0103, care este deta\u0219abil\u0103, potrivit\u0103 pentru fitness, alergare, exerci\u021bii aerobice sau o plimbare \u00een parc, are un elastic ascuns \u00een partea de jos \u0219i o \u021bes\u0103tur\u0103 care nu re\u021bine umezeala \u00een corp. Colan\u021bii nu [&hellip;]<\/p>\n","protected":false},"featured_media":119122,"comment_status":"open","ping_status":"closed","template":"","meta":[],"product_brand":[],"product_cat":[367,369],"product_tag":[],"class_list":{"0":"post-120929","1":"product","2":"type-product","3":"status-publish","4":"has-post-thumbnail","6":"product_cat-seturi-de-trening-pentru-femei","7":"product_cat-seturi-sport-cu-colanti","8":"pa_cviat-negru","9":"inventories-world","11":"first","12":"instock","13":"taxable","14":"shipping-taxable","15":"purchasable","16":"product-type-yith_bundle"},"_links":{"self":[{"href":"https:\/\/peach-pump.com\/en\/wp-json\/wp\/v2\/product\/120929","targetHints":{"allow":["GET"]}}],"collection":[{"href":"https:\/\/peach-pump.com\/en\/wp-json\/wp\/v2\/product"}],"about":[{"href":"https:\/\/peach-pump.com\/en\/wp-json\/wp\/v2\/types\/product"}],"replies":[{"embeddable":true,"href":"https:\/\/peach-pump.com\/en\/wp-json\/wp\/v2\/comments?post=120929"}],"version-history":[{"count":1,"href":"https:\/\/peach-pump.com\/en\/wp-json\/wp\/v2\/product\/120929\/revisions"}],"predecessor-version":[{"id":133575,"href":"https:\/\/peach-pump.com\/en\/wp-json\/wp\/v2\/product\/120929\/revisions\/133575"}],"wp:featuredmedia":[{"embeddable":true,"href":"https:\/\/peach-pump.com\/en\/wp-json\/wp\/v2\/media\/119122"}],"wp:attachment":[{"href":"https:\/\/peach-pump.com\/en\/wp-json\/wp\/v2\/media?parent=120929"}],"wp:term":[{"taxonomy":"product_brand","embeddable":true,"href":"https:\/\/peach-pump.com\/en\/wp-json\/wp\/v2\/product_brand?post=120929"},{"taxonomy":"product_cat","embeddable":true,"href":"https:\/\/peach-pump.com\/en\/wp-json\/wp\/v2\/product_cat?post=120929"},{"taxonomy":"product_tag","embeddable":true,"href":"https:\/\/peach-pump.com\/en\/wp-json\/wp\/v2\/product_tag?post=120929"}],"curies":[{"name":"wp","href":"https:\/\/api.w.org\/{rel}","templated":true}]}}