{"id":120909,"date":"2025-06-15T22:11:57","date_gmt":"2025-06-15T20:11:57","guid":{"rendered":"https:\/\/peach-pump.com\/products\/colani-sport-dama-negri-simpli\/"},"modified":"2025-11-01T16:01:25","modified_gmt":"2025-11-01T14:01:25","slug":"colani-sport-dama-negri-simpli","status":"publish","type":"product","link":"https:\/\/peach-pump.com\/ro\/products\/colani-sport-dama-negri-simpli\/","title":{"rendered":"Colan\u021bi sport de dam\u0103 negri cu design simplu"},"content":{"rendered":"<p>Colan\u021bi sport de dam\u0103 de culoare neagr\u0103 cu design curat , f\u0103r\u0103 efect de modelare. Modelul nu are cus\u0103tur\u0103 \u00een fa\u021b\u0103, ceea ce este preferat de majoritatea doamnelor \u0219i are o cus\u0103tur\u0103 \u00een partea din spate a colan\u021bilor. \u021aes\u0103tur\u0103 elastic\u0103 de var\u0103 care modeleaz\u0103 corpul \u0219i o talie lat\u0103 care subliniaz\u0103 mijlocul. Are un logo 3D \u00een partea din fa\u021b\u0103 \u0219i din spate a colan\u021bilor. Cus\u0103turile modelului sunt plate \u0219i nu provoac\u0103 irita\u021bii. Sunt potrivi\u021bi pentru antrenament de for\u021b\u0103 sau aerobic, nu re\u021bine umezeala \u00een corp. Pot fi combina\u021bi cu o bluz\u0103 scurt\u0103 \u00eentr-un set , fabricat\u0103 din aceea\u0219i \u021bes\u0103tur\u0103.      <\/p>\n<ul>\n<li>\u021aes\u0103tur\u0103 de var\u0103 u\u0219oar\u0103 elastic\u0103<\/li>\n<li>Cus\u0103turi plate<\/li>\n<li>F\u0103r\u0103 cus\u0103tur\u0103 \u00een fa\u021b\u0103<\/li>\n<li>Cus\u0103tur\u0103 la partea din spate a colan\u021bilor<\/li>\n<li>Talie lat\u0103 care accentueaz\u0103 talia<\/li>\n<li>Logo 3D \u201ePeach Pump\u201d pe partea din spate \u0219i din fa\u021b\u0103 a colan\u021bilor<\/li>\n<li>\u021aes\u0103tur\u0103 care nu re\u021bine umezeala \u00een corp<\/li>\n<\/ul>\n<p>Compozi\u021bie: spandex \u0219i poliester<\/p>\n<p>Colan\u021bii pot fi sp\u0103la\u021bi la o temperatur\u0103 de p\u00e2n\u0103 la 30 de grade, v\u0103 rug\u0103m s\u0103 nu \u00eei \u00een\u0103lbi\u021bi, nu folosi\u021bi usc\u0103tor sau cur\u0103\u021bare chimic\u0103.<\/p>\n<p>Modelul din imagine are 178 cm \u00een\u0103l\u021bime, c\u00e2nt\u0103re\u0219te 57 kg \u0219i pozeaz\u0103 \u00een m\u0103rimea M.<\/p>\n<p>V\u0103 rug\u0103m s\u0103 utiliza\u021bi tabelele pentru a selecta dimensiunea exact\u0103<\/p>\n","protected":false},"excerpt":{"rendered":"<p>Colan\u021bi sport de dam\u0103 de culoare neagr\u0103 cu design curat , f\u0103r\u0103 efect de modelare. Modelul nu are cus\u0103tur\u0103 \u00een fa\u021b\u0103, ceea ce este preferat de majoritatea doamnelor \u0219i are o cus\u0103tur\u0103 \u00een partea din spate a colan\u021bilor. \u021aes\u0103tur\u0103 elastic\u0103 de var\u0103 care modeleaz\u0103 corpul \u0219i o talie lat\u0103 care subliniaz\u0103 mijlocul. Are un logo [&hellip;]<\/p>\n","protected":false},"featured_media":118814,"comment_status":"open","ping_status":"closed","template":"","meta":[],"product_brand":[],"product_cat":[146,310],"product_tag":[],"class_list":{"0":"post-120909","1":"product","2":"type-product","3":"status-publish","4":"has-post-thumbnail","6":"product_cat-colanti-de-dama-sport","7":"product_cat-colanti-pentru-femei-lungi","8":"pa_cviat-negru","9":"pa_razmer-l-ro-2","10":"pa_razmer-m-ro","11":"pa_razmer-s-ro-2","12":"inventories-world","14":"first","15":"instock","16":"taxable","17":"shipping-taxable","18":"purchasable","19":"product-type-variable"},"_links":{"self":[{"href":"https:\/\/peach-pump.com\/ro\/wp-json\/wp\/v2\/product\/120909","targetHints":{"allow":["GET"]}}],"collection":[{"href":"https:\/\/peach-pump.com\/ro\/wp-json\/wp\/v2\/product"}],"about":[{"href":"https:\/\/peach-pump.com\/ro\/wp-json\/wp\/v2\/types\/product"}],"replies":[{"embeddable":true,"href":"https:\/\/peach-pump.com\/ro\/wp-json\/wp\/v2\/comments?post=120909"}],"version-history":[{"count":0,"href":"https:\/\/peach-pump.com\/ro\/wp-json\/wp\/v2\/product\/120909\/revisions"}],"wp:featuredmedia":[{"embeddable":true,"href":"https:\/\/peach-pump.com\/ro\/wp-json\/wp\/v2\/media\/118814"}],"wp:attachment":[{"href":"https:\/\/peach-pump.com\/ro\/wp-json\/wp\/v2\/media?parent=120909"}],"wp:term":[{"taxonomy":"product_brand","embeddable":true,"href":"https:\/\/peach-pump.com\/ro\/wp-json\/wp\/v2\/product_brand?post=120909"},{"taxonomy":"product_cat","embeddable":true,"href":"https:\/\/peach-pump.com\/ro\/wp-json\/wp\/v2\/product_cat?post=120909"},{"taxonomy":"product_tag","embeddable":true,"href":"https:\/\/peach-pump.com\/ro\/wp-json\/wp\/v2\/product_tag?post=120909"}],"curies":[{"name":"wp","href":"https:\/\/api.w.org\/{rel}","templated":true}]}}