{"id":120905,"date":"2025-06-18T18:43:58","date_gmt":"2025-06-18T16:43:58","guid":{"rendered":"https:\/\/peach-pump.com\/products\/bustiera-neagra-sexy-decolteu-adanc-v\/"},"modified":"2026-03-29T09:51:48","modified_gmt":"2026-03-29T07:51:48","slug":"bustiera-neagra-sexy-decolteu-adanc-v","status":"publish","type":"product","link":"https:\/\/peach-pump.com\/ro\/products\/bustiera-neagra-sexy-decolteu-adanc-v\/","title":{"rendered":"Bustier\u0103 sexy neagr\u0103 cu decolteu ad\u00e2nc \u00een V"},"content":{"rendered":"<p>Bustier\u0103 sport neagr\u0103 cu decolteu ad\u00e2nc \u00een V \u0219i c\u0103ptu\u0219eal\u0103 deta\u0219abil\u0103. Modelul este confec\u021bionat dintr-o \u021bes\u0103tur\u0103 moale, foarte elastic\u0103 \u0219i respirabil\u0103, care \u00eendep\u0103rteaz\u0103 umezeala de corp. Bustiera are un design sexy \u00een V ideal pentru zilele fierbin\u021bi de var\u0103, poate fi purtat\u0103 sub haine \u0219i va r\u0103m\u00e2ne discret\u0103, iar tu vei sim\u021bi confort \u0219i libertate de mi\u0219care. Disponibil\u0103 \u0219i \u00een negru. <\/p>\n<ul>\n<li> C\u0103ptu\u0219eal\u0103 , deta\u0219abil\u0103<\/li>\n<li> Efect Push-Up<\/li>\n<li> Elasticitate mare<\/li>\n<li> Logo Peach Pump sigilat termic lateral pe bustier\u0103<\/li>\n<li> Tehnologie pentru \u00eendep\u0103rtarea umidit\u0103\u021bii din corp<\/li>\n<\/ul>\n<p>Compozi\u021bie: 80% poliester 20% spandex<\/p>\n<p>Bustiera poate fi sp\u0103lat\u0103 la temperaturi de p\u00e2n\u0103 la 30 de grade, v\u0103 rug\u0103m s\u0103 nu folosi\u021bi \u00een\u0103lbitor sau cur\u0103\u021bare uscat\u0103.<\/p>\n<p>Modelul din imagine are 166 cm \u00een\u0103l\u021bime, c\u00e2nt\u0103re\u0219te 52 kg \u0219i pozeaz\u0103 \u00een m\u0103rimea S.<\/p>\n<p>V\u0103 rug\u0103m s\u0103 utiliza\u021bi tabelele pentru a selecta dimensiunea exact\u0103.<\/p>\n","protected":false},"excerpt":{"rendered":"<p>Bustier\u0103 sport neagr\u0103 cu decolteu ad\u00e2nc \u00een V \u0219i c\u0103ptu\u0219eal\u0103 deta\u0219abil\u0103. Modelul este confec\u021bionat dintr-o \u021bes\u0103tur\u0103 moale, foarte elastic\u0103 \u0219i respirabil\u0103, care \u00eendep\u0103rteaz\u0103 umezeala de corp. Bustiera are un design sexy \u00een V ideal pentru zilele fierbin\u021bi de var\u0103, poate fi purtat\u0103 sub haine \u0219i va r\u0103m\u00e2ne discret\u0103, iar tu vei sim\u021bi confort \u0219i libertate [&hellip;]<\/p>\n","protected":false},"featured_media":120157,"comment_status":"open","ping_status":"closed","template":"","meta":[],"product_brand":[],"product_cat":[366],"product_tag":[],"class_list":{"0":"post-120905","1":"product","2":"type-product","3":"status-publish","4":"has-post-thumbnail","6":"product_cat-sutiene-sport-pentru-femei","7":"pa_cviat-negru","8":"pa_razmer-l-ro-2","9":"pa_razmer-m-ro","10":"pa_razmer-s-ro-2","11":"inventories-world","13":"first","14":"instock","15":"sale","16":"taxable","17":"shipping-taxable","18":"purchasable","19":"product-type-variable"},"_links":{"self":[{"href":"https:\/\/peach-pump.com\/ro\/wp-json\/wp\/v2\/product\/120905","targetHints":{"allow":["GET"]}}],"collection":[{"href":"https:\/\/peach-pump.com\/ro\/wp-json\/wp\/v2\/product"}],"about":[{"href":"https:\/\/peach-pump.com\/ro\/wp-json\/wp\/v2\/types\/product"}],"replies":[{"embeddable":true,"href":"https:\/\/peach-pump.com\/ro\/wp-json\/wp\/v2\/comments?post=120905"}],"version-history":[{"count":0,"href":"https:\/\/peach-pump.com\/ro\/wp-json\/wp\/v2\/product\/120905\/revisions"}],"wp:featuredmedia":[{"embeddable":true,"href":"https:\/\/peach-pump.com\/ro\/wp-json\/wp\/v2\/media\/120157"}],"wp:attachment":[{"href":"https:\/\/peach-pump.com\/ro\/wp-json\/wp\/v2\/media?parent=120905"}],"wp:term":[{"taxonomy":"product_brand","embeddable":true,"href":"https:\/\/peach-pump.com\/ro\/wp-json\/wp\/v2\/product_brand?post=120905"},{"taxonomy":"product_cat","embeddable":true,"href":"https:\/\/peach-pump.com\/ro\/wp-json\/wp\/v2\/product_cat?post=120905"},{"taxonomy":"product_tag","embeddable":true,"href":"https:\/\/peach-pump.com\/ro\/wp-json\/wp\/v2\/product_tag?post=120905"}],"curies":[{"name":"wp","href":"https:\/\/api.w.org\/{rel}","templated":true}]}}