{"id":115512,"date":"2025-05-09T13:56:33","date_gmt":"2025-05-09T11:56:33","guid":{"rendered":"https:\/\/peach-pump.com\/products\/set-colanti-scurti-roz-buzunare-bustiera\/"},"modified":"2026-03-05T13:43:03","modified_gmt":"2026-03-05T11:43:03","slug":"set-colanti-scurti-roz-buzunare-bustiera","status":"publish","type":"product","link":"https:\/\/peach-pump.com\/ro\/products\/set-colanti-scurti-roz-buzunare-bustiera\/","title":{"rendered":"Set colan\u021bi scur\u021bi roz cu buzunare \u0219i bustier\u0103"},"content":{"rendered":"<p>Set roz, colan\u021bi scur\u021bi cu buzunare \u0219i bustier\u0103 c\u0103ptu\u0219it\u0103. Colan\u021bii sunt moi la atingere materialul are o cus\u0103tur\u0103 elastic\u0103 \u00een spate de tip &#8220;invisible scrunch&#8221; care modeleaz\u0103 perfect corpul, au dou\u0103 buzunare laterale potrivite pentru telefon sau card de fitness \u0219i ofer\u0103 confort \u00een timpul exerci\u021biilor fizice. Talia larg\u0103 str\u00e2nge u\u0219or talia \u0219i sculpteaz\u0103 silueta. Bustiera are bretele reglabile, c\u0103ptu\u0219eal\u0103 care este deta\u0219abil\u0103 dac\u0103 se dore\u0219te. Setul sportiv poate fi asociat cu un accesoriu &#8211; o \u0219apc\u0103, \u0219osete sau geac\u0103 de la brand pentru o not\u0103 final\u0103 perfect\u0103 pentru look-ul Peach Pump.    <\/p>\n<p>Pentru Bustier\u0103:<\/p>\n<ul>\n<li> C\u0103ptu\u0219eal\u0103 , deta\u0219abil\u0103<\/li>\n<li> Efect Push-Up<\/li>\n<li> Bretele reglabile<\/li>\n<li> Elasticitate mare<\/li>\n<li> Logo Peach Pump sigilat termic lateral pe bustier\u0103<\/li>\n<li> \u021aes\u0103tur\u0103 care \u00eendep\u0103rteaz\u0103 umezeala de pe corp<\/li>\n<\/ul>\n<p>Pentru Colan\u021bi:<\/p>\n<ul>\n<li>Talie \u00eenalt\u0103<\/li>\n<li>Dou\u0103 buzunare laterale<\/li>\n<li>\u021aes\u0103tur\u0103 f\u0103r\u0103 cus\u0103turi<\/li>\n<li>Ridic\u0103, modeleaz\u0103 \u0219i str\u00e2nge<\/li>\n<li>Ascunde zonele cu probleme<\/li>\n<li>Efect tip Peachy &#8220;scrunch invizibil&#8221;<\/li>\n<li>Logo Peach Pump sigilat termic pe partea din spate a colan\u021bilor<\/li>\n<li>Logo-ul Peach Pump sigilat termic pe partea din fa\u021b\u0103 a buzunarului colan\u021bilor<\/li>\n<li>\u021aes\u0103tur\u0103 f\u0103r\u0103 cus\u0103turi care nu re\u021bine umezeala \u00een corp<\/li>\n<\/ul>\n<p>Compozi\u021bie: 92% Nylon; 8% Spandex<\/p>\n<p>Setul poate fi sp\u0103lat p\u00e2n\u0103 la 30 de grade, v\u0103 rug\u0103m s\u0103 nu folosi\u021bi \u00een\u0103lbitor sau cur\u0103\u021bare uscat\u0103.<\/p>\n<p>Modelul din imagine are o \u00een\u0103l\u021bime de 168 cm, c\u00e2nt\u0103re\u0219te 51 kg \u0219i pozeaz\u0103 \u00een colan\u021bi m\u0103rimea S \u0219i bustier\u0103 m\u0103rimea S.<\/p>\n","protected":false},"excerpt":{"rendered":"<p>Set roz, colan\u021bi scur\u021bi cu buzunare \u0219i bustier\u0103 c\u0103ptu\u0219it\u0103. Colan\u021bii sunt moi la atingere materialul are o cus\u0103tur\u0103 elastic\u0103 \u00een spate de tip &#8220;invisible scrunch&#8221; care modeleaz\u0103 perfect corpul, au dou\u0103 buzunare laterale potrivite pentru telefon sau card de fitness \u0219i ofer\u0103 confort \u00een timpul exerci\u021biilor fizice. Talia larg\u0103 str\u00e2nge u\u0219or talia \u0219i sculpteaz\u0103 silueta. [&hellip;]<\/p>\n","protected":false},"featured_media":114632,"comment_status":"open","ping_status":"closed","template":"","meta":[],"product_brand":[],"product_cat":[367,368],"product_tag":[],"class_list":{"0":"post-115512","1":"product","2":"type-product","3":"status-publish","4":"has-post-thumbnail","6":"product_cat-seturi-de-trening-pentru-femei","7":"product_cat-seturi-colanti-scurti-dama","8":"pa_cviat-roz-ro","9":"inventories-world","11":"first","12":"instock","13":"virtual","14":"taxable","15":"purchasable","16":"product-type-yith_bundle"},"_links":{"self":[{"href":"https:\/\/peach-pump.com\/en\/wp-json\/wp\/v2\/product\/115512","targetHints":{"allow":["GET"]}}],"collection":[{"href":"https:\/\/peach-pump.com\/en\/wp-json\/wp\/v2\/product"}],"about":[{"href":"https:\/\/peach-pump.com\/en\/wp-json\/wp\/v2\/types\/product"}],"replies":[{"embeddable":true,"href":"https:\/\/peach-pump.com\/en\/wp-json\/wp\/v2\/comments?post=115512"}],"version-history":[{"count":0,"href":"https:\/\/peach-pump.com\/en\/wp-json\/wp\/v2\/product\/115512\/revisions"}],"wp:featuredmedia":[{"embeddable":true,"href":"https:\/\/peach-pump.com\/en\/wp-json\/wp\/v2\/media\/114632"}],"wp:attachment":[{"href":"https:\/\/peach-pump.com\/en\/wp-json\/wp\/v2\/media?parent=115512"}],"wp:term":[{"taxonomy":"product_brand","embeddable":true,"href":"https:\/\/peach-pump.com\/en\/wp-json\/wp\/v2\/product_brand?post=115512"},{"taxonomy":"product_cat","embeddable":true,"href":"https:\/\/peach-pump.com\/en\/wp-json\/wp\/v2\/product_cat?post=115512"},{"taxonomy":"product_tag","embeddable":true,"href":"https:\/\/peach-pump.com\/en\/wp-json\/wp\/v2\/product_tag?post=115512"}],"curies":[{"name":"wp","href":"https:\/\/api.w.org\/{rel}","templated":true}]}}