{"id":115499,"date":"2025-05-09T14:06:00","date_gmt":"2025-05-09T12:06:00","guid":{"rendered":"https:\/\/peach-pump.com\/products\/rochie-scurta-alba-colanti-sport\/"},"modified":"2026-03-24T15:51:04","modified_gmt":"2026-03-24T13:51:04","slug":"rochie-scurta-alba-colanti-sport","status":"publish","type":"product","link":"https:\/\/peach-pump.com\/ro\/products\/rochie-scurta-alba-colanti-sport\/","title":{"rendered":"Rochie sport alb\u0103 scurt\u0103 cu colan\u021bi"},"content":{"rendered":"<p>Rochie sport alb\u0103 scurt\u0103 cu colan\u021bi \u0219i bordur\u0103 neagr\u0103 pe margini. Modelul are c\u0103ptu\u0219eal\u0103 cu efect de PushUp, care poate fi \u00eendep\u0103rtat\u0103. Rochia are detalii decupate la nivelul taliei, optic f\u0103c\u00e2nd-o mai mic\u0103 \u0219i oferind o siluet\u0103 de clepsidr\u0103. Rochia este un model mai scurt, dar are colan\u021bi pe dedesubt care v\u0103 va oferi libertate total\u0103 de mi\u0219care. Modelul este potrivit pentru tenis, sal\u0103 de sport sau o plimbare \u00een parc, cu ea nu po\u021bi trece neobservat\u0103.    <\/p>\n<ul>\n<li>Model scurt<\/li>\n<li>Colan\u021bi pe dedesubt<\/li>\n<li>C\u0103ptu\u0219eal\u0103 cu efect Push-up<\/li>\n<li>Bordur\u0103 neagr\u0103 par\u021bial\u0103<\/li>\n<li>\u021aes\u0103tur\u0103 elastic\u0103<\/li>\n<li>Logo &#8220;Peach Pump&#8221; sigilat termic \u00een spate<\/li>\n<li>Logo-ul &#8220;Peach Pump&#8221; sigilat termic \u00een partea din fa\u021b\u0103 a rochiei, sub bust<\/li>\n<li>Deschiz\u0103turi la talie<\/li>\n<li>\u021aes\u0103tur\u0103 care \u00eendep\u0103rteaz\u0103 umezeala de pe corp<\/li>\n<\/ul>\n<p>Compozi\u021bie: 92% Nylon; 8% Spandex<\/p>\n<p>Rochia poate fi sp\u0103lat\u0103 p\u00e2n\u0103 la 30 de grade, v\u0103 rug\u0103m s\u0103 nu folosi\u021bi \u00een\u0103lbitor sau cur\u0103\u021bare uscat\u0103.<\/p>\n<p>Modelul din imagine are 168 cm \u00een\u0103l\u021bime, c\u00e2nt\u0103re\u0219te 51 kg \u0219i pozeaz\u0103 \u00een m\u0103rimea S.<\/p>\n<p>V\u0103 rug\u0103m s\u0103 utiliza\u021bi tabelele pentru a selecta dimensiunea exact\u0103.<\/p>\n","protected":false},"excerpt":{"rendered":"<p>Rochie sport alb\u0103 scurt\u0103 cu colan\u021bi \u0219i bordur\u0103 neagr\u0103 pe margini. Modelul are c\u0103ptu\u0219eal\u0103 cu efect de PushUp, care poate fi \u00eendep\u0103rtat\u0103. Rochia are detalii decupate la nivelul taliei, optic f\u0103c\u00e2nd-o mai mic\u0103 \u0219i oferind o siluet\u0103 de clepsidr\u0103. Rochia este un model mai scurt, dar are colan\u021bi pe dedesubt care v\u0103 va oferi libertate [&hellip;]<\/p>\n","protected":false},"featured_media":114709,"comment_status":"open","ping_status":"closed","template":"","meta":[],"product_brand":[],"product_cat":[1177,1124,368,367],"product_tag":[],"class_list":{"0":"post-115499","1":"product","2":"type-product","3":"status-publish","4":"has-post-thumbnail","6":"product_cat-fuste-si-rochii-sport","7":"product_cat-salopete-sport-dama","8":"product_cat-seturi-colanti-scurti-dama","9":"product_cat-seturi-de-trening-pentru-femei","10":"pa_cviat-alb-ro","11":"pa_razmer-m-ro","12":"pa_razmer-s-ro-2","13":"inventories-world","14":"inventories-pl","16":"first","17":"instock","18":"taxable","19":"shipping-taxable","20":"purchasable","21":"product-type-variable"},"_links":{"self":[{"href":"https:\/\/peach-pump.com\/ro\/wp-json\/wp\/v2\/product\/115499","targetHints":{"allow":["GET"]}}],"collection":[{"href":"https:\/\/peach-pump.com\/ro\/wp-json\/wp\/v2\/product"}],"about":[{"href":"https:\/\/peach-pump.com\/ro\/wp-json\/wp\/v2\/types\/product"}],"replies":[{"embeddable":true,"href":"https:\/\/peach-pump.com\/ro\/wp-json\/wp\/v2\/comments?post=115499"}],"version-history":[{"count":1,"href":"https:\/\/peach-pump.com\/ro\/wp-json\/wp\/v2\/product\/115499\/revisions"}],"predecessor-version":[{"id":124620,"href":"https:\/\/peach-pump.com\/ro\/wp-json\/wp\/v2\/product\/115499\/revisions\/124620"}],"wp:featuredmedia":[{"embeddable":true,"href":"https:\/\/peach-pump.com\/ro\/wp-json\/wp\/v2\/media\/114709"}],"wp:attachment":[{"href":"https:\/\/peach-pump.com\/ro\/wp-json\/wp\/v2\/media?parent=115499"}],"wp:term":[{"taxonomy":"product_brand","embeddable":true,"href":"https:\/\/peach-pump.com\/ro\/wp-json\/wp\/v2\/product_brand?post=115499"},{"taxonomy":"product_cat","embeddable":true,"href":"https:\/\/peach-pump.com\/ro\/wp-json\/wp\/v2\/product_cat?post=115499"},{"taxonomy":"product_tag","embeddable":true,"href":"https:\/\/peach-pump.com\/ro\/wp-json\/wp\/v2\/product_tag?post=115499"}],"curies":[{"name":"wp","href":"https:\/\/api.w.org\/{rel}","templated":true}]}}