{"id":111833,"date":"2025-03-29T12:00:54","date_gmt":"2025-03-29T10:00:54","guid":{"rendered":"https:\/\/peach-pump.com\/products\/hanorac-negru-fermoar-inscriptii\/"},"modified":"2026-04-04T23:51:00","modified_gmt":"2026-04-04T21:51:00","slug":"hanorac-negru-fermoar-inscriptii","status":"publish","type":"product","link":"https:\/\/peach-pump.com\/ro\/products\/hanorac-negru-fermoar-inscriptii\/","title":{"rendered":"Hanorac negru cu fermoar cu inscrip\u021bii Peach Pump"},"content":{"rendered":"<p>Hanorac negru cu fermoar cu inscrip\u021bia &#8220;Peach Pump&#8221; pe lungime. Are guler \u00eenalt , m\u00e2neci cu g\u0103uri pentru degetul mare , un buzunar frontal tip cangur \u0219i logo-ul &#8220;Peach Pump&#8221; imprimat 3D pe um\u0103r. Croiala este lejer\u0103 , are o talie elastic\u0103. Hanoracul este fabricat din \u021bes\u0103tur\u0103 respirabil\u0103 , care nu re\u021bine umezeala \u00een corp , potrivit pentru alergare , antrenament de for\u021b\u0103 \u0219i aerobic\u0103 pentru o plimbare sau parc . Poate fi asortat cu colan\u021bi \u0219i o c\u0103ciul\u0103 beanie pentru o not\u0103 final\u0103 perfect\u0103 pentru \u021binuta dvs. Peach Pump.    <\/p>\n<ul>\n<li>Guler \u00eenalt cu fermoar cu inscrip\u021bia &#8220;Peach Pump&#8221; pe toat\u0103 lungimea<\/li>\n<li>Croial\u0103 liber\u0103<\/li>\n<li>Elastic cu str\u00e2ngere \u00een talie<\/li>\n<li>Buzunar frontal<\/li>\n<li>M\u00e2neci cu g\u0103uri pentru degetul mare<\/li>\n<li>Logo 3D &#8220;Peach Pump&#8221; brodat pe um\u0103r<\/li>\n<li>\u021aes\u0103tur\u0103 care nu re\u021bine umezeala \u00een corp<\/li>\n<\/ul>\n<p>Compozi\u021bie : 74% Bumbac \/ 20% Poliester \/ 6% Spandex<\/p>\n<p>&nbsp;<\/p>\n<p>Hanoracul poate fi sp\u0103lat la temperaturi de p\u00e2n\u0103 la 30 de grade, v\u0103 rug\u0103m s\u0103 nu folosi\u021bi \u00een\u0103lbitor sau cur\u0103\u021bare chimic\u0103.<\/p>\n<p>Modelul din imagine are 170 \u00een\u0103l\u021bime, c\u00e2nt\u0103re\u0219te 49 kg \u0219i pozeaz\u0103 \u00een m\u0103rimea S.<\/p>\n","protected":false},"excerpt":{"rendered":"<p>Hanorac negru cu fermoar cu inscrip\u021bia &#8220;Peach Pump&#8221; pe lungime. Are guler \u00eenalt , m\u00e2neci cu g\u0103uri pentru degetul mare , un buzunar frontal tip cangur \u0219i logo-ul &#8220;Peach Pump&#8221; imprimat 3D pe um\u0103r. Croiala este lejer\u0103 , are o talie elastic\u0103. Hanoracul este fabricat din \u021bes\u0103tur\u0103 respirabil\u0103 , care nu re\u021bine umezeala \u00een corp [&hellip;]<\/p>\n","protected":false},"featured_media":110433,"comment_status":"open","ping_status":"closed","template":"","meta":[],"product_brand":[],"product_cat":[1115,365],"product_tag":[],"class_list":{"0":"post-111833","1":"product","2":"type-product","3":"status-publish","4":"has-post-thumbnail","6":"product_cat-hanorace-dama-hoodie","7":"product_cat-tricouri-sport-femei","8":"pa_cviat-negru","9":"pa_razmer-l-ro-2","10":"pa_razmer-m-ro","11":"pa_razmer-s-ro-2","12":"inventories-world","13":"inventories-pl","14":"inventories-uk","16":"first","17":"instock","18":"taxable","19":"shipping-taxable","20":"purchasable","21":"product-type-variable"},"_links":{"self":[{"href":"https:\/\/peach-pump.com\/ro\/wp-json\/wp\/v2\/product\/111833","targetHints":{"allow":["GET"]}}],"collection":[{"href":"https:\/\/peach-pump.com\/ro\/wp-json\/wp\/v2\/product"}],"about":[{"href":"https:\/\/peach-pump.com\/ro\/wp-json\/wp\/v2\/types\/product"}],"replies":[{"embeddable":true,"href":"https:\/\/peach-pump.com\/ro\/wp-json\/wp\/v2\/comments?post=111833"}],"version-history":[{"count":1,"href":"https:\/\/peach-pump.com\/ro\/wp-json\/wp\/v2\/product\/111833\/revisions"}],"predecessor-version":[{"id":134748,"href":"https:\/\/peach-pump.com\/ro\/wp-json\/wp\/v2\/product\/111833\/revisions\/134748"}],"wp:featuredmedia":[{"embeddable":true,"href":"https:\/\/peach-pump.com\/ro\/wp-json\/wp\/v2\/media\/110433"}],"wp:attachment":[{"href":"https:\/\/peach-pump.com\/ro\/wp-json\/wp\/v2\/media?parent=111833"}],"wp:term":[{"taxonomy":"product_brand","embeddable":true,"href":"https:\/\/peach-pump.com\/ro\/wp-json\/wp\/v2\/product_brand?post=111833"},{"taxonomy":"product_cat","embeddable":true,"href":"https:\/\/peach-pump.com\/ro\/wp-json\/wp\/v2\/product_cat?post=111833"},{"taxonomy":"product_tag","embeddable":true,"href":"https:\/\/peach-pump.com\/ro\/wp-json\/wp\/v2\/product_tag?post=111833"}],"curies":[{"name":"wp","href":"https:\/\/api.w.org\/{rel}","templated":true}]}}