{"id":111819,"date":"2025-03-29T11:25:34","date_gmt":"2025-03-29T09:25:34","guid":{"rendered":"https:\/\/peach-pump.com\/products\/geaca-sport-mulata-alba-gluga\/"},"modified":"2026-03-24T23:50:10","modified_gmt":"2026-03-24T21:50:10","slug":"geaca-sport-mulata-alba-gluga","status":"publish","type":"product","link":"https:\/\/peach-pump.com\/ro\/products\/geaca-sport-mulata-alba-gluga\/","title":{"rendered":"Geac\u0103 sport mulat\u0103 alb\u0103 cu glug\u0103"},"content":{"rendered":"<p>Geac\u0103 sport alb\u0103 pe corp cu glug\u0103 \u0219i dou\u0103 buzunare laterale discrete care se \u00eenchid cu fermoar. Croit\u0103 pentru a accentua talia, are o \u00eenchidere cu fermoar, inscrip\u021bia &#8220;Peach Pump&#8221; pe lungime \u0219i buzunare laterale , care se \u00eenchid cu fermoar, suficient de ad\u00e2nci pentru a ascunde un telefon sau un portofel. Geaca are o glug\u0103 care poate fi str\u00e2ns\u0103 cu \u0219nururi \u00een fa\u021b\u0103. Modelul are m\u00e2neci cu g\u0103uri pentru degetul mare \u0219i un logo 3D &#8220;Peach Pump&#8221; brodat pe um\u0103r. \u021aes\u0103tura este pl\u0103cut\u0103 la atingere, nu re\u021bine umezeala \u00een corp , f\u0103c\u00e2nd geaca ideal\u0103 pentru alergare, antrenament de for\u021b\u0103 sau aerobic\u0103 \u0219i o plimbare \u00een parc.    <\/p>\n<ul>\n<li>Croial\u0103 pe corp<\/li>\n<li>Glug\u0103 cu \u0219nururi<\/li>\n<li>M\u00e2neci cu g\u0103uri pentru degetul mare<\/li>\n<li>Fermoar frontal cu inscrip\u021bia &#8220;Peach Pump&#8221; pe toat\u0103 lungimea<\/li>\n<li>Dou\u0103 buzunare laterale cu \u00eenchidere cu fermoar<\/li>\n<li>Logo 3D brodat &#8220;Peach Pump&#8221; pe um\u0103r<\/li>\n<li>\u021aes\u0103tura nu re\u021bine umezeala \u00een corp<\/li>\n<\/ul>\n<p>Compozi\u021bie 85% Poliester \/ 25% Spandex<\/p>\n<p>Geaca poate fi sp\u0103lat\u0103 p\u00e2n\u0103 la 30 de grade, v\u0103 rug\u0103m s\u0103 nu folosi\u021bi \u00een\u0103lbitor sau cur\u0103\u021bare uscat\u0103.<\/p>\n<p>Modelul din imagine are 170 \u00een\u0103l\u021bime, c\u00e2nt\u0103re\u0219te 49 kg \u0219i pozeaz\u0103 \u00een m\u0103rimea S.<\/p>\n","protected":false},"excerpt":{"rendered":"<p>Geac\u0103 sport alb\u0103 pe corp cu glug\u0103 \u0219i dou\u0103 buzunare laterale discrete care se \u00eenchid cu fermoar. Croit\u0103 pentru a accentua talia, are o \u00eenchidere cu fermoar, inscrip\u021bia &#8220;Peach Pump&#8221; pe lungime \u0219i buzunare laterale , care se \u00eenchid cu fermoar, suficient de ad\u00e2nci pentru a ascunde un telefon sau un portofel. Geaca are o [&hellip;]<\/p>\n","protected":false},"featured_media":110134,"comment_status":"open","ping_status":"closed","template":"","meta":[],"product_brand":[],"product_cat":[924,1115],"product_tag":[],"class_list":{"0":"post-111819","1":"product","2":"type-product","3":"status-publish","4":"has-post-thumbnail","6":"product_cat-jachete-dama","7":"product_cat-hanorace-dama-hoodie","8":"pa_cviat-alb-ro","9":"pa_razmer-l-ro-2","10":"pa_razmer-m-ro","11":"pa_razmer-s-ro-2","12":"inventories-world","13":"inventories-pl","14":"inventories-uk","16":"first","17":"instock","18":"taxable","19":"shipping-taxable","20":"purchasable","21":"product-type-variable"},"_links":{"self":[{"href":"https:\/\/peach-pump.com\/ro\/wp-json\/wp\/v2\/product\/111819","targetHints":{"allow":["GET"]}}],"collection":[{"href":"https:\/\/peach-pump.com\/ro\/wp-json\/wp\/v2\/product"}],"about":[{"href":"https:\/\/peach-pump.com\/ro\/wp-json\/wp\/v2\/types\/product"}],"replies":[{"embeddable":true,"href":"https:\/\/peach-pump.com\/ro\/wp-json\/wp\/v2\/comments?post=111819"}],"version-history":[{"count":1,"href":"https:\/\/peach-pump.com\/ro\/wp-json\/wp\/v2\/product\/111819\/revisions"}],"predecessor-version":[{"id":134751,"href":"https:\/\/peach-pump.com\/ro\/wp-json\/wp\/v2\/product\/111819\/revisions\/134751"}],"wp:featuredmedia":[{"embeddable":true,"href":"https:\/\/peach-pump.com\/ro\/wp-json\/wp\/v2\/media\/110134"}],"wp:attachment":[{"href":"https:\/\/peach-pump.com\/ro\/wp-json\/wp\/v2\/media?parent=111819"}],"wp:term":[{"taxonomy":"product_brand","embeddable":true,"href":"https:\/\/peach-pump.com\/ro\/wp-json\/wp\/v2\/product_brand?post=111819"},{"taxonomy":"product_cat","embeddable":true,"href":"https:\/\/peach-pump.com\/ro\/wp-json\/wp\/v2\/product_cat?post=111819"},{"taxonomy":"product_tag","embeddable":true,"href":"https:\/\/peach-pump.com\/ro\/wp-json\/wp\/v2\/product_tag?post=111819"}],"curies":[{"name":"wp","href":"https:\/\/api.w.org\/{rel}","templated":true}]}}