{"id":100255,"date":"2024-12-10T18:06:25","date_gmt":"2024-12-10T16:06:25","guid":{"rendered":"https:\/\/peach-pump.com\/products\/fes-iarna-negru\/"},"modified":"2026-03-15T12:47:24","modified_gmt":"2026-03-15T10:47:24","slug":"fes-iarna-negru","status":"publish","type":"product","link":"https:\/\/peach-pump.com\/ro\/products\/fes-iarna-negru\/","title":{"rendered":"Fes tip beanie de iarn\u0103 neagr\u0103 cu logo brodat"},"content":{"rendered":"<p>Fes beanie de iarn\u0103 neagr\u0103 din colec\u021bia &#8220;Peach Pump&#8221; cu logo 3D brodat pe fa\u021b\u0103. Fesul are un design elastic extrem de moale \u0219i pl\u0103cut la atingere \u021bes\u0103tur\u0103. Plierea din partea de jos protejeaz\u0103 \u00een plus de frig. Fesul este disponibil \u00een diverse culori actuale de sezon. Acest model va fi o not\u0103 final\u0103 perfect\u0103 pentru \u021binuta dvs. \u00een zilele reci.    <\/p>\n<ul>\n<li>\u021aes\u0103tur\u0103 elastic\u0103, moale la atingere<\/li>\n<li>Logo 3D brodat pe partea din fa\u021b\u0103<\/li>\n<li>Design modern<\/li>\n<li>\u00cempletitur\u0103 de grosime medie<\/li>\n<\/ul>\n","protected":false},"excerpt":{"rendered":"<p>Fes beanie de iarn\u0103 neagr\u0103 din colec\u021bia &#8220;Peach Pump&#8221; cu logo 3D brodat pe fa\u021b\u0103. Fesul are un design elastic extrem de moale \u0219i pl\u0103cut la atingere \u021bes\u0103tur\u0103. Plierea din partea de jos protejeaz\u0103 \u00een plus de frig. Fesul este disponibil \u00een diverse culori actuale de sezon. Acest model va fi o not\u0103 final\u0103 perfect\u0103 [&hellip;]<\/p>\n","protected":false},"featured_media":98793,"comment_status":"open","ping_status":"closed","template":"","meta":[],"product_brand":[],"product_cat":[779],"product_tag":[],"class_list":{"0":"post-100255","1":"product","2":"type-product","3":"status-publish","4":"has-post-thumbnail","6":"product_cat-accesorii","7":"pa_cviat-negru","8":"pa_razmer-one-size-ro","9":"inventories-world","10":"inventories-pl","11":"inventories-uk","13":"first","14":"instock","15":"taxable","16":"shipping-taxable","17":"purchasable","18":"product-type-variable"},"_links":{"self":[{"href":"https:\/\/peach-pump.com\/ro\/wp-json\/wp\/v2\/product\/100255","targetHints":{"allow":["GET"]}}],"collection":[{"href":"https:\/\/peach-pump.com\/ro\/wp-json\/wp\/v2\/product"}],"about":[{"href":"https:\/\/peach-pump.com\/ro\/wp-json\/wp\/v2\/types\/product"}],"replies":[{"embeddable":true,"href":"https:\/\/peach-pump.com\/ro\/wp-json\/wp\/v2\/comments?post=100255"}],"version-history":[{"count":1,"href":"https:\/\/peach-pump.com\/ro\/wp-json\/wp\/v2\/product\/100255\/revisions"}],"predecessor-version":[{"id":133640,"href":"https:\/\/peach-pump.com\/ro\/wp-json\/wp\/v2\/product\/100255\/revisions\/133640"}],"wp:featuredmedia":[{"embeddable":true,"href":"https:\/\/peach-pump.com\/ro\/wp-json\/wp\/v2\/media\/98793"}],"wp:attachment":[{"href":"https:\/\/peach-pump.com\/ro\/wp-json\/wp\/v2\/media?parent=100255"}],"wp:term":[{"taxonomy":"product_brand","embeddable":true,"href":"https:\/\/peach-pump.com\/ro\/wp-json\/wp\/v2\/product_brand?post=100255"},{"taxonomy":"product_cat","embeddable":true,"href":"https:\/\/peach-pump.com\/ro\/wp-json\/wp\/v2\/product_cat?post=100255"},{"taxonomy":"product_tag","embeddable":true,"href":"https:\/\/peach-pump.com\/ro\/wp-json\/wp\/v2\/product_tag?post=100255"}],"curies":[{"name":"wp","href":"https:\/\/api.w.org\/{rel}","templated":true}]}}