{"id":32495,"date":"2022-09-21T07:39:42","date_gmt":"2022-09-21T05:39:42","guid":{"rendered":"https:\/\/peach-pump.com\/schimb-si-returnare\/"},"modified":"2025-09-02T17:15:19","modified_gmt":"2025-09-02T15:15:19","slug":"schimb-si-returnare","status":"publish","type":"page","link":"https:\/\/peach-pump.com\/ro\/schimb-si-returnare\/","title":{"rendered":"SCHIMB \u0218I RETURNARE"},"content":{"rendered":"\t\t<div data-elementor-type=\"wp-page\" data-elementor-id=\"32495\" class=\"elementor elementor-32495 elementor-20392\" data-elementor-post-type=\"page\">\n\t\t\t\t<div class=\"elementor-element elementor-element-0bdd6ac e-con-full e-flex e-con e-parent\" data-id=\"0bdd6ac\" data-element_type=\"container\">\n\t\t\t\t<div class=\"elementor-element elementor-element-3551429 elementor-widget elementor-widget-text-editor\" data-id=\"3551429\" data-element_type=\"widget\" data-widget_type=\"text-editor.default\">\n\t\t\t\t<div class=\"elementor-widget-container\">\n\t\t\t\t\t\t\t\t\t<h2 class=\"wp-block-heading\"><strong>SCHIMB \u0218I RETURNARE<\/strong><\/h2>\t\t\t\t\t\t\t\t<\/div>\n\t\t\t\t<\/div>\n\t\t\t\t<div class=\"elementor-element elementor-element-d330f9d elementor-widget__width-initial elementor-widget elementor-widget-shortcode\" data-id=\"d330f9d\" data-element_type=\"widget\" data-widget_type=\"shortcode.default\">\n\t\t\t\t<div class=\"elementor-widget-container\">\n\t\t\t\t\t\t\t<div class=\"elementor-shortcode\"><p class=\"wpcf7-contact-form-not-found\"><strong>Error:<\/strong> Contact form not found.<\/p><\/div>\n\t\t\t\t\t\t<\/div>\n\t\t\t\t<\/div>\n\t\t\t\t<\/div>\n\t\t<div class=\"elementor-element elementor-element-734bd85 e-con-full e-flex e-con e-parent\" data-id=\"734bd85\" data-element_type=\"container\">\n\t\t\t\t<div class=\"elementor-element elementor-element-0402aea elementor-widget__width-initial elementor-widget elementor-widget-text-editor\" data-id=\"0402aea\" data-element_type=\"widget\" data-widget_type=\"text-editor.default\">\n\t\t\t\t<div class=\"elementor-widget-container\">\n\t\t\t\t\t\t\t\t\t<h2 data-start=\"87\" data-end=\"120\">Politica de returnare \u0219i \u00eenlocuire<\/h2><p data-start=\"122\" data-end=\"294\">Prioritatea noastr\u0103 este ca to\u021bi clien\u021bii s\u0103 fie pe deplin mul\u021bumi\u021bi de achizi\u021bia lor.<br data-start=\"202\" data-end=\"205\">Ave\u021bi dreptul s\u0103 returna\u021bi sau s\u0103 \u00eenlocui\u021bi un produs \u00een termen de <strong data-start=\"262\" data-end=\"272\">30 de zile<\/strong> de la primirea acestuia.<\/p><h3 data-start=\"296\" data-end=\"338\">Cum pute\u021bi returna sau \u00eenlocui un produs:<\/h3><ul data-start=\"339\" data-end=\"705\"><li data-start=\"339\" data-end=\"437\"><p data-start=\"341\" data-end=\"437\">V\u0103 rug\u0103m s\u0103 ne contacta\u021bi prin platform\u0103, iar un coleg v\u0103 va oferi toate informa\u021biile necesare privind pa\u0219ii de urmat.<\/p><\/li><li data-start=\"438\" data-end=\"550\"><p data-start=\"440\" data-end=\"550\">Este necesar <strong data-start=\"452\" data-end=\"476\">num\u0103rul comenzii<\/strong> \u2013 codul din 6 cifre trimis pe e-mailul dumneavoastr\u0103 (verifica\u021bi \u0219i folderul \u201eSpam\u201d).<br>\u00cen func\u021bie de situa\u021bie, v\u0103 vom trimite un curier care s\u0103 ridice coletul sau ve\u021bi primi o etichet\u0103 de retur, pe care o ve\u021bi folosi la expediere.<\/p><\/li><li data-start=\"551\" data-end=\"705\"><p data-start=\"553\" data-end=\"705\"><span style=\"color: #222222; font-size: 24px; font-weight: 600; letter-spacing: 0px; text-wrap-mode: initial;\">Condi\u021bii de returnare:<\/span><\/p><\/li><\/ul><ul data-start=\"733\" data-end=\"1105\"><li data-start=\"733\" data-end=\"820\"><p data-start=\"735\" data-end=\"820\">Produsul trebuie s\u0103 fie \u00een stare original\u0103, f\u0103r\u0103 urme de purtare, sp\u0103lare sau utilizare.<\/p><\/li><li data-start=\"821\" data-end=\"904\"><p data-start=\"823\" data-end=\"904\">Toate etichetele \u0219i ambalajele trebuie p\u0103strate \u0219i returnate \u00eempreun\u0103 cu produsul.<\/p><\/li><li data-start=\"905\" data-end=\"995\"><p data-start=\"907\" data-end=\"995\">Nu accept\u0103m produse deteriorate inten\u021bionat sau care prezint\u0103 semne de utilizare necorespunz\u0103toare.<\/p><\/li><li data-start=\"996\" data-end=\"1105\"><p data-start=\"998\" data-end=\"1105\">Accept\u0103m returnarea at\u00e2t a produselor defecte, c\u00e2t \u0219i a celor f\u0103r\u0103 defecte, cu respectarea condi\u021biilor de returnare.<\/p><\/li><\/ul><h3 data-start=\"1107\" data-end=\"1120\">\u00cenlocuire:<\/h3><ul data-start=\"1121\" data-end=\"1307\"><li data-start=\"1121\" data-end=\"1206\"><p data-start=\"1123\" data-end=\"1206\">Pute\u021bi \u00eenlocui produsul cu acela\u0219i model \u00eentr-o alt\u0103 m\u0103rime sau culoare, dac\u0103 este disponibil.<\/p><\/li><li data-start=\"1207\" data-end=\"1307\"><p data-start=\"1209\" data-end=\"1307\">Dac\u0103 dori\u021bi \u00eenlocuirea cu un alt articol \u2013 \u00een cazul unei diferen\u021be de pre\u021b, aceasta va fi achitat\u0103 sau rambursat\u0103.<\/p><\/li><\/ul><h3 data-start=\"1309\" data-end=\"1338\">Rambursarea sumei:<\/h3><ul data-start=\"1339\" data-end=\"1529\"><li data-start=\"1339\" data-end=\"1463\"><p data-start=\"1341\" data-end=\"1463\">Dup\u0103 primirea \u0219i aprobarea produsului returnat, suma va fi rambursat\u0103 \u00een termen de maximum <strong data-start=\"1428\" data-end=\"1460\">14 zile lucr\u0103toare prin transfer bancar.<\/strong><\/p><\/li><li data-start=\"1464\" data-end=\"1529\"><p data-start=\"1466\" data-end=\"1529\">\u00cen cele mai multe cazuri, rambursarea se face mult mai rapid.<\/p><\/li><\/ul><p> <\/p><p data-start=\"1531\" data-end=\"1628\">Echipa noastr\u0103 este \u00eentotdeauna la dispozi\u021bia dumneavoastr\u0103 pentru \u00eentreb\u0103ri \u0219i va fi bucuroas\u0103 s\u0103 v\u0103 ajute. \u2764\ufe0f<\/p>\t\t\t\t\t\t\t\t<\/div>\n\t\t\t\t<\/div>\n\t\t\t\t<\/div>\n\t\t\t\t<\/div>\n\t\t","protected":false},"excerpt":{"rendered":"<p>SCHIMB \u0218I RETURNARE Politica de returnare \u0219i \u00eenlocuire Prioritatea noastr\u0103 este ca to\u021bi clien\u021bii s\u0103 fie pe deplin mul\u021bumi\u021bi de achizi\u021bia lor.Ave\u021bi dreptul s\u0103 returna\u021bi sau s\u0103 \u00eenlocui\u021bi un produs \u00een termen de 30 de zile de la primirea acestuia. Cum pute\u021bi returna sau \u00eenlocui un produs: V\u0103 rug\u0103m s\u0103 ne contacta\u021bi prin platform\u0103, iar [&hellip;]<\/p>\n","protected":false},"author":1,"featured_media":0,"parent":0,"menu_order":0,"comment_status":"closed","ping_status":"closed","template":"","meta":{"footnotes":""},"class_list":["post-32495","page","type-page","status-publish","hentry"],"_links":{"self":[{"href":"https:\/\/peach-pump.com\/en\/wp-json\/wp\/v2\/pages\/32495","targetHints":{"allow":["GET"]}}],"collection":[{"href":"https:\/\/peach-pump.com\/en\/wp-json\/wp\/v2\/pages"}],"about":[{"href":"https:\/\/peach-pump.com\/en\/wp-json\/wp\/v2\/types\/page"}],"author":[{"embeddable":true,"href":"https:\/\/peach-pump.com\/en\/wp-json\/wp\/v2\/users\/1"}],"replies":[{"embeddable":true,"href":"https:\/\/peach-pump.com\/en\/wp-json\/wp\/v2\/comments?post=32495"}],"version-history":[{"count":21,"href":"https:\/\/peach-pump.com\/en\/wp-json\/wp\/v2\/pages\/32495\/revisions"}],"predecessor-version":[{"id":128301,"href":"https:\/\/peach-pump.com\/en\/wp-json\/wp\/v2\/pages\/32495\/revisions\/128301"}],"wp:attachment":[{"href":"https:\/\/peach-pump.com\/en\/wp-json\/wp\/v2\/media?parent=32495"}],"curies":[{"name":"wp","href":"https:\/\/api.w.org\/{rel}","templated":true}]}}