{"id":32480,"date":"2022-05-17T21:44:58","date_gmt":"2022-05-17T19:44:58","guid":{"rendered":"https:\/\/peach-pump.com\/politica-de-confidentialitate\/"},"modified":"2025-02-09T19:05:25","modified_gmt":"2025-02-09T17:05:25","slug":"politica-de-confidentialitate","status":"publish","type":"page","link":"https:\/\/peach-pump.com\/ro\/politica-de-confidentialitate\/","title":{"rendered":"POLITICA DE CONFIDEN\u021aIALITATE"},"content":{"rendered":"\t\t<div data-elementor-type=\"wp-page\" data-elementor-id=\"32480\" class=\"elementor elementor-32480 elementor-3\" data-elementor-post-type=\"page\">\n\t\t\t\t<div class=\"elementor-element elementor-element-cf3d95c e-flex e-con-boxed e-con e-parent\" data-id=\"cf3d95c\" data-element_type=\"container\">\n\t\t\t\t\t<div class=\"e-con-inner\">\n\t\t\t\t<div class=\"elementor-element elementor-element-1dca528d elementor-widget elementor-widget-text-editor\" data-id=\"1dca528d\" data-element_type=\"widget\" data-widget_type=\"text-editor.default\">\n\t\t\t\t<div class=\"elementor-widget-container\">\n\t\t\t\t\t\t\t\t\t\n<p><strong>Informa\u021bii despre operatorul de date:<\/strong><\/p>\n\n\n\n<p>&#8220;Peach Pump&#8221; Ltd. este o societate \u00eenregistrat\u0103 \u00een conformitate cu dreptul comercial al Republicii Bulgaria cu UIC 206826362, adresa. Varna, ul. &#8220;Graf Ignatiev&#8221; 32,, adresa de e-mail: office@staging3.peach-pump.com,<\/p>\n\n\n\n<p>Peach Pump func\u021bioneaz\u0103 \u00een conformitate cu Legea privind protec\u021bia datelor \u0219i cu Regulamentul (UE) 2016\/679 al Parlamentului European \u0219i al Consiliului din 27 aprilie 2016 (&#8220;Regulamentul general al UE privind protec\u021bia datelor&#8221; sau &#8220;GDPR&#8221;)<\/p>\n\n\n\n<p>Scopurile pentru care Peach Pump colecteaz\u0103 \u0219i prelucreaz\u0103 datele dumneavoastr\u0103 cu caracter personal:<\/p>\n\n\n\n<ul>\n<li>\u00een scopul \u00eendeplinirii obliga\u021biilor prev\u0103zute \u00een contract<\/li>\n<li>scopuri contabile \u0219i comerciale<\/li>\n<li>Marketing<\/li>\n<li>s\u0103 v\u0103 stabili\u021bi identitatea;<\/li>\n<li>s\u0103 detecteze \u0219i\/sau s\u0103 previn\u0103 actele ilegale sau actele care contravin termenilor \u0219i condi\u021biilor noastre<\/li>\n<li>protec\u021bia securit\u0103\u021bii informa\u021biilor<\/li>\n<li>asigurarea func\u021bionalit\u0103\u021bii site-ului nostru web;<\/li>\n<li>crearea unui profil pentru a utiliza serviciul &#8211; pentru a v\u0103 identifica \u0219i a v\u0103 oferi serviciul;<\/li>\n<li>v\u0103 oferim \u00eenregistrarea contului dumneavoastr\u0103 Peach Pump prin intermediul profilului dumneavoastr\u0103 de Facebook. Pute\u021bi vizualiza politicile de confiden\u021bialitate ale Facebook urm\u00e2nd aceste linkuri:<\/li>\n<\/ul>\n\n\n\n<p><a href=\"https:\/\/www.facebook.com\/about\/privacy\" target=\"_blank\" rel=\"noopener\">https:\/\/www.facebook.com\/about\/privacy<\/a><\/p>\n\n\n\n<p>Peach Pump colecteaz\u0103 \u0219i prelucreaz\u0103 urm\u0103toarele date cu caracter personal: nume, adres\u0103, e-mail, num\u0103r de telefon, adres\u0103 IP etc., care sunt colectate \u00een scopul identific\u0103rii.<\/p>\n<p>V\u0103 pute\u021bi \u0219terge datele personale aici: <a href=\"https:\/\/staging3.peach-pump.com\/en\/deleting-personal-data\/\">\u0218tergerea datelor personale &#8211; Peach Pump (staging3.peach-pump.com)<\/a><\/p>\n\t\t\t\t\t\t\t\t<\/div>\n\t\t\t\t<\/div>\n\t\t\t\t\t<\/div>\n\t\t\t\t<\/div>\n\t\t\t\t<\/div>\n\t\t","protected":false},"excerpt":{"rendered":"<p>Informa\u021bii despre operatorul de date: &#8220;Peach Pump&#8221; Ltd. este o societate \u00eenregistrat\u0103 \u00een conformitate cu dreptul comercial al Republicii Bulgaria cu UIC 206826362, adresa. Varna, ul. &#8220;Graf Ignatiev&#8221; 32,, adresa de e-mail: office@staging3.peach-pump.com, Peach Pump func\u021bioneaz\u0103 \u00een conformitate cu Legea privind protec\u021bia datelor \u0219i cu Regulamentul (UE) 2016\/679 al Parlamentului European \u0219i al Consiliului din [&hellip;]<\/p>\n","protected":false},"author":1,"featured_media":0,"parent":0,"menu_order":0,"comment_status":"closed","ping_status":"closed","template":"","meta":{"footnotes":""},"class_list":["post-32480","page","type-page","status-publish","hentry"],"_links":{"self":[{"href":"https:\/\/peach-pump.com\/en\/wp-json\/wp\/v2\/pages\/32480","targetHints":{"allow":["GET"]}}],"collection":[{"href":"https:\/\/peach-pump.com\/en\/wp-json\/wp\/v2\/pages"}],"about":[{"href":"https:\/\/peach-pump.com\/en\/wp-json\/wp\/v2\/types\/page"}],"author":[{"embeddable":true,"href":"https:\/\/peach-pump.com\/en\/wp-json\/wp\/v2\/users\/1"}],"replies":[{"embeddable":true,"href":"https:\/\/peach-pump.com\/en\/wp-json\/wp\/v2\/comments?post=32480"}],"version-history":[{"count":6,"href":"https:\/\/peach-pump.com\/en\/wp-json\/wp\/v2\/pages\/32480\/revisions"}],"predecessor-version":[{"id":105671,"href":"https:\/\/peach-pump.com\/en\/wp-json\/wp\/v2\/pages\/32480\/revisions\/105671"}],"wp:attachment":[{"href":"https:\/\/peach-pump.com\/en\/wp-json\/wp\/v2\/media?parent=32480"}],"curies":[{"name":"wp","href":"https:\/\/api.w.org\/{rel}","templated":true}]}}