{"id":98504,"date":"2024-11-17T21:06:41","date_gmt":"2024-11-17T19:06:41","guid":{"rendered":"https:\/\/peach-pump.com\/products\/niebieski-kombinezon-jeden-pasek-na-ramie\/"},"modified":"2026-04-22T20:53:03","modified_gmt":"2026-04-22T18:53:03","slug":"niebieski-kombinezon-jeden-pasek-na-ramie","status":"publish","type":"product","link":"https:\/\/peach-pump.com\/pl\/products\/niebieski-kombinezon-jeden-pasek-na-ramie\/","title":{"rendered":"Granatowy kombinezon z jednym paskiem na rami\u0119"},"content":{"rendered":"<p>Sportowy, granatowy kombinezon obcis\u0142y z jednym paskiem. Model jest niezwykle wygodny i ma efektowne wk\u0142adki push-up, kt\u00f3re mo\u017cna wyj\u0105\u0107. G\u00f3ra ma jeden pasek i otwory w talii, dzi\u0119ki czemu jest bardzo seksowna, jest obszyta bia\u0142\u0105 lam\u00f3wk\u0105 i ma termicznie naklejone, minimalistyczne logo &#8220;Peach Pump&#8221;. D\u00f3\u0142 nie ma szwu z przodu, co jest preferowane przez panie, ma szerok\u0105 gumk\u0119 z napisem &#8220;Peach Pump&#8221;. Inny kombinezon z elastycznej dzianiny, w kt\u00f3rym nie mo\u017cna pozosta\u0107 niezauwa\u017conym.    <\/p>\n<ul>\n<li>Jeden pasek<\/li>\n<li>Wype\u0142nieniez efektem podnoszenia<\/li>\n<li>Otwory w talii<\/li>\n<li>Bia\u0142e obramowanie<\/li>\n<li>P\u0142askie szwy, kt\u00f3re nie powoduj\u0105 podra\u017cnie\u0144<\/li>\n<li>Elastyczny materia\u0142<\/li>\n<li>Szeroka gumka<\/li>\n<li>Termicznie naklejone logo &#8220;Peach Pump&#8221; z przodu u do\u0142u i w pasie<\/li>\n<li>Tkanina odprowadzaj\u0105ca wilgo\u0107 z cia\u0142a<\/li>\n<\/ul>\n<p>Kombinezon mo\u017cna pra\u0107 w temperaturze do 30 stopni, nie wybiela\u0107, nie suszy\u0107 w suszarce b\u0119bnowej ani nie czy\u015bci\u0107 chemicznie.<\/p>\n<p>Modelka na zdj\u0119ciu ma 178 cm wzrostu, wa\u017cy 56 kg i pozuje w rozmiarze S.<\/p>\n<p>Aby wybra\u0107 dok\u0142adny rozmiar, skorzystaj z tabel rozmiarowych.<\/p>\n","protected":false},"excerpt":{"rendered":"<p>Sportowy, granatowy kombinezon obcis\u0142y z jednym paskiem. Model jest niezwykle wygodny i ma efektowne wk\u0142adki push-up, kt\u00f3re mo\u017cna wyj\u0105\u0107. G\u00f3ra ma jeden pasek i otwory w talii, dzi\u0119ki czemu jest bardzo seksowna, jest obszyta bia\u0142\u0105 lam\u00f3wk\u0105 i ma termicznie naklejone, minimalistyczne logo &#8220;Peach Pump&#8221;. D\u00f3\u0142 nie ma szwu z przodu, co jest preferowane przez panie, [&hellip;]<\/p>\n","protected":false},"featured_media":98038,"comment_status":"open","ping_status":"closed","template":"","meta":[],"product_brand":[],"product_cat":[1128,362,364],"product_tag":[],"class_list":{"0":"post-98504","1":"product","2":"type-product","3":"status-publish","4":"has-post-thumbnail","6":"product_cat-kombinezony-sportowe-damskie","7":"product_cat-komplety-sportowe-damskie","8":"product_cat-omplet-sportowy-top-legginsy","9":"pa_cviat-niebieski","10":"pa_razmer-l-pl","11":"pa_razmer-m-pl-2","12":"pa_razmer-s-pl-2","13":"inventories-world","14":"inventories-pl","15":"inventories-uk","17":"first","18":"instock","19":"taxable","20":"shipping-taxable","21":"purchasable","22":"product-type-variable"},"_links":{"self":[{"href":"https:\/\/peach-pump.com\/pl\/wp-json\/wp\/v2\/product\/98504","targetHints":{"allow":["GET"]}}],"collection":[{"href":"https:\/\/peach-pump.com\/pl\/wp-json\/wp\/v2\/product"}],"about":[{"href":"https:\/\/peach-pump.com\/pl\/wp-json\/wp\/v2\/types\/product"}],"replies":[{"embeddable":true,"href":"https:\/\/peach-pump.com\/pl\/wp-json\/wp\/v2\/comments?post=98504"}],"version-history":[{"count":1,"href":"https:\/\/peach-pump.com\/pl\/wp-json\/wp\/v2\/product\/98504\/revisions"}],"predecessor-version":[{"id":105888,"href":"https:\/\/peach-pump.com\/pl\/wp-json\/wp\/v2\/product\/98504\/revisions\/105888"}],"wp:featuredmedia":[{"embeddable":true,"href":"https:\/\/peach-pump.com\/pl\/wp-json\/wp\/v2\/media\/98038"}],"wp:attachment":[{"href":"https:\/\/peach-pump.com\/pl\/wp-json\/wp\/v2\/media?parent=98504"}],"wp:term":[{"taxonomy":"product_brand","embeddable":true,"href":"https:\/\/peach-pump.com\/pl\/wp-json\/wp\/v2\/product_brand?post=98504"},{"taxonomy":"product_cat","embeddable":true,"href":"https:\/\/peach-pump.com\/pl\/wp-json\/wp\/v2\/product_cat?post=98504"},{"taxonomy":"product_tag","embeddable":true,"href":"https:\/\/peach-pump.com\/pl\/wp-json\/wp\/v2\/product_tag?post=98504"}],"curies":[{"name":"wp","href":"https:\/\/api.w.org\/{rel}","templated":true}]}}