{"id":98321,"date":"2024-11-17T21:09:57","date_gmt":"2024-11-17T19:09:57","guid":{"rendered":"https:\/\/peach-pump.com\/products\/biale-sportowe-skarpety-czarne-linie\/"},"modified":"2026-04-07T22:35:40","modified_gmt":"2026-04-07T20:35:40","slug":"biale-sportowe-skarpety-czarne-linie","status":"publish","type":"product","link":"https:\/\/peach-pump.com\/pl\/products\/biale-sportowe-skarpety-czarne-linie\/","title":{"rendered":"Bia\u0142e, sportowe skarpetki z czarnymi liniami od Peach Pump"},"content":{"rendered":"<p>Damskie, bia\u0142e, sportowe skarpety z czarnymi liniami i wyszywanym logo Peach Pump maj\u0105 wzmocniony sp\u00f3d i zapewniaj\u0105 wytrzyma\u0142o\u015b\u0107, stabilno\u015b\u0107 i amortyzacj\u0119 podczas ruchu. S\u0105 wykonane z odprowadzaj\u0105cego wilgo\u0107 materia\u0142u, kt\u00f3ry zapewnia \u015bwie\u017co\u015b\u0107. <\/p>\n<ul>\n<li>Mi\u0119kka materia<\/li>\n<li>wysoka jako\u015b\u0107<\/li>\n<li>Elastyczno\u015b\u0107<\/li>\n<li>80% bawe\u0142na<\/li>\n<li>Tkane logo Peach Pump<\/li>\n<li>Wzmocniona podeszwa zapewnia trwa\u0142o\u015b\u0107<\/li>\n<li>&#8220;Rozmiar &#8221; &#8211; d\u0142ugo\u015b\u0107 \u0142ydki<\/li>\n<\/ul>\n<p>Sk\u0142ad: 80% bawe\u0142na, 17% poliester, 3% elastan Mo\u017cna pra\u0107 w temperaturze 40\u00b0C bez prania chemicznego, suszy\u0107 w niskiej temperaturze. Skarpetki nie podlegaj\u0105 zwrotowi ani wymianie!<\/p>\n","protected":false},"excerpt":{"rendered":"<p>Damskie, bia\u0142e, sportowe skarpety z czarnymi liniami i wyszywanym logo Peach Pump maj\u0105 wzmocniony sp\u00f3d i zapewniaj\u0105 wytrzyma\u0142o\u015b\u0107, stabilno\u015b\u0107 i amortyzacj\u0119 podczas ruchu. S\u0105 wykonane z odprowadzaj\u0105cego wilgo\u0107 materia\u0142u, kt\u00f3ry zapewnia \u015bwie\u017co\u015b\u0107. Mi\u0119kka materia wysoka jako\u015b\u0107 Elastyczno\u015b\u0107 80% bawe\u0142na Tkane logo Peach Pump Wzmocniona podeszwa zapewnia trwa\u0142o\u015b\u0107 &#8220;Rozmiar &#8221; &#8211; d\u0142ugo\u015b\u0107 \u0142ydki Sk\u0142ad: 80% bawe\u0142na, [&hellip;]<\/p>\n","protected":false},"featured_media":96527,"comment_status":"open","ping_status":"closed","template":"","meta":[],"product_brand":[],"product_cat":[861],"product_tag":[],"class_list":{"0":"post-98321","1":"product","2":"type-product","3":"status-publish","4":"has-post-thumbnail","6":"product_cat-akcesoria","7":"pa_cviat-bialy-czarny","8":"pa_razmer-one-size-pl","9":"inventories-world","10":"inventories-pl","11":"inventories-uk","13":"first","14":"instock","15":"taxable","16":"shipping-taxable","17":"purchasable","18":"product-type-variable"},"_links":{"self":[{"href":"https:\/\/peach-pump.com\/en\/wp-json\/wp\/v2\/product\/98321","targetHints":{"allow":["GET"]}}],"collection":[{"href":"https:\/\/peach-pump.com\/en\/wp-json\/wp\/v2\/product"}],"about":[{"href":"https:\/\/peach-pump.com\/en\/wp-json\/wp\/v2\/types\/product"}],"replies":[{"embeddable":true,"href":"https:\/\/peach-pump.com\/en\/wp-json\/wp\/v2\/comments?post=98321"}],"version-history":[{"count":0,"href":"https:\/\/peach-pump.com\/en\/wp-json\/wp\/v2\/product\/98321\/revisions"}],"wp:featuredmedia":[{"embeddable":true,"href":"https:\/\/peach-pump.com\/en\/wp-json\/wp\/v2\/media\/96527"}],"wp:attachment":[{"href":"https:\/\/peach-pump.com\/en\/wp-json\/wp\/v2\/media?parent=98321"}],"wp:term":[{"taxonomy":"product_brand","embeddable":true,"href":"https:\/\/peach-pump.com\/en\/wp-json\/wp\/v2\/product_brand?post=98321"},{"taxonomy":"product_cat","embeddable":true,"href":"https:\/\/peach-pump.com\/en\/wp-json\/wp\/v2\/product_cat?post=98321"},{"taxonomy":"product_tag","embeddable":true,"href":"https:\/\/peach-pump.com\/en\/wp-json\/wp\/v2\/product_tag?post=98321"}],"curies":[{"name":"wp","href":"https:\/\/api.w.org\/{rel}","templated":true}]}}