{"id":96293,"date":"2024-11-17T20:58:39","date_gmt":"2024-11-17T18:58:39","guid":{"rendered":"https:\/\/peach-pump.com\/products\/czarne-sportowe-legginsy-proste\/"},"modified":"2025-12-31T12:50:05","modified_gmt":"2025-12-31T10:50:05","slug":"czarne-sportowe-legginsy-proste","status":"publish","type":"product","link":"https:\/\/peach-pump.com\/pl\/products\/czarne-sportowe-legginsy-proste\/","title":{"rendered":"Czarne, sportowe legginsy o prostym kroju"},"content":{"rendered":"<p>Czarne legginsy sportowe o czystym kroju, bez efektu modelowania. Model nie ma szwu z przodu, co jest preferowane przez wi\u0119kszo\u015b\u0107 pa\u0144, i ma wzmocniony szew z ty\u0142u leggins\u00f3w. Elastyczny materia\u0142 modeluje sylwetk\u0119, a szeroki pas podkre\u015bla tali\u0119. Z ty\u0142u znajduje si\u0119 logo 3D i napis na kostce. Szwy leggins\u00f3w s\u0105 p\u0142askie i nie powoduj\u0105 podra\u017cnie\u0144. Odpowiednie do treningu si\u0142owego lub aerobowego, nie zatrzymuj\u0105 wilgoci w ciele. Mo\u017cna \u0142\u0105czy\u0107 z kr\u00f3tk\u0105 bluzk\u0105 w zestawie, wykonan\u0105 z tego samego materia\u0142u.      <\/p>\n<ul>\n<li>Elastyczny materia\u0142, dzianina<\/li>\n<li>P\u0142askie szwy<\/li>\n<li>Bez szwu z przodu<\/li>\n<li>Wzmocniony szew z ty\u0142u klin\u00f3w<\/li>\n<li>Szeroki pasek podkre\u015blaj\u0105cy tali\u0119<\/li>\n<li>Logo 3D &#8220;Peach Pump&#8221; z ty\u0142u leggins\u00f3w i napis na kostce<\/li>\n<li>Tkanina, kt\u00f3ra nie zatrzymuje wilgoci w ciele<\/li>\n<\/ul>\n<p>Sk\u0142ad: elastan i poliester Dzianin\u0119 mo\u017cna pra\u0107 w temperaturze do 30 stopni, nie wybiela\u0107, nie suszy\u0107 w suszarce b\u0119bnowej ani nie czy\u015bci\u0107 chemicznie. Modelka na zdj\u0119ciu ma 170 cm wzrostu, wa\u017cy 54 kg i ma na sobie rozmiar S.<\/p>\n<p>Aby wybra\u0107 dok\u0142adny rozmiar, skorzystaj z tabel rozmiarowych.<\/p>\n","protected":false},"excerpt":{"rendered":"<p>Czarne legginsy sportowe o czystym kroju, bez efektu modelowania. Model nie ma szwu z przodu, co jest preferowane przez wi\u0119kszo\u015b\u0107 pa\u0144, i ma wzmocniony szew z ty\u0142u leggins\u00f3w. Elastyczny materia\u0142 modeluje sylwetk\u0119, a szeroki pas podkre\u015bla tali\u0119. Z ty\u0142u znajduje si\u0119 logo 3D i napis na kostce. Szwy leggins\u00f3w s\u0105 p\u0142askie i nie powoduj\u0105 podra\u017cnie\u0144. [&hellip;]<\/p>\n","protected":false},"featured_media":95018,"comment_status":"open","ping_status":"closed","template":"","meta":[],"product_brand":[],"product_cat":[144,307],"product_tag":[],"class_list":{"0":"post-96293","1":"product","2":"type-product","3":"status-publish","4":"has-post-thumbnail","6":"product_cat-legginsy-sportowe-damskie","7":"product_cat-legginsy-damskie-dlugie","8":"pa_cviat-czarny","9":"pa_razmer-l-pl","10":"pa_razmer-m-pl-2","11":"pa_razmer-s-pl-2","12":"pa_razmer-xl-pl","13":"inventories-world","14":"inventories-uk","16":"first","17":"instock","18":"taxable","19":"shipping-taxable","20":"purchasable","21":"product-type-variable"},"_links":{"self":[{"href":"https:\/\/peach-pump.com\/en\/wp-json\/wp\/v2\/product\/96293","targetHints":{"allow":["GET"]}}],"collection":[{"href":"https:\/\/peach-pump.com\/en\/wp-json\/wp\/v2\/product"}],"about":[{"href":"https:\/\/peach-pump.com\/en\/wp-json\/wp\/v2\/types\/product"}],"replies":[{"embeddable":true,"href":"https:\/\/peach-pump.com\/en\/wp-json\/wp\/v2\/comments?post=96293"}],"version-history":[{"count":0,"href":"https:\/\/peach-pump.com\/en\/wp-json\/wp\/v2\/product\/96293\/revisions"}],"wp:featuredmedia":[{"embeddable":true,"href":"https:\/\/peach-pump.com\/en\/wp-json\/wp\/v2\/media\/95018"}],"wp:attachment":[{"href":"https:\/\/peach-pump.com\/en\/wp-json\/wp\/v2\/media?parent=96293"}],"wp:term":[{"taxonomy":"product_brand","embeddable":true,"href":"https:\/\/peach-pump.com\/en\/wp-json\/wp\/v2\/product_brand?post=96293"},{"taxonomy":"product_cat","embeddable":true,"href":"https:\/\/peach-pump.com\/en\/wp-json\/wp\/v2\/product_cat?post=96293"},{"taxonomy":"product_tag","embeddable":true,"href":"https:\/\/peach-pump.com\/en\/wp-json\/wp\/v2\/product_tag?post=96293"}],"curies":[{"name":"wp","href":"https:\/\/api.w.org\/{rel}","templated":true}]}}