{"id":96289,"date":"2024-11-17T20:55:11","date_gmt":"2024-11-17T18:55:11","guid":{"rendered":"https:\/\/peach-pump.com\/products\/sportowa-bluza-obcisla-granatowa\/"},"modified":"2026-03-23T16:07:05","modified_gmt":"2026-03-23T14:07:05","slug":"sportowa-bluza-obcisla-granatowa","status":"publish","type":"product","link":"https:\/\/peach-pump.com\/pl\/products\/sportowa-bluza-obcisla-granatowa\/","title":{"rendered":"Granatowa bluza obcis\u0142a z ko\u0142nierzykiem"},"content":{"rendered":"<p>Granatowa bluza obcis\u0142a z ko\u0142nierzykiem rozpinana. Model ma d\u0142ugie r\u0119kawy z miejscem na kciuki, jest elastyczny i idealnie dopasowuje si\u0119 do cia\u0142a. Posiada termicznie naklejone logo &#8220;Peach Pump&#8221; na ramieniu. Nadaje si\u0119 do fitnessu, biegania, \u0107wicze\u0144 aerobowych lub spaceru po parku, nie zatrzymuje wilgoci w ciele. Pasuje do leggins\u00f3w, kt\u00f3re mo\u017cna sprawdzi\u0107 w zak\u0142adce &#8220;Zestawy sportowe z legginsami&#8221;.    <\/p>\n<ul>\n<li>Elastyczny materia\u0142<\/li>\n<li>Ko\u0142nierz z zamkiem b\u0142yskawicznym<\/li>\n<li>Termicznie naklejone logo &#8220;Peach Pump&#8221; na ramieniu<\/li>\n<li>Kr\u00f3tki kr\u00f3j<\/li>\n<li>Miejsce na kciuki<\/li>\n<li>Tkanina, kt\u00f3ra nie zatrzymuje wilgoci w ciele<\/li>\n<\/ul>\n<p>Bluz\u0119 mo\u017cna pra\u0107 w temperaturze do 30 stopni, nie nale\u017cy u\u017cywa\u0107 wybielaczy, suszy\u0107 w suszarce b\u0119bnowej ani czy\u015bci\u0107 chemicznie. Modelka na zdj\u0119ciu ma 170 cm wzrostu, wa\u017cy 54 kg i pozuje w rozmiarze S.<\/p>\n<p>Aby wybra\u0107 dok\u0142adny rozmiar, skorzystaj z tabel rozmiarowych.<\/p>\n","protected":false},"excerpt":{"rendered":"<p>Granatowa bluza obcis\u0142a z ko\u0142nierzykiem rozpinana. Model ma d\u0142ugie r\u0119kawy z miejscem na kciuki, jest elastyczny i idealnie dopasowuje si\u0119 do cia\u0142a. Posiada termicznie naklejone logo &#8220;Peach Pump&#8221; na ramieniu. Nadaje si\u0119 do fitnessu, biegania, \u0107wicze\u0144 aerobowych lub spaceru po parku, nie zatrzymuje wilgoci w ciele. Pasuje do leggins\u00f3w, kt\u00f3re mo\u017cna sprawdzi\u0107 w zak\u0142adce &#8220;Zestawy [&hellip;]<\/p>\n","protected":false},"featured_media":94928,"comment_status":"open","ping_status":"closed","template":"","meta":[],"product_brand":[],"product_cat":[360],"product_tag":[],"class_list":{"0":"post-96289","1":"product","2":"type-product","3":"status-publish","4":"has-post-thumbnail","6":"product_cat-bluzki-koszulki-fitness-sportowe","7":"pa_cviat-ciemny-niebieski","8":"pa_razmer-l-pl","9":"pa_razmer-m-pl-2","10":"pa_razmer-s-pl-2","11":"inventories-uk","13":"first","14":"outofstock","15":"taxable","16":"shipping-taxable","17":"purchasable","18":"product-type-variable"},"_links":{"self":[{"href":"https:\/\/peach-pump.com\/en\/wp-json\/wp\/v2\/product\/96289","targetHints":{"allow":["GET"]}}],"collection":[{"href":"https:\/\/peach-pump.com\/en\/wp-json\/wp\/v2\/product"}],"about":[{"href":"https:\/\/peach-pump.com\/en\/wp-json\/wp\/v2\/types\/product"}],"replies":[{"embeddable":true,"href":"https:\/\/peach-pump.com\/en\/wp-json\/wp\/v2\/comments?post=96289"}],"version-history":[{"count":0,"href":"https:\/\/peach-pump.com\/en\/wp-json\/wp\/v2\/product\/96289\/revisions"}],"wp:featuredmedia":[{"embeddable":true,"href":"https:\/\/peach-pump.com\/en\/wp-json\/wp\/v2\/media\/94928"}],"wp:attachment":[{"href":"https:\/\/peach-pump.com\/en\/wp-json\/wp\/v2\/media?parent=96289"}],"wp:term":[{"taxonomy":"product_brand","embeddable":true,"href":"https:\/\/peach-pump.com\/en\/wp-json\/wp\/v2\/product_brand?post=96289"},{"taxonomy":"product_cat","embeddable":true,"href":"https:\/\/peach-pump.com\/en\/wp-json\/wp\/v2\/product_cat?post=96289"},{"taxonomy":"product_tag","embeddable":true,"href":"https:\/\/peach-pump.com\/en\/wp-json\/wp\/v2\/product_tag?post=96289"}],"curies":[{"name":"wp","href":"https:\/\/api.w.org\/{rel}","templated":true}]}}