{"id":93130,"date":"2024-11-01T23:13:15","date_gmt":"2024-11-01T21:13:15","guid":{"rendered":"https:\/\/peach-pump.com\/products\/pikowany-fioletowy-kombinezon\/"},"modified":"2025-03-19T18:07:25","modified_gmt":"2025-03-19T16:07:25","slug":"pikowany-fioletowy-kombinezon","status":"publish","type":"product","link":"https:\/\/peach-pump.com\/pl\/products\/pikowany-fioletowy-kombinezon\/","title":{"rendered":"Pikowany, ciemnofioletowy, obcis\u0142y kombinezon &#8220;Catsuits&#8221;"},"content":{"rendered":"<p>Ciemnofioletowy, pikowany, obcis\u0142y kombinezon, oddychaj\u0105cy materia\u0142, idealny na trening lub spacer w ch\u0142odniejsze dni. Model ma zamek b\u0142yskawiczny z przodu, wewn\u0119trzny napis Peach Pump i gumowane logo &#8220;Peach Pump&#8221; na ramieniu.  Kombinezon idealnie dopasowuje si\u0119 do cia\u0142a i modeluje je w kszta\u0142t klepsydry, ukrywaj\u0105c niedoskona\u0142o\u015bci. Model nie ma szw\u00f3w z przodu. Odpowiedni r\u00f3wnie\u017c dla wy\u017cszych kobiet.<\/p>\n<p>Modne odkrycie, kt\u00f3re b\u0119dzie Twoim nowym ulubionym dodatkiem do garderoby. B\u0105d\u017a pi\u0119kna, kobieca i zapami\u0119tana dzi\u0119ki Peach Pump.<\/p>\n<ul>\n<li>Pikowana, mi\u0119kka podszewka<\/li>\n<li>Oddychaj\u0105ca tkanina<\/li>\n<li>Ukryty znak &#8220;Peach Pump&#8221;<\/li>\n<li>Logo &#8220;Peach Pump&#8221; na ramieniu<\/li>\n<li>Model rze\u017abi\u0105cy sylwetk\u0119<\/li>\n<li>Elastyczny materia\u0142 idealnie dopasowany<\/li>\n<li>Bez szwu z przodu<\/li>\n<li>Odpowiedni r\u00f3wnie\u017c dla wy\u017cszych pa\u0144<\/li>\n<\/ul>\n<p>Sk\u0142ad: 80% poliester 20% elastan<\/p>\n<p>Kombinezon mo\u017cna pra\u0107 w temperaturze do 30 stopni, nie nale\u017cy go wybiela\u0107 ani czy\u015bci\u0107 chemicznie.<\/p>\n<p>Modelka na zdj\u0119ciach ma 167 cm wzrostu, wa\u017cy 50 kg i nosi rozmiar S<\/p>\n<p>&nbsp;<\/p>\n","protected":false},"excerpt":{"rendered":"<p>Ciemnofioletowy, pikowany, obcis\u0142y kombinezon, oddychaj\u0105cy materia\u0142, idealny na trening lub spacer w ch\u0142odniejsze dni. Model ma zamek b\u0142yskawiczny z przodu, wewn\u0119trzny napis Peach Pump i gumowane logo &#8220;Peach Pump&#8221; na ramieniu. Kombinezon idealnie dopasowuje si\u0119 do cia\u0142a i modeluje je w kszta\u0142t klepsydry, ukrywaj\u0105c niedoskona\u0142o\u015bci. Model nie ma szw\u00f3w z przodu. Odpowiedni r\u00f3wnie\u017c dla wy\u017cszych [&hellip;]<\/p>\n","protected":false},"featured_media":92291,"comment_status":"open","ping_status":"closed","template":"","meta":[],"product_brand":[],"product_cat":[1128,364],"product_tag":[],"class_list":{"0":"post-93130","1":"product","2":"type-product","3":"status-publish","4":"has-post-thumbnail","6":"product_cat-kombinezony-sportowe-damskie","7":"product_cat-omplet-sportowy-top-legginsy","8":"pa_cviat-fioletowy","9":"pa_razmer-l-pl","10":"pa_razmer-m-pl-2","11":"pa_razmer-s-pl-2","12":"inventories-world","13":"inventories-uk","15":"first","16":"instock","17":"taxable","18":"shipping-taxable","19":"purchasable","20":"product-type-variable"},"_links":{"self":[{"href":"https:\/\/peach-pump.com\/en\/wp-json\/wp\/v2\/product\/93130","targetHints":{"allow":["GET"]}}],"collection":[{"href":"https:\/\/peach-pump.com\/en\/wp-json\/wp\/v2\/product"}],"about":[{"href":"https:\/\/peach-pump.com\/en\/wp-json\/wp\/v2\/types\/product"}],"replies":[{"embeddable":true,"href":"https:\/\/peach-pump.com\/en\/wp-json\/wp\/v2\/comments?post=93130"}],"version-history":[{"count":2,"href":"https:\/\/peach-pump.com\/en\/wp-json\/wp\/v2\/product\/93130\/revisions"}],"predecessor-version":[{"id":108796,"href":"https:\/\/peach-pump.com\/en\/wp-json\/wp\/v2\/product\/93130\/revisions\/108796"}],"wp:featuredmedia":[{"embeddable":true,"href":"https:\/\/peach-pump.com\/en\/wp-json\/wp\/v2\/media\/92291"}],"wp:attachment":[{"href":"https:\/\/peach-pump.com\/en\/wp-json\/wp\/v2\/media?parent=93130"}],"wp:term":[{"taxonomy":"product_brand","embeddable":true,"href":"https:\/\/peach-pump.com\/en\/wp-json\/wp\/v2\/product_brand?post=93130"},{"taxonomy":"product_cat","embeddable":true,"href":"https:\/\/peach-pump.com\/en\/wp-json\/wp\/v2\/product_cat?post=93130"},{"taxonomy":"product_tag","embeddable":true,"href":"https:\/\/peach-pump.com\/en\/wp-json\/wp\/v2\/product_tag?post=93130"}],"curies":[{"name":"wp","href":"https:\/\/api.w.org\/{rel}","templated":true}]}}