{"id":87682,"date":"2024-08-27T21:49:21","date_gmt":"2024-08-27T19:49:21","guid":{"rendered":"https:\/\/peach-pump.com\/products\/czarny-bustier-biale-ramiaczka\/"},"modified":"2026-04-04T12:39:20","modified_gmt":"2026-04-04T10:39:20","slug":"czarny-biustonosz-biale-ramiaczka","status":"publish","type":"product","link":"https:\/\/peach-pump.com\/pl\/products\/czarny-biustonosz-biale-ramiaczka\/","title":{"rendered":"Czarny biustonosz z bia\u0142ymi rami\u0105czkami"},"content":{"rendered":"<p>Czarny biustonosz z bia\u0142ymi rami\u0105czkami i wk\u0142adkami z efektem liftingu. Model ten zosta\u0142 wykonany z elastycznego, oddychaj\u0105cego materia\u0142u, kt\u00f3ry odprowadza wilgo\u0107 z cia\u0142a i zapewnia pe\u0142n\u0105 swobod\u0119 ruch\u00f3w podczas treningu. Wk\u0142adki biustonosza s\u0105 wyjmowane i ma zgrzewane logo &#8220;Peach Pump&#8221; z przodu. Mo\u017cna je \u0142\u0105czy\u0107 z kr\u00f3tkimi legginsami w tym samym wzorze lub d\u0142ugimi legginsami w jednolitym kolorze. \u015awie\u017ca propozycja, kt\u00f3ra sprawi, \u017ce poczujesz si\u0119 pi\u0119knie i seksownie.     Dla Biustonoszy: <\/p>\n<ul>\n<li> Wyjmowane wk\u0142adki<\/li>\n<li> Efekt Push-Up<\/li>\n<li> Du\u017ca elastyczno\u015b\u0107<\/li>\n<li> Zgrzewane logo Peach Pump z przodu biustonsza<\/li>\n<li> Tkanina odprowadzaj\u0105ca wilgo\u0107 od cia\u0142a<\/li>\n<\/ul>\n<p> Sk\u0142ad: 80% poliester 20% elastan. Biustonosz mo\u017cna pra\u0107 w temperaturze do 30 stopni, zaleca si\u0119 odwracanie podczas prania, nie nale\u017cy u\u017cywa\u0107 wybielaczy ani czy\u015bci\u0107 chemicznie. Modelka na zdj\u0119ciu ma 180 cm wzrostu, wa\u017cy 56 kg i nosi biustonosz w rozmiarze S.  Aby wybra\u0107 dok\u0142adny rozmiar, skorzystaj z tabel rozmiarowych. <a href=\"https:\/\/peach-pump.com\/wp-content\/uploads\/2024\/06\/Sport-Bras-Peach-Pump-size-chart-800x800.jpg\"><img loading=\"lazy\" class=\"alignnone wp-image-80917 \" src=\"https:\/\/peach-pump.com\/wp-content\/uploads\/2024\/06\/Sport-Bras-Peach-Pump-size-chart-800x800.jpg\" alt=\"\" width=\"561\" height=\"561\" srcset=\"https:\/\/peach-pump.com\/wp-content\/uploads\/2024\/06\/Sport-Bras-Peach-Pump-size-chart-800x800.jpg 800w, https:\/\/peach-pump.com\/wp-content\/uploads\/2024\/06\/Sport-Bras-Peach-Pump-size-chart-480x480.jpg 480w, https:\/\/peach-pump.com\/wp-content\/uploads\/2024\/06\/Sport-Bras-Peach-Pump-size-chart-1000x1000.jpg 1000w, https:\/\/peach-pump.com\/wp-content\/uploads\/2024\/06\/Sport-Bras-Peach-Pump-size-chart-300x300.jpg 300w, https:\/\/peach-pump.com\/wp-content\/uploads\/2024\/06\/Sport-Bras-Peach-Pump-size-chart-150x150.jpg 150w, https:\/\/peach-pump.com\/wp-content\/uploads\/2024\/06\/Sport-Bras-Peach-Pump-size-chart-768x768.jpg 768w, https:\/\/peach-pump.com\/wp-content\/uploads\/2024\/06\/Sport-Bras-Peach-Pump-size-chart-990x990.jpg 990w, https:\/\/peach-pump.com\/wp-content\/uploads\/2024\/06\/Sport-Bras-Peach-Pump-size-chart-441x441.jpg 441w, https:\/\/peach-pump.com\/wp-content\/uploads\/2024\/06\/Sport-Bras-Peach-Pump-size-chart-100x100.jpg 100w, https:\/\/peach-pump.com\/wp-content\/uploads\/2024\/06\/Sport-Bras-Peach-Pump-size-chart-64x64.jpg 64w, https:\/\/peach-pump.com\/wp-content\/uploads\/2024\/06\/Sport-Bras-Peach-Pump-size-chart.jpg 1080w\" sizes=\"auto, (max-width: 561px) 100vw, 561px\" \/><\/a><\/p>\n","protected":false},"excerpt":{"rendered":"<p>Czarny biustonosz z bia\u0142ymi rami\u0105czkami i wk\u0142adkami z efektem liftingu. Model ten zosta\u0142 wykonany z elastycznego, oddychaj\u0105cego materia\u0142u, kt\u00f3ry odprowadza wilgo\u0107 z cia\u0142a i zapewnia pe\u0142n\u0105 swobod\u0119 ruch\u00f3w podczas treningu. Wk\u0142adki biustonosza s\u0105 wyjmowane i ma zgrzewane logo &#8220;Peach Pump&#8221; z przodu. Mo\u017cna je \u0142\u0105czy\u0107 z kr\u00f3tkimi legginsami w tym samym wzorze lub d\u0142ugimi legginsami [&hellip;]<\/p>\n","protected":false},"featured_media":86944,"comment_status":"open","ping_status":"closed","template":"","meta":[],"product_brand":[],"product_cat":[361],"product_tag":[],"class_list":{"0":"post-87682","1":"product","2":"type-product","3":"status-publish","4":"has-post-thumbnail","6":"product_cat-biustonosz-staniki-sportove","7":"pa_cviat-czarny","8":"pa_razmer-l-pl","9":"pa_razmer-m-pl-2","10":"pa_razmer-s-pl-2","11":"inventories-world","12":"inventories-pl","13":"inventories-uk","15":"first","16":"instock","17":"taxable","18":"shipping-taxable","19":"purchasable","20":"product-type-variable"},"_links":{"self":[{"href":"https:\/\/peach-pump.com\/pl\/wp-json\/wp\/v2\/product\/87682","targetHints":{"allow":["GET"]}}],"collection":[{"href":"https:\/\/peach-pump.com\/pl\/wp-json\/wp\/v2\/product"}],"about":[{"href":"https:\/\/peach-pump.com\/pl\/wp-json\/wp\/v2\/types\/product"}],"replies":[{"embeddable":true,"href":"https:\/\/peach-pump.com\/pl\/wp-json\/wp\/v2\/comments?post=87682"}],"version-history":[{"count":0,"href":"https:\/\/peach-pump.com\/pl\/wp-json\/wp\/v2\/product\/87682\/revisions"}],"wp:featuredmedia":[{"embeddable":true,"href":"https:\/\/peach-pump.com\/pl\/wp-json\/wp\/v2\/media\/86944"}],"wp:attachment":[{"href":"https:\/\/peach-pump.com\/pl\/wp-json\/wp\/v2\/media?parent=87682"}],"wp:term":[{"taxonomy":"product_brand","embeddable":true,"href":"https:\/\/peach-pump.com\/pl\/wp-json\/wp\/v2\/product_brand?post=87682"},{"taxonomy":"product_cat","embeddable":true,"href":"https:\/\/peach-pump.com\/pl\/wp-json\/wp\/v2\/product_cat?post=87682"},{"taxonomy":"product_tag","embeddable":true,"href":"https:\/\/peach-pump.com\/pl\/wp-json\/wp\/v2\/product_tag?post=87682"}],"curies":[{"name":"wp","href":"https:\/\/api.w.org\/{rel}","templated":true}]}}