{"id":87670,"date":"2024-08-27T14:35:22","date_gmt":"2024-08-27T12:35:22","guid":{"rendered":"https:\/\/peach-pump.com\/products\/niebieski-krotki-klin-biale-linie\/"},"modified":"2026-04-16T15:52:14","modified_gmt":"2026-04-16T13:52:14","slug":"niebieskie-krotkie-legginsy-biale-linie","status":"publish","type":"product","link":"https:\/\/peach-pump.com\/pl\/products\/niebieskie-krotkie-legginsy-biale-linie\/","title":{"rendered":"Niebieskie kr\u00f3tkie legginsy z bia\u0142ymi liniami"},"content":{"rendered":"<p>Niebieskie kr\u00f3tkie legginsy typu &#8220;Booty shorts&#8221; z bia\u0142ymi liniami. Ten model leggins\u00f3w ma \u015bwietn\u0105 elastyczno\u015b\u0107, pi\u0119knie modeluje sylwetk\u0119 i jest wykonany z materia\u0142u, kt\u00f3ry nie zatrzymuje wilgoci przy ciele. Z ty\u0142u maj\u0105 delikatny brzoskwiniowy efekt.   Mo\u017cna \u0142\u0105czy\u0107 go ze stanikiem o tym samym wzorze, patrz &#8220;Kr\u00f3tkie legginsy sportowe&#8221;.<\/p>\n<ul>\n<li>Podnosz\u0105, modeluj\u0105, ukrywaj\u0105 problematyczne obszary<\/li>\n<li>Bez szwu z przodu<\/li>\n<li>Termicznie naklejone logo Peach Pump z ty\u0142u leggins\u00f3w<\/li>\n<li>Termicznie naklejone logo z boku uda<\/li>\n<li>Tkanina, kt\u00f3ra nie zatrzymuje wilgoci w ciele<\/li>\n<\/ul>\n<p>Sk\u0142ad: 80% poliester 20% elastan<\/p>\n<p>Klin mo\u017cna pra\u0107 w temperaturze do 30 stopni, zaleca si\u0119 odwr\u00f3cenie podczas prania, nie nale\u017cy u\u017cywa\u0107 wybielaczy ani czy\u015bci\u0107 chemicznie.<\/p>\n<p>Modelka na zdj\u0119ciu ma 180 wzrostu, wa\u017cy 56 kg i pozuje w rozmiarze M.<\/p>\n<p>Aby wybra\u0107 dok\u0142adny rozmiar, skorzystaj z tabel rozmiarowych.<\/p>\n<p>&nbsp;<\/p>\n<p><a href=\"https:\/\/peach-pump.com\/wp-content\/uploads\/2024\/06\/Elastic-models-Peach-Pump-size-chart.jpg\"><img loading=\"lazy\" class=\"alignnone wp-image-80867 \" src=\"https:\/\/peach-pump.com\/wp-content\/uploads\/2024\/06\/Elastic-models-Peach-Pump-size-chart.jpg\" alt=\"\" width=\"667\" height=\"500\" srcset=\"https:\/\/peach-pump.com\/wp-content\/uploads\/2024\/06\/Elastic-models-Peach-Pump-size-chart.jpg 1024w, https:\/\/peach-pump.com\/wp-content\/uploads\/2024\/06\/Elastic-models-Peach-Pump-size-chart-480x360.jpg 480w, https:\/\/peach-pump.com\/wp-content\/uploads\/2024\/06\/Elastic-models-Peach-Pump-size-chart-1000x750.jpg 1000w, https:\/\/peach-pump.com\/wp-content\/uploads\/2024\/06\/Elastic-models-Peach-Pump-size-chart-400x300.jpg 400w, https:\/\/peach-pump.com\/wp-content\/uploads\/2024\/06\/Elastic-models-Peach-Pump-size-chart-768x576.jpg 768w, https:\/\/peach-pump.com\/wp-content\/uploads\/2024\/06\/Elastic-models-Peach-Pump-size-chart-990x743.jpg 990w, https:\/\/peach-pump.com\/wp-content\/uploads\/2024\/06\/Elastic-models-Peach-Pump-size-chart-441x331.jpg 441w, https:\/\/peach-pump.com\/wp-content\/uploads\/2024\/06\/Elastic-models-Peach-Pump-size-chart-150x113.jpg 150w, https:\/\/peach-pump.com\/wp-content\/uploads\/2024\/06\/Elastic-models-Peach-Pump-size-chart-64x48.jpg 64w\" sizes=\"auto, (max-width: 667px) 100vw, 667px\" \/><\/a><\/p>\n","protected":false},"excerpt":{"rendered":"<p>Niebieskie kr\u00f3tkie legginsy typu &#8220;Booty shorts&#8221; z bia\u0142ymi liniami. Ten model leggins\u00f3w ma \u015bwietn\u0105 elastyczno\u015b\u0107, pi\u0119knie modeluje sylwetk\u0119 i jest wykonany z materia\u0142u, kt\u00f3ry nie zatrzymuje wilgoci przy ciele. Z ty\u0142u maj\u0105 delikatny brzoskwiniowy efekt. Mo\u017cna \u0142\u0105czy\u0107 go ze stanikiem o tym samym wzorze, patrz &#8220;Kr\u00f3tkie legginsy sportowe&#8221;. Podnosz\u0105, modeluj\u0105, ukrywaj\u0105 problematyczne obszary Bez szwu [&hellip;]<\/p>\n","protected":false},"featured_media":86729,"comment_status":"open","ping_status":"closed","template":"","meta":[],"product_brand":[],"product_cat":[201,144],"product_tag":[],"class_list":{"0":"post-87670","1":"product","2":"type-product","3":"status-publish","4":"has-post-thumbnail","6":"product_cat-krotkie-legginsy","7":"product_cat-legginsy-sportowe-damskie","8":"pa_cviat-niebieski","9":"pa_razmer-l-pl","10":"pa_razmer-m-pl-2","11":"pa_razmer-s-pl-2","12":"inventories-world","13":"inventories-pl","14":"inventories-uk","16":"first","17":"instock","18":"taxable","19":"shipping-taxable","20":"purchasable","21":"product-type-variable"},"_links":{"self":[{"href":"https:\/\/peach-pump.com\/pl\/wp-json\/wp\/v2\/product\/87670","targetHints":{"allow":["GET"]}}],"collection":[{"href":"https:\/\/peach-pump.com\/pl\/wp-json\/wp\/v2\/product"}],"about":[{"href":"https:\/\/peach-pump.com\/pl\/wp-json\/wp\/v2\/types\/product"}],"replies":[{"embeddable":true,"href":"https:\/\/peach-pump.com\/pl\/wp-json\/wp\/v2\/comments?post=87670"}],"version-history":[{"count":1,"href":"https:\/\/peach-pump.com\/pl\/wp-json\/wp\/v2\/product\/87670\/revisions"}],"predecessor-version":[{"id":108837,"href":"https:\/\/peach-pump.com\/pl\/wp-json\/wp\/v2\/product\/87670\/revisions\/108837"}],"wp:featuredmedia":[{"embeddable":true,"href":"https:\/\/peach-pump.com\/pl\/wp-json\/wp\/v2\/media\/86729"}],"wp:attachment":[{"href":"https:\/\/peach-pump.com\/pl\/wp-json\/wp\/v2\/media?parent=87670"}],"wp:term":[{"taxonomy":"product_brand","embeddable":true,"href":"https:\/\/peach-pump.com\/pl\/wp-json\/wp\/v2\/product_brand?post=87670"},{"taxonomy":"product_cat","embeddable":true,"href":"https:\/\/peach-pump.com\/pl\/wp-json\/wp\/v2\/product_cat?post=87670"},{"taxonomy":"product_tag","embeddable":true,"href":"https:\/\/peach-pump.com\/pl\/wp-json\/wp\/v2\/product_tag?post=87670"}],"curies":[{"name":"wp","href":"https:\/\/api.w.org\/{rel}","templated":true}]}}