{"id":82244,"date":"2024-06-25T11:26:30","date_gmt":"2024-06-25T09:26:30","guid":{"rendered":"https:\/\/peach-pump.com\/products\/bialy-sportowy-biustonosz-z-napisami\/"},"modified":"2026-04-07T12:59:57","modified_gmt":"2026-04-07T10:59:57","slug":"bialy-sportowy-biustonosz-z-napisami","status":"publish","type":"product","link":"https:\/\/peach-pump.com\/pl\/products\/bialy-sportowy-biustonosz-z-napisami\/","title":{"rendered":"Bia\u0142y, sportowy biustonosz z napisem Peach Pump X"},"content":{"rendered":"<p>Bia\u0142y, sportowy biustonosz z napisem i efektem Super Push-Up, kt\u00f3ry mo\u017cna zdj\u0105\u0107. Ten biustonosz &#8220;X&#8221; ma krzy\u017c na plecach z napisem &#8220;Peach Pump&#8221; i regulowane rami\u0105czka. Materia\u0142 jest niezwykle mi\u0119kki i rozci\u0105gliwy, odprowadza wilgo\u0107 z cia\u0142a, ma szerok\u0105 gumk\u0119 pod biustem, a zapi\u0119cie z ty\u0142u jest wielostopniowe. Model jest wygodny do biegania, jogi, fitnessu, pilatesu i ka\u017cdego rodzaju sportu lub do noszenia na co dzie\u0144, Tw\u00f3j biust b\u0119dzie unieruchomiony, a Ty poczujesz si\u0119 komfortowo i bezpiecznie.<\/p>\n<ul>\n<li>Wyjmowane wk\u0142adki<\/li>\n<li>Efekt Push-Up<\/li>\n<li>Krzy\u017c na plecach z regulowanymi rami\u0105czkami i napisem Peach Pump<\/li>\n<li>Elastyczna gumka pod biustem z zapi\u0119ciem trzystopniowym<\/li>\n<li>Termicznie naklejone logo Peach Pump<\/li>\n<li>Tkanina odprowadzaj\u0105ca wilgo\u0107 z cia\u0142a<\/li>\n<\/ul>\n<p>70% poliester 30% elastan<\/p>\n<p>Stanik mo\u017cna pra\u0107 w temperaturze do 30 stopni. Nie wybiela\u0107. Nie czy\u015bci\u0107 chemicznie.<\/p>\n<p>Modelka na zdj\u0119ciu ma 167 m wzrostu, wa\u017cy 53 kg i nosi rozmiar S.<\/p>\n<p>Aby wybra\u0107 dok\u0142adny rozmiar, skorzystaj z tabel rozmiarowych.<\/p>\n<p><a href=\"https:\/\/peach-pump.com\/wp-content\/uploads\/2024\/06\/Sport-Bras-Peach-Pump-size-chart-800x800.jpg\"><img loading=\"lazy\" class=\"alignnone wp-image-80917 \" src=\"https:\/\/peach-pump.com\/wp-content\/uploads\/2024\/06\/Sport-Bras-Peach-Pump-size-chart-800x800.jpg\" alt=\"\" width=\"580\" height=\"580\" srcset=\"https:\/\/peach-pump.com\/wp-content\/uploads\/2024\/06\/Sport-Bras-Peach-Pump-size-chart-800x800.jpg 800w, https:\/\/peach-pump.com\/wp-content\/uploads\/2024\/06\/Sport-Bras-Peach-Pump-size-chart-480x480.jpg 480w, https:\/\/peach-pump.com\/wp-content\/uploads\/2024\/06\/Sport-Bras-Peach-Pump-size-chart-1000x1000.jpg 1000w, https:\/\/peach-pump.com\/wp-content\/uploads\/2024\/06\/Sport-Bras-Peach-Pump-size-chart-300x300.jpg 300w, https:\/\/peach-pump.com\/wp-content\/uploads\/2024\/06\/Sport-Bras-Peach-Pump-size-chart-150x150.jpg 150w, https:\/\/peach-pump.com\/wp-content\/uploads\/2024\/06\/Sport-Bras-Peach-Pump-size-chart-768x768.jpg 768w, https:\/\/peach-pump.com\/wp-content\/uploads\/2024\/06\/Sport-Bras-Peach-Pump-size-chart-990x990.jpg 990w, https:\/\/peach-pump.com\/wp-content\/uploads\/2024\/06\/Sport-Bras-Peach-Pump-size-chart-441x441.jpg 441w, https:\/\/peach-pump.com\/wp-content\/uploads\/2024\/06\/Sport-Bras-Peach-Pump-size-chart-100x100.jpg 100w, https:\/\/peach-pump.com\/wp-content\/uploads\/2024\/06\/Sport-Bras-Peach-Pump-size-chart-64x64.jpg 64w, https:\/\/peach-pump.com\/wp-content\/uploads\/2024\/06\/Sport-Bras-Peach-Pump-size-chart.jpg 1080w\" sizes=\"auto, (max-width: 580px) 100vw, 580px\" \/><\/a><\/p>\n","protected":false},"excerpt":{"rendered":"<p>Bia\u0142y, sportowy biustonosz z napisem i efektem Super Push-Up, kt\u00f3ry mo\u017cna zdj\u0105\u0107. Ten biustonosz &#8220;X&#8221; ma krzy\u017c na plecach z napisem &#8220;Peach Pump&#8221; i regulowane rami\u0105czka. Materia\u0142 jest niezwykle mi\u0119kki i rozci\u0105gliwy, odprowadza wilgo\u0107 z cia\u0142a, ma szerok\u0105 gumk\u0119 pod biustem, a zapi\u0119cie z ty\u0142u jest wielostopniowe. Model jest wygodny do biegania, jogi, fitnessu, pilatesu [&hellip;]<\/p>\n","protected":false},"featured_media":81652,"comment_status":"open","ping_status":"closed","template":"","meta":[],"product_brand":[],"product_cat":[361],"product_tag":[],"class_list":{"0":"post-82244","1":"product","2":"type-product","3":"status-publish","4":"has-post-thumbnail","6":"product_cat-biustonosz-staniki-sportove","7":"pa_cviat-bialy-pl","8":"pa_razmer-l-pl","9":"pa_razmer-m-pl-2","10":"pa_razmer-s-pl-2","11":"inventories-world","12":"inventories-pl","13":"inventories-uk","15":"first","16":"instock","17":"taxable","18":"shipping-taxable","19":"purchasable","20":"product-type-variable"},"_links":{"self":[{"href":"https:\/\/peach-pump.com\/en\/wp-json\/wp\/v2\/product\/82244","targetHints":{"allow":["GET"]}}],"collection":[{"href":"https:\/\/peach-pump.com\/en\/wp-json\/wp\/v2\/product"}],"about":[{"href":"https:\/\/peach-pump.com\/en\/wp-json\/wp\/v2\/types\/product"}],"replies":[{"embeddable":true,"href":"https:\/\/peach-pump.com\/en\/wp-json\/wp\/v2\/comments?post=82244"}],"version-history":[{"count":0,"href":"https:\/\/peach-pump.com\/en\/wp-json\/wp\/v2\/product\/82244\/revisions"}],"wp:featuredmedia":[{"embeddable":true,"href":"https:\/\/peach-pump.com\/en\/wp-json\/wp\/v2\/media\/81652"}],"wp:attachment":[{"href":"https:\/\/peach-pump.com\/en\/wp-json\/wp\/v2\/media?parent=82244"}],"wp:term":[{"taxonomy":"product_brand","embeddable":true,"href":"https:\/\/peach-pump.com\/en\/wp-json\/wp\/v2\/product_brand?post=82244"},{"taxonomy":"product_cat","embeddable":true,"href":"https:\/\/peach-pump.com\/en\/wp-json\/wp\/v2\/product_cat?post=82244"},{"taxonomy":"product_tag","embeddable":true,"href":"https:\/\/peach-pump.com\/en\/wp-json\/wp\/v2\/product_tag?post=82244"}],"curies":[{"name":"wp","href":"https:\/\/api.w.org\/{rel}","templated":true}]}}