{"id":79426,"date":"2024-05-14T21:42:16","date_gmt":"2024-05-14T19:42:16","guid":{"rendered":"https:\/\/peach-pump.com\/products\/damskie-chwyty-do-ciezarow-kolor-szary\/"},"modified":"2026-03-27T15:36:13","modified_gmt":"2026-03-27T13:36:13","slug":"damskie-chwyty-do-ciezarow-kolor-szary","status":"publish","type":"product","link":"https:\/\/peach-pump.com\/pl\/products\/damskie-chwyty-do-ciezarow-kolor-szary\/","title":{"rendered":"Damskie chwyty do ci\u0119\u017car\u00f3w w kolorze szarym"},"content":{"rendered":"<p>Wygodne damskie uchwyty do ci\u0119\u017car\u00f3w w kolorze szarym, zaprojektowane z my\u015bl\u0105 o lepszej przyczepno\u015bci podczas wykonywania niekt\u00f3rych \u0107wicze\u0144 lub trening\u00f3w na si\u0142owni i cross-fit sali. Mog\u0105 by\u0107 u\u017cywane do podci\u0105gania, martwego ci\u0105gu i innych \u0107wicze\u0144, a g\u00f3rna cz\u0119\u015b\u0107 mo\u017ce by\u0107 r\u00f3wnie\u017c u\u017cywana do ochrony d\u0142oni przed urazami. Posiadaj\u0105 sk\u00f3rzan\u0105 g\u00f3rn\u0105 cz\u0119\u015b\u0107 i nadgarstki, kt\u00f3re zapewniaj\u0105 pewny chwyt.<\/p>\n<ul>\n<li>Sk\u00f3rzana g\u00f3rna cz\u0119\u015b\u0107 dla lepszej przyczepno\u015bci podczas treningu<\/li>\n<li>Nadgarstki do lepszej przyczepno\u015bci<\/li>\n<li>Gumowe logo Peach Pump<\/li>\n<li>Podk\u0142adki neoprenowe<\/li>\n<li>Torba do przechowywania<\/li>\n<\/ul>\n<p>Sk\u0142ad: sk\u00f3ra, guma, neopren<\/p>\n<p>Rozmiar uniwersalny<\/p>\n","protected":false},"excerpt":{"rendered":"<p>Wygodne damskie uchwyty do ci\u0119\u017car\u00f3w w kolorze szarym, zaprojektowane z my\u015bl\u0105 o lepszej przyczepno\u015bci podczas wykonywania niekt\u00f3rych \u0107wicze\u0144 lub trening\u00f3w na si\u0142owni i cross-fit sali. Mog\u0105 by\u0107 u\u017cywane do podci\u0105gania, martwego ci\u0105gu i innych \u0107wicze\u0144, a g\u00f3rna cz\u0119\u015b\u0107 mo\u017ce by\u0107 r\u00f3wnie\u017c u\u017cywana do ochrony d\u0142oni przed urazami. Posiadaj\u0105 sk\u00f3rzan\u0105 g\u00f3rn\u0105 cz\u0119\u015b\u0107 i nadgarstki, kt\u00f3re zapewniaj\u0105 [&hellip;]<\/p>\n","protected":false},"featured_media":77926,"comment_status":"open","ping_status":"closed","template":"","meta":[],"product_brand":[],"product_cat":[861],"product_tag":[],"class_list":{"0":"post-79426","1":"product","2":"type-product","3":"status-publish","4":"has-post-thumbnail","6":"product_cat-akcesoria","7":"pa_cviat-szary","8":"pa_razmer-one-size-pl","9":"inventories-world","10":"inventories-pl","11":"inventories-uk","13":"first","14":"instock","15":"taxable","16":"shipping-taxable","17":"purchasable","18":"product-type-variable"},"_links":{"self":[{"href":"https:\/\/peach-pump.com\/en\/wp-json\/wp\/v2\/product\/79426","targetHints":{"allow":["GET"]}}],"collection":[{"href":"https:\/\/peach-pump.com\/en\/wp-json\/wp\/v2\/product"}],"about":[{"href":"https:\/\/peach-pump.com\/en\/wp-json\/wp\/v2\/types\/product"}],"replies":[{"embeddable":true,"href":"https:\/\/peach-pump.com\/en\/wp-json\/wp\/v2\/comments?post=79426"}],"version-history":[{"count":0,"href":"https:\/\/peach-pump.com\/en\/wp-json\/wp\/v2\/product\/79426\/revisions"}],"wp:featuredmedia":[{"embeddable":true,"href":"https:\/\/peach-pump.com\/en\/wp-json\/wp\/v2\/media\/77926"}],"wp:attachment":[{"href":"https:\/\/peach-pump.com\/en\/wp-json\/wp\/v2\/media?parent=79426"}],"wp:term":[{"taxonomy":"product_brand","embeddable":true,"href":"https:\/\/peach-pump.com\/en\/wp-json\/wp\/v2\/product_brand?post=79426"},{"taxonomy":"product_cat","embeddable":true,"href":"https:\/\/peach-pump.com\/en\/wp-json\/wp\/v2\/product_cat?post=79426"},{"taxonomy":"product_tag","embeddable":true,"href":"https:\/\/peach-pump.com\/en\/wp-json\/wp\/v2\/product_tag?post=79426"}],"curies":[{"name":"wp","href":"https:\/\/api.w.org\/{rel}","templated":true}]}}