{"id":73705,"date":"2024-04-06T14:34:39","date_gmt":"2024-04-06T12:34:39","guid":{"rendered":"https:\/\/peach-pump.com\/?post_type=product&p=73705"},"modified":"2026-04-07T14:38:43","modified_gmt":"2026-04-07T12:38:43","slug":"damska-koszulka-z-napisami-biala-z-niebieskim","status":"publish","type":"product","link":"https:\/\/peach-pump.com\/pl\/products\/damska-koszulka-z-napisami-biala-z-niebieskim\/","title":{"rendered":"Damska koszulka z napisami, bia\u0142a z niebieskim"},"content":{"rendered":"<p>Sportowa, damska, bawe\u0142niana koszulka z napisem, kr\u00f3tkimi r\u0119kawami i dekoltem w kszta\u0142cie litery V. Koszulka jest bia\u0142a z niebieskim logo, mankietem i haftem 3D Peach Pump. Limitowana, sportowa koszulka Peach Pump, w kt\u00f3rej poczujesz si\u0119 komfortowo, swobodnie i seksownie. Ten wz\u00f3r doskonale komponuje si\u0119 z szortami lub legginsami marki, zapewniaj\u0105c idealne wyko\u0144czenie stroju, odpowiednie zar\u00f3wno do uprawiania sportu, jak i rekreacji.<\/p>\n<ul>\n<li>Bawe\u0142niana koszulka<\/li>\n<li>Dekolt w kszta\u0142cie litery V z mankietem<\/li>\n<li>Haft 3D Peach Pump<\/li>\n<li>Lu\u017any kr\u00f3j<\/li>\n<li>Kr\u00f3tki r\u0119kaw<\/li>\n<\/ul>\n<p>95% bawe\u0142na, 5% elastan<\/p>\n<p>Koszulk\u0119 mo\u017cna pra\u0107 w temperaturze do 30 stopni. Nie wybiela\u0107. Nie czy\u015bci\u0107 chemicznie.<\/p>\n<p>Modelka na zdj\u0119ciu ma 170 wzrostu, wa\u017cy 49 kg i nosi rozmiar S.<\/p>\n<p>Aby wybra\u0107 dok\u0142adny rozmiar, skorzystaj z tabel rozmiarowych.<\/p>\n","protected":false},"excerpt":{"rendered":"<p>Sportowa, damska, bawe\u0142niana koszulka z napisem, kr\u00f3tkimi r\u0119kawami i dekoltem w kszta\u0142cie litery V. Koszulka jest bia\u0142a z niebieskim logo, mankietem i haftem 3D Peach Pump. Limitowana, sportowa koszulka Peach Pump, w kt\u00f3rej poczujesz si\u0119 komfortowo, swobodnie i seksownie. Ten wz\u00f3r doskonale komponuje si\u0119 z szortami lub legginsami marki, zapewniaj\u0105c idealne wyko\u0144czenie stroju, odpowiednie zar\u00f3wno [&hellip;]<\/p>\n","protected":false},"featured_media":73856,"comment_status":"open","ping_status":"closed","template":"","meta":[],"product_brand":[],"product_cat":[360],"product_tag":[],"class_list":{"0":"post-73705","1":"product","2":"type-product","3":"status-publish","4":"has-post-thumbnail","6":"product_cat-bluzki-koszulki-fitness-sportowe","7":"pa_cviat-niebieski","8":"pa_razmer-m-pl-2","9":"pa_razmer-s-pl-2","10":"inventories-world","11":"inventories-pl","12":"inventories-uk","14":"first","15":"instock","16":"sale","17":"taxable","18":"shipping-taxable","19":"purchasable","20":"product-type-variable"},"_links":{"self":[{"href":"https:\/\/peach-pump.com\/pl\/wp-json\/wp\/v2\/product\/73705","targetHints":{"allow":["GET"]}}],"collection":[{"href":"https:\/\/peach-pump.com\/pl\/wp-json\/wp\/v2\/product"}],"about":[{"href":"https:\/\/peach-pump.com\/pl\/wp-json\/wp\/v2\/types\/product"}],"replies":[{"embeddable":true,"href":"https:\/\/peach-pump.com\/pl\/wp-json\/wp\/v2\/comments?post=73705"}],"version-history":[{"count":0,"href":"https:\/\/peach-pump.com\/pl\/wp-json\/wp\/v2\/product\/73705\/revisions"}],"wp:featuredmedia":[{"embeddable":true,"href":"https:\/\/peach-pump.com\/pl\/wp-json\/wp\/v2\/media\/73856"}],"wp:attachment":[{"href":"https:\/\/peach-pump.com\/pl\/wp-json\/wp\/v2\/media?parent=73705"}],"wp:term":[{"taxonomy":"product_brand","embeddable":true,"href":"https:\/\/peach-pump.com\/pl\/wp-json\/wp\/v2\/product_brand?post=73705"},{"taxonomy":"product_cat","embeddable":true,"href":"https:\/\/peach-pump.com\/pl\/wp-json\/wp\/v2\/product_cat?post=73705"},{"taxonomy":"product_tag","embeddable":true,"href":"https:\/\/peach-pump.com\/pl\/wp-json\/wp\/v2\/product_tag?post=73705"}],"curies":[{"name":"wp","href":"https:\/\/api.w.org\/{rel}","templated":true}]}}