{"id":63888,"date":"2023-12-13T18:11:44","date_gmt":"2023-12-13T16:11:44","guid":{"rendered":"https:\/\/peach-pump.com\/products\/%d0-8\/"},"modified":"2025-12-31T13:56:29","modified_gmt":"2025-12-31T11:56:29","slug":"fioletowa-zimowa-czapka","status":"publish","type":"product","link":"https:\/\/peach-pump.com\/pl\/products\/fioletowa-zimowa-czapka\/","title":{"rendered":"Fioletowa, zimowa czapka typu beanie"},"content":{"rendered":"<p>Fioletowa, zimowa czapka z kolekcji &#8220;Peach Pump&#8221; z odwr\u00f3conym rondem dla lepszej izolacji przed zimnem i sk\u00f3rzanym logo z przodu. Elastyczny, bardzo mi\u0119kki i przyjemny w dotyku materia\u0142. Czapka jest dost\u0119pna w r\u00f3\u017cnych kolorach. Model ten b\u0119dzie idealnym wyko\u0144czeniem stroju w ch\u0142odne dni.<\/p>\n<p>&nbsp;<\/p>\n","protected":false},"excerpt":{"rendered":"<p>Fioletowa, zimowa czapka z kolekcji &#8220;Peach Pump&#8221; z odwr\u00f3conym rondem dla lepszej izolacji przed zimnem i sk\u00f3rzanym logo z przodu. Elastyczny, bardzo mi\u0119kki i przyjemny w dotyku materia\u0142. Czapka jest dost\u0119pna w r\u00f3\u017cnych kolorach. Model ten b\u0119dzie idealnym wyko\u0144czeniem stroju w ch\u0142odne dni. &nbsp;<\/p>\n","protected":false},"featured_media":62622,"comment_status":"open","ping_status":"closed","template":"","meta":[],"product_brand":[],"product_cat":[861],"product_tag":[],"class_list":{"0":"post-63888","1":"product","2":"type-product","3":"status-publish","4":"has-post-thumbnail","6":"product_cat-akcesoria","7":"pa_razmer-one-size-pl","8":"inventories-world","9":"inventories-uk","11":"first","12":"instock","13":"taxable","14":"shipping-taxable","15":"purchasable","16":"product-type-variable"},"_links":{"self":[{"href":"https:\/\/peach-pump.com\/pl\/wp-json\/wp\/v2\/product\/63888","targetHints":{"allow":["GET"]}}],"collection":[{"href":"https:\/\/peach-pump.com\/pl\/wp-json\/wp\/v2\/product"}],"about":[{"href":"https:\/\/peach-pump.com\/pl\/wp-json\/wp\/v2\/types\/product"}],"replies":[{"embeddable":true,"href":"https:\/\/peach-pump.com\/pl\/wp-json\/wp\/v2\/comments?post=63888"}],"version-history":[{"count":0,"href":"https:\/\/peach-pump.com\/pl\/wp-json\/wp\/v2\/product\/63888\/revisions"}],"wp:featuredmedia":[{"embeddable":true,"href":"https:\/\/peach-pump.com\/pl\/wp-json\/wp\/v2\/media\/62622"}],"wp:attachment":[{"href":"https:\/\/peach-pump.com\/pl\/wp-json\/wp\/v2\/media?parent=63888"}],"wp:term":[{"taxonomy":"product_brand","embeddable":true,"href":"https:\/\/peach-pump.com\/pl\/wp-json\/wp\/v2\/product_brand?post=63888"},{"taxonomy":"product_cat","embeddable":true,"href":"https:\/\/peach-pump.com\/pl\/wp-json\/wp\/v2\/product_cat?post=63888"},{"taxonomy":"product_tag","embeddable":true,"href":"https:\/\/peach-pump.com\/pl\/wp-json\/wp\/v2\/product_tag?post=63888"}],"curies":[{"name":"wp","href":"https:\/\/api.w.org\/{rel}","templated":true}]}}