{"id":60590,"date":"2023-11-21T13:01:42","date_gmt":"2023-11-21T11:01:42","guid":{"rendered":"https:\/\/peach-pump.com\/products\/czarne-bezszwowe-legginsy-z-efektem-modelujacym\/"},"modified":"2026-04-06T23:00:41","modified_gmt":"2026-04-06T21:00:41","slug":"czarne-bezszwowe-legginsy-modelujace-sportowe-2","status":"publish","type":"product","link":"https:\/\/peach-pump.com\/pl\/products\/czarne-bezszwowe-legginsy-modelujace-sportowe-2\/","title":{"rendered":"Czarne bezszwowe legginsy z efektem modeluj\u0105cym"},"content":{"rendered":"<p>Czarne bezszwowe legginsy z efektem modeluj\u0105cym, najwy\u017csza klasa wykonania i jako\u015bci Model wykonany jest z innowacyjnego, bezszwowego materia\u0142u, posiada szeroki pas, kt\u00f3ry obejmuje i stabilizuje tali\u0119 podczas treningu. Nadaj\u0105 si\u0119 do treningu, fitnessu, biegania, jogi itd. Je\u015bli szukasz leggins\u00f3w modeluj\u0105cych, kt\u00f3re s\u0105 wygodne i komfortowe, to ten model jest w\u0142a\u015bnie dla Ciebie! Posiadaj\u0105 nasz ulubiony efekt Peach, tkany napis Peach Pump, wykonane s\u0105 z materia\u0142u oddychaj\u0105cego i idealnie modeluj\u0105 sylwetk\u0119. Mo\u017cna je po\u0142\u0105czy\u0107 ze stanikiem lub bluz\u0105, sprawd\u017a modele na naszej stronie.<\/p>\n<ul>\n<li>Wysoki stan<\/li>\n<li>Tkanina bez szw\u00f3w<\/li>\n<li>Podnosz\u0105, modeluj\u0105, ukrywaj\u0105 problematyczne obszary<\/li>\n<li>Pr\u0105\u017ckowany pas obejmuj\u0105cy talie<\/li>\n<li>Efekt Peachy<\/li>\n<li>Bez szwu z przodu<\/li>\n<li>Termicznie naklejone logo Peach Pump z ty\u0142u leggins\u00f3w<\/li>\n<li>Tkany napis &#8220;Peach Pump&#8221; na pasie<\/li>\n<li>Tkanina odprowadzaj\u0105ca wilgo\u0107 z cia\u0142a<\/li>\n<\/ul>\n<p>Sk\u0142ad: 80% poliester 20% elastan<\/p>\n<p>Legginsy mo\u017cna pra\u0107 w temperaturze do 30 stopni. Nie wybiela\u0107 i nie czy\u015bci\u0107 chemicznie.<\/p>\n<p>Model na zdj\u0119ciu ma 178 cm wzrostu, wa\u017cy 54 kg i prezentuje stanik w rozmiarze M.<\/p>\n<p>Aby wybra\u0107 dok\u0142adny rozmiar, skorzystaj z tabel rozmiarowych.<\/p>\n","protected":false},"excerpt":{"rendered":"<p>Czarne bezszwowe legginsy z efektem modeluj\u0105cym, najwy\u017csza klasa wykonania i jako\u015bci Model wykonany jest z innowacyjnego, bezszwowego materia\u0142u, posiada szeroki pas, kt\u00f3ry obejmuje i stabilizuje tali\u0119 podczas treningu. Nadaj\u0105 si\u0119 do treningu, fitnessu, biegania, jogi itd. Je\u015bli szukasz leggins\u00f3w modeluj\u0105cych, kt\u00f3re s\u0105 wygodne i komfortowe, to ten model jest w\u0142a\u015bnie dla Ciebie! Posiadaj\u0105 nasz ulubiony [&hellip;]<\/p>\n","protected":false},"featured_media":59216,"comment_status":"open","ping_status":"closed","template":"","meta":[],"product_brand":[],"product_cat":[144,307],"product_tag":[],"class_list":{"0":"post-60590","1":"product","2":"type-product","3":"status-publish","4":"has-post-thumbnail","6":"product_cat-legginsy-sportowe-damskie","7":"product_cat-legginsy-damskie-dlugie","8":"pa_cviat-czarny","9":"pa_razmer-l-pl","10":"pa_razmer-m-pl-2","11":"pa_razmer-s-pl-2","12":"pa_razmer-xl-pl","13":"inventories-world","14":"inventories-pl","15":"inventories-uk","17":"first","18":"instock","19":"taxable","20":"shipping-taxable","21":"purchasable","22":"product-type-variable"},"_links":{"self":[{"href":"https:\/\/peach-pump.com\/pl\/wp-json\/wp\/v2\/product\/60590","targetHints":{"allow":["GET"]}}],"collection":[{"href":"https:\/\/peach-pump.com\/pl\/wp-json\/wp\/v2\/product"}],"about":[{"href":"https:\/\/peach-pump.com\/pl\/wp-json\/wp\/v2\/types\/product"}],"replies":[{"embeddable":true,"href":"https:\/\/peach-pump.com\/pl\/wp-json\/wp\/v2\/comments?post=60590"}],"version-history":[{"count":1,"href":"https:\/\/peach-pump.com\/pl\/wp-json\/wp\/v2\/product\/60590\/revisions"}],"predecessor-version":[{"id":111395,"href":"https:\/\/peach-pump.com\/pl\/wp-json\/wp\/v2\/product\/60590\/revisions\/111395"}],"wp:featuredmedia":[{"embeddable":true,"href":"https:\/\/peach-pump.com\/pl\/wp-json\/wp\/v2\/media\/59216"}],"wp:attachment":[{"href":"https:\/\/peach-pump.com\/pl\/wp-json\/wp\/v2\/media?parent=60590"}],"wp:term":[{"taxonomy":"product_brand","embeddable":true,"href":"https:\/\/peach-pump.com\/pl\/wp-json\/wp\/v2\/product_brand?post=60590"},{"taxonomy":"product_cat","embeddable":true,"href":"https:\/\/peach-pump.com\/pl\/wp-json\/wp\/v2\/product_cat?post=60590"},{"taxonomy":"product_tag","embeddable":true,"href":"https:\/\/peach-pump.com\/pl\/wp-json\/wp\/v2\/product_tag?post=60590"}],"curies":[{"name":"wp","href":"https:\/\/api.w.org\/{rel}","templated":true}]}}