{"id":59836,"date":"2022-07-03T09:38:20","date_gmt":"2022-07-03T07:38:20","guid":{"rendered":"https:\/\/peach-pump.com\/products\/niebieskie-legginsy-bezszwowe-z-wysokim-stanem\/"},"modified":"2025-02-08T16:47:49","modified_gmt":"2025-02-08T14:47:49","slug":"bezszwowe-niebieskie-legginsy-wysoki-stan-fitness","status":"publish","type":"product","link":"https:\/\/peach-pump.com\/pl\/products\/bezszwowe-niebieskie-legginsy-wysoki-stan-fitness\/","title":{"rendered":"Niebieskie legginsy bezszwowe z wysokim stanem"},"content":{"rendered":"<p>Bezszwowe niebieskie legginsy z marmurowym efektem. Legginsy wykonane s\u0105 z niezwykle elastycznego, bezszwowego materia\u0142u, posiadaj\u0105 szeroki pas, kt\u00f3ry obejmuje i stabilizuje tali\u0119 podczas treningu. Nadaj\u0105 si\u0119 m.in. do treningu fitness, biegania, jogi itp. Je\u015bli szukasz wygodnych i dopasowanych leggins\u00f3w modeluj\u0105cych, to w\u0142a\u015bnie ten model. Posiadaj\u0105 nasz ulubiony efekt Peach, wykonane s\u0105 z oddychaj\u0105cego materia\u0142u i doskonale modeluj\u0105 sylwetk\u0119. Mo\u017cna je po\u0142\u0105czy\u0107 ze stanikiem w tym samym kolorze, sprawd\u017a zestawy na naszej stronie.<\/p>\n<ul>\n<li>Wysoki stan<\/li>\n<li>Tkanina bez szw\u00f3w<\/li>\n<li>Podnosz\u0105, modeluj\u0105, ukrywaj\u0105 problematyczne obszary<\/li>\n<li>Obejmuj\u0105cy tali\u0119 pr\u0105\u017ckowany pas<\/li>\n<li>Efekt Peachy<\/li>\n<li>Bez szwu z przodu<\/li>\n<li>Zgrzewane logo Peach Pump z ty\u0142u leggins\u00f3w<\/li>\n<li>Tkanina odprowadzaj\u0105ca pot<\/li>\n<\/ul>\n<p>Sk\u0142ad: 80% poliester 20% elastan<\/p>\n<p>Legginsy mo\u017cna pra\u0107 w temperaturze do 30 stopni. Nie wybiela\u0107. Nie czy\u015bci\u0107 chemicznie.<\/p>\n<p>Model na zdj\u0119ciu ma 178 cm wzrostu, wa\u017cy 54 kg i prezentuje legginsy w rozmiarze M.<\/p>\n<p>Aby wybra\u0107 dok\u0142adny rozmiar, skorzystaj z tabel rozmiarowych.<\/p>\n","protected":false},"excerpt":{"rendered":"<p>Bezszwowe niebieskie legginsy z marmurowym efektem. Legginsy wykonane s\u0105 z niezwykle elastycznego, bezszwowego materia\u0142u, posiadaj\u0105 szeroki pas, kt\u00f3ry obejmuje i stabilizuje tali\u0119 podczas treningu. Nadaj\u0105 si\u0119 m.in. do treningu fitness, biegania, jogi itp. Je\u015bli szukasz wygodnych i dopasowanych leggins\u00f3w modeluj\u0105cych, to w\u0142a\u015bnie ten model. Posiadaj\u0105 nasz ulubiony efekt Peach, wykonane s\u0105 z oddychaj\u0105cego materia\u0142u i [&hellip;]<\/p>\n","protected":false},"featured_media":14614,"comment_status":"open","ping_status":"closed","template":"","meta":[],"product_brand":[],"product_cat":[144,307],"product_tag":[],"class_list":{"0":"post-59836","1":"product","2":"type-product","3":"status-publish","4":"has-post-thumbnail","6":"product_cat-legginsy-sportowe-damskie","7":"product_cat-legginsy-damskie-dlugie","8":"pa_cviat-niebieski","9":"pa_razmer-m-pl-2","10":"pa_razmer-s-pl-2","11":"inventories-world","13":"first","14":"instock","15":"sale","16":"taxable","17":"shipping-taxable","18":"purchasable","19":"product-type-variable"},"_links":{"self":[{"href":"https:\/\/peach-pump.com\/en\/wp-json\/wp\/v2\/product\/59836","targetHints":{"allow":["GET"]}}],"collection":[{"href":"https:\/\/peach-pump.com\/en\/wp-json\/wp\/v2\/product"}],"about":[{"href":"https:\/\/peach-pump.com\/en\/wp-json\/wp\/v2\/types\/product"}],"replies":[{"embeddable":true,"href":"https:\/\/peach-pump.com\/en\/wp-json\/wp\/v2\/comments?post=59836"}],"version-history":[{"count":0,"href":"https:\/\/peach-pump.com\/en\/wp-json\/wp\/v2\/product\/59836\/revisions"}],"wp:featuredmedia":[{"embeddable":true,"href":"https:\/\/peach-pump.com\/en\/wp-json\/wp\/v2\/media\/14614"}],"wp:attachment":[{"href":"https:\/\/peach-pump.com\/en\/wp-json\/wp\/v2\/media?parent=59836"}],"wp:term":[{"taxonomy":"product_brand","embeddable":true,"href":"https:\/\/peach-pump.com\/en\/wp-json\/wp\/v2\/product_brand?post=59836"},{"taxonomy":"product_cat","embeddable":true,"href":"https:\/\/peach-pump.com\/en\/wp-json\/wp\/v2\/product_cat?post=59836"},{"taxonomy":"product_tag","embeddable":true,"href":"https:\/\/peach-pump.com\/en\/wp-json\/wp\/v2\/product_tag?post=59836"}],"curies":[{"name":"wp","href":"https:\/\/api.w.org\/{rel}","templated":true}]}}