{"id":59425,"date":"2022-07-06T19:42:07","date_gmt":"2022-07-06T19:42:07","guid":{"rendered":"https:\/\/peach-pump.com\/products\/niebieskie-bezszwowe-legginsy-z-efektem-modelujacym-i-rozcieciami-wzdluz-nogawki\/"},"modified":"2025-11-09T15:53:29","modified_gmt":"2025-11-09T13:53:29","slug":"legginsy-rozciecia-modelujacy-efekt-niebieskie","status":"publish","type":"product","link":"https:\/\/peach-pump.com\/pl\/products\/legginsy-rozciecia-modelujacy-efekt-niebieskie\/","title":{"rendered":"Niebieskie bezszwowe legginsy z efektem modeluj\u0105cym i rozci\u0119ciami wzd\u0142u\u017c nogawki"},"content":{"rendered":"<p>Niebieskie legginsy bezszwowe, kt\u00f3re doskonale modeluj\u0105 sylwetk\u0119. Legginsy wykonane s\u0105 z materia\u0142u oddychaj\u0105cego, posiadaj\u0105 wyci\u0119te elementy wzd\u0142u\u017c po obu stronach, szeroki pr\u0105\u017ckowany pas i efekt Peach Pump. W legginsach tych poczujesz si\u0119 pewnie i seksownie. Klin jest wykonany z cia\u015bniejszego materia\u0142u.  <\/p>\n<ul>\n<li>Wysoki stan<\/li>\n<li>Tkanina bez szw\u00f3w<\/li>\n<li>Podnosz\u0105, modeluj\u0105, ukrywaj\u0105 problematyczne obszary<\/li>\n<li>Pr\u0105\u017ckowany pas obejmuj\u0105cy talie<\/li>\n<li>Efekt Peachy<\/li>\n<li>Bez szwu z przodu<\/li>\n<li>Zgrzewane logo Peach Pump z ty\u0142u leggins\u00f3w<\/li>\n<li>Tkanina odprowadzaj\u0105ca pot<\/li>\n<\/ul>\n<p>  Sk\u0142ad: 80% poliester 20% spandex Klin mo\u017cna pra\u0107 w temperaturze do 30 stopni, nie wybiela\u0107 i nie czy\u015bci\u0107 chemicznie. Model na zdj\u0119ciu ma 178 cm wzrostu, wa\u017cy 54 kg i prezentuje legginsy w rozmiarze M (legginsy wykonane s\u0105 z materia\u0142u bardziej obcis\u0142ego). Aby wybra\u0107 dok\u0142adny rozmiar, skorzystaj z tabel rozmiarowych.<\/p>\n","protected":false},"excerpt":{"rendered":"<p>Niebieskie legginsy bezszwowe, kt\u00f3re doskonale modeluj\u0105 sylwetk\u0119. Legginsy wykonane s\u0105 z materia\u0142u oddychaj\u0105cego, posiadaj\u0105 wyci\u0119te elementy wzd\u0142u\u017c po obu stronach, szeroki pr\u0105\u017ckowany pas i efekt Peach Pump. W legginsach tych poczujesz si\u0119 pewnie i seksownie. Klin jest wykonany z cia\u015bniejszego materia\u0142u. Wysoki stan Tkanina bez szw\u00f3w Podnosz\u0105, modeluj\u0105, ukrywaj\u0105 problematyczne obszary Pr\u0105\u017ckowany pas obejmuj\u0105cy talie [&hellip;]<\/p>\n","protected":false},"featured_media":38222,"comment_status":"open","ping_status":"closed","template":"","meta":[],"product_brand":[],"product_cat":[144,307],"product_tag":[],"class_list":{"0":"post-59425","1":"product","2":"type-product","3":"status-publish","4":"has-post-thumbnail","6":"product_cat-legginsy-sportowe-damskie","7":"product_cat-legginsy-damskie-dlugie","8":"pa_cviat-niebieski","9":"pa_razmer-l-pl","10":"pa_razmer-m-pl-2","11":"pa_razmer-s-pl-2","12":"inventories-world","14":"first","15":"instock","16":"sale","17":"taxable","18":"shipping-taxable","19":"purchasable","20":"product-type-variable"},"_links":{"self":[{"href":"https:\/\/peach-pump.com\/en\/wp-json\/wp\/v2\/product\/59425","targetHints":{"allow":["GET"]}}],"collection":[{"href":"https:\/\/peach-pump.com\/en\/wp-json\/wp\/v2\/product"}],"about":[{"href":"https:\/\/peach-pump.com\/en\/wp-json\/wp\/v2\/types\/product"}],"replies":[{"embeddable":true,"href":"https:\/\/peach-pump.com\/en\/wp-json\/wp\/v2\/comments?post=59425"}],"version-history":[{"count":0,"href":"https:\/\/peach-pump.com\/en\/wp-json\/wp\/v2\/product\/59425\/revisions"}],"wp:featuredmedia":[{"embeddable":true,"href":"https:\/\/peach-pump.com\/en\/wp-json\/wp\/v2\/media\/38222"}],"wp:attachment":[{"href":"https:\/\/peach-pump.com\/en\/wp-json\/wp\/v2\/media?parent=59425"}],"wp:term":[{"taxonomy":"product_brand","embeddable":true,"href":"https:\/\/peach-pump.com\/en\/wp-json\/wp\/v2\/product_brand?post=59425"},{"taxonomy":"product_cat","embeddable":true,"href":"https:\/\/peach-pump.com\/en\/wp-json\/wp\/v2\/product_cat?post=59425"},{"taxonomy":"product_tag","embeddable":true,"href":"https:\/\/peach-pump.com\/en\/wp-json\/wp\/v2\/product_tag?post=59425"}],"curies":[{"name":"wp","href":"https:\/\/api.w.org\/{rel}","templated":true}]}}